{"id":92,"date":"2018-04-23T07:26:18","date_gmt":"2018-04-23T07:26:18","guid":{"rendered":"http:\/\/negba.org\/negba2018\/?page_id=92"},"modified":"2021-10-12T10:58:14","modified_gmt":"2021-10-12T07:58:14","slug":"service-civil-a-negba","status":"publish","type":"page","link":"https:\/\/negba.org\/negba2018\/fr\/benevolat\/service-civil-a-negba\/","title":{"rendered":"Service civil \u00e0 Negba"},"content":{"rendered":"\n<p>Une vingtaine de jeunes filles en service civil (Bnot Sherout Leumi) servent chaque ann\u00e9e au sein de Negba en tant qu&rsquo;animatrice. Durant leurs quotidien avec les enfants elles sont encadr\u00e9es par un coordinateur, une intendante et un assistant social. Ces jeunes filles souvent issus de mouvements de jeunesse profitent d&rsquo;une formation approfondie avant le d\u00e9but de leur service et durant toute la dur\u00e9e de celui-ci.<\/p>\n\n\n\n<p>La matin\u00e9e de ces jeunes filles est consacr\u00e9 \u00e0 la pr\u00e9paration d&rsquo;activit\u00e9 pour les enfants. Elles accueillent ensuite les enfants des la sortie de l&rsquo;\u00e9cole \u00e0 14 heure et d\u00e9jeunent avec eux. Le repas est suivi du temps d&rsquo;\u00e9tude au sein de notre <a href=\"https:\/\/negba.org\/negba2018\/fr\/activites\/centre-educatif\/\">Centre \u00c9ducatif.<\/a> Apres une courte pause elles proposent aux enfants diff\u00e9rents ateliers et activit\u00e9s autours de th\u00e8mes vari\u00e9s : artistiques, cuisine, science, g\u00e9ographie, soci\u00e9t\u00e9. En fin de journ\u00e9e chaque jeune fille consacre un temps particulier \u00e0 un enfants du groupe \u00e0 tour de r\u00f4le.<\/p>\n\n\n\n<p>En plus de ces activit\u00e9s \u00ab\u00a0habituelles\u00a0\u00bb les filles en services civil pr\u00e9parent et animent diff\u00e9rentes activit\u00e9s \u00ab\u00a0exceptionnelles\u00a0\u00bb : Shabbats plein, grands jeux, excursions, spectacles&#8230;<\/p>\n\n\n\n<p>Tout ceci rend le service au sein de Negba motivant, int\u00e9ressant, et plein de signification tant pour ces jeunes filles que pour les enfants de Negba.<\/p>\n\n\n\n<p class=\"has-very-light-gray-background-color has-background\">Si toi aussi tu souhaites faire ton Sherout Leumi au sein de Negba, n\u2019h\u00e9sites pas \u00e0 envoyer un mail \u00e0 <a href=\"mailto:info@negba.org\">info@negba.org<\/a> pour toutes questions.<\/p>\n","protected":false},"excerpt":{"rendered":"<p>Une vingtaine de jeunes filles en service civil (Bnot Sherout Leumi) servent chaque ann\u00e9e au sein de Negba en tant qu&rsquo;animatrice. Durant leurs quotidien avec les enfants elles sont encadr\u00e9es par un coordinateur, une intendante et un assistant social. Ces jeunes filles souvent issus de mouvements de jeunesse profitent d&rsquo;une&hellip; <\/p>\n","protected":false},"author":1,"featured_media":4364,"parent":86,"menu_order":1,"comment_status":"open","ping_status":"closed","template":"","meta":{"footnotes":""},"class_list":["post-92","page","type-page","status-publish","has-post-thumbnail","hentry"],"jetpack_shortlink":"https:\/\/wp.me\/P9TfAG-1u","jetpack_sharing_enabled":true,"jetpack_likes_enabled":true,"_links":{"self":[{"href":"https:\/\/negba.org\/negba2018\/wp-json\/wp\/v2\/pages\/92","targetHints":{"allow":["GET"]}}],"collection":[{"href":"https:\/\/negba.org\/negba2018\/wp-json\/wp\/v2\/pages"}],"about":[{"href":"https:\/\/negba.org\/negba2018\/wp-json\/wp\/v2\/types\/page"}],"author":[{"embeddable":true,"href":"https:\/\/negba.org\/negba2018\/wp-json\/wp\/v2\/users\/1"}],"replies":[{"embeddable":true,"href":"https:\/\/negba.org\/negba2018\/wp-json\/wp\/v2\/comments?post=92"}],"version-history":[{"count":6,"href":"https:\/\/negba.org\/negba2018\/wp-json\/wp\/v2\/pages\/92\/revisions"}],"predecessor-version":[{"id":3868,"href":"https:\/\/negba.org\/negba2018\/wp-json\/wp\/v2\/pages\/92\/revisions\/3868"}],"up":[{"embeddable":true,"href":"https:\/\/negba.org\/negba2018\/wp-json\/wp\/v2\/pages\/86"}],"wp:featuredmedia":[{"embeddable":true,"href":"https:\/\/negba.org\/negba2018\/wp-json\/wp\/v2\/media\/4364"}],"wp:attachment":[{"href":"https:\/\/negba.org\/negba2018\/wp-json\/wp\/v2\/media?parent=92"}],"curies":[{"name":"wp","href":"https:\/\/api.w.org\/{rel}","templated":true}]}}