{"id":86,"date":"2018-04-23T07:21:15","date_gmt":"2018-04-23T07:21:15","guid":{"rendered":"http:\/\/negba.org\/negba2018\/?page_id=86"},"modified":"2019-05-21T10:42:13","modified_gmt":"2019-05-21T07:42:13","slug":"benevolat","status":"publish","type":"page","link":"https:\/\/negba.org\/negba2018\/fr\/benevolat\/","title":{"rendered":"B\u00e9n\u00e9volat"},"content":{"rendered":"\n<p><strong>Vous visitez Isra\u00ebl ? Portez-vous volontaire \u00e0 Negba !<\/strong><\/p>\n\n\n\n<p>Vous visitez Isra\u00ebl, seul(e), en famille ou avec des amis, vous organisez un voyage de groupe pour votre \u00e9cole ou votre communaut\u00e9, Negba sera heureuse de vous accueillir pour une p\u00e9riode de volontariat.<\/p>\n\n\n\n<table class=\"wp-block-table\"><tbody><tr><td><strong>O\u00f9 ?<\/strong><\/td><td>\u00c0 Beer-Sheva ou \u00e0 J\u00e9rusalem<\/td><\/tr><tr><td><strong>Quand ?<\/strong><\/td><td>De Septembre \u00e0 Juillet sauf p\u00e9riodes de vacances scolaire en Isra\u00ebl<\/td><\/tr><tr><td><strong>Pour quelle dur\u00e9e ?<\/strong><\/td><td>De 1 \u00e0 3 heures par jour, pour une dur\u00e9e de 1 semaine \u00e0 dix mois ou ponctuellement.<\/td><\/tr><tr><td><strong>Comment nous aider ?<\/strong><\/td><td>&#8211; Cuisiner, servir et d\u00e9jeuner avec nos enfants, d\u00e9barrasser et faire la vaisselle avec eux<br>&#8211; Aider aux devoirs scolaires dans diff\u00e9rentes mati\u00e8res :\n<p>&nbsp;<\/p>\n<ul>\n<li>Calcul et math\u00e9matiques (programme informatis\u00e9)<\/li>\n<li>Anglais de base<\/li>\n<li>Aide \u00e0 la lecture (en h\u00e9breu)<\/li>\n<li>D\u00e9veloppement de la ma\u00eetrise de l\u2019informatique<\/li>\n<\/ul>\n<p>&#8211; Jouer \u00e0 des jeux de soci\u00e9t\u00e9 et des jeux \u00e9ducatifs<br>&#8211; Participer aux activit\u00e9s manuelles et artistiques<br>&#8211; Enseigner un sport<br>&#8211; Jouer de la musique ou apprendre les rudiments d\u2019un instrument<br>&#8211; Jardiner avec les enfants<br>&#8211; Aider \u00e0 repeindre ou r\u00e9nover les b\u00e2timents de Negba ou agr\u00e9menter les espaces communs<\/p>\n<\/td><\/tr><\/tbody><\/table>\n\n\n\n<p class=\"has-background has-very-light-gray-background-color\">N\u2019h\u00e9sitez pas \u00e0 contacter Ary (<a href=\"mailto:info@negba.org\">info@negba.org<\/a>) pour planifier au mieux votre prochain s\u00e9jour parmi nous.<\/p>\n","protected":false},"excerpt":{"rendered":"<p>Vous visitez Isra\u00ebl ? Portez-vous volontaire \u00e0 Negba ! Vous visitez Isra\u00ebl, seul(e), en famille ou avec des amis, vous organisez un voyage de groupe pour votre \u00e9cole ou votre communaut\u00e9, Negba sera heureuse de vous accueillir pour une p\u00e9riode de volontariat. O\u00f9 ? \u00c0 Beer-Sheva ou \u00e0 J\u00e9rusalem Quand&hellip; <\/p>\n","protected":false},"author":1,"featured_media":1650,"parent":0,"menu_order":4,"comment_status":"open","ping_status":"closed","template":"","meta":{"footnotes":""},"class_list":["post-86","page","type-page","status-publish","has-post-thumbnail","hentry"],"jetpack_shortlink":"https:\/\/wp.me\/P9TfAG-1o","jetpack_sharing_enabled":true,"jetpack_likes_enabled":true,"_links":{"self":[{"href":"https:\/\/negba.org\/negba2018\/wp-json\/wp\/v2\/pages\/86","targetHints":{"allow":["GET"]}}],"collection":[{"href":"https:\/\/negba.org\/negba2018\/wp-json\/wp\/v2\/pages"}],"about":[{"href":"https:\/\/negba.org\/negba2018\/wp-json\/wp\/v2\/types\/page"}],"author":[{"embeddable":true,"href":"https:\/\/negba.org\/negba2018\/wp-json\/wp\/v2\/users\/1"}],"replies":[{"embeddable":true,"href":"https:\/\/negba.org\/negba2018\/wp-json\/wp\/v2\/comments?post=86"}],"version-history":[{"count":5,"href":"https:\/\/negba.org\/negba2018\/wp-json\/wp\/v2\/pages\/86\/revisions"}],"predecessor-version":[{"id":2817,"href":"https:\/\/negba.org\/negba2018\/wp-json\/wp\/v2\/pages\/86\/revisions\/2817"}],"wp:featuredmedia":[{"embeddable":true,"href":"https:\/\/negba.org\/negba2018\/wp-json\/wp\/v2\/media\/1650"}],"wp:attachment":[{"href":"https:\/\/negba.org\/negba2018\/wp-json\/wp\/v2\/media?parent=86"}],"curies":[{"name":"wp","href":"https:\/\/api.w.org\/{rel}","templated":true}]}}