{"id":80,"date":"2018-04-23T07:19:06","date_gmt":"2018-04-23T07:19:06","guid":{"rendered":"http:\/\/negba.org\/negba2018\/?page_id=80"},"modified":"2021-01-21T12:23:10","modified_gmt":"2021-01-21T09:23:10","slug":"club-des-adolescents","status":"publish","type":"page","link":"https:\/\/negba.org\/negba2018\/fr\/activites\/club-des-adolescents\/","title":{"rendered":"Les Clubs des adolescents Jacqueline &#038; Jacques L\u00e9vy-Willard"},"content":{"rendered":"\n<p>Suite directe des Maisons de l\u2019Esp\u00e9rance, le Club accueille les ados de 12 \u00e0 18 ans et propose des activit\u00e9s sp\u00e9cialement con\u00e7ues\u00a0: soutien scolaire au sein de notre <a href=\"https:\/\/negba.org\/negba2018\/fr\/activites\/centre-educatif\/\" data-type=\"page\" data-id=\"78\">Centre \u00c9ducatif<\/a>, activit\u00e9s de groupe, enrichissement culturel et artistique et b\u00e9n\u00e9volat communautaire.<\/p>\n\n\n\n<!--more-->\n\n\n\n<div class=\"wp-block-image\"><figure class=\"alignright\"><img loading=\"lazy\" decoding=\"async\" width=\"300\" height=\"200\" src=\"https:\/\/negba.org\/negba2018\/wp-content\/uploads\/2018\/05\/ados4-300x200.jpg\" alt=\"\" class=\"wp-image-718\" srcset=\"https:\/\/negba.org\/negba2018\/wp-content\/uploads\/2018\/05\/ados4-300x200.jpg 300w, https:\/\/negba.org\/negba2018\/wp-content\/uploads\/2018\/05\/ados4-768x512.jpg 768w, https:\/\/negba.org\/negba2018\/wp-content\/uploads\/2018\/05\/ados4.jpg 1024w\" sizes=\"auto, (max-width: 300px) 100vw, 300px\" \/><\/figure><\/div>\n\n\n\n<p>L\u2019adolescence est un \u00e2ge critique o\u00f9 les dangers de la rue dans certains quartiers sont encore plus mena\u00e7ants. Nombreux sont les ados qui quittent l\u2019\u00e9cole et tombent dans la d\u00e9linquance. Pourtant les structures publiques pour eux sont rares. C\u2019est pourquoi Negba continue d\u2019accueillir les jeunes jusqu\u2019\u00e0 la fin du lyc\u00e9e.<\/p>\n\n\n\n<p>Le Club est ouvert les apr\u00e8s-midis du dimanche au jeudi. Il propose des activit\u00e9s de groupe 4 fois par semaine pour les coll\u00e9giens et 3 fois par semaine pour les lyc\u00e9ens. Des plus des activit\u00e9s individuelles sont propos\u00e9es chaque semaine.<\/p>\n\n\n\n<div class=\"wp-block-image\"><figure class=\"alignleft\"><img loading=\"lazy\" decoding=\"async\" width=\"300\" height=\"200\" src=\"https:\/\/negba.org\/negba2018\/wp-content\/uploads\/2018\/05\/ados3-300x200.jpg\" alt=\"\" class=\"wp-image-717\" srcset=\"https:\/\/negba.org\/negba2018\/wp-content\/uploads\/2018\/05\/ados3-300x200.jpg 300w, https:\/\/negba.org\/negba2018\/wp-content\/uploads\/2018\/05\/ados3-768x512.jpg 768w, https:\/\/negba.org\/negba2018\/wp-content\/uploads\/2018\/05\/ados3.jpg 1024w\" sizes=\"auto, (max-width: 300px) 100vw, 300px\" \/><\/figure><\/div>\n\n\n\n<p>Les activit\u00e9s ont pour but de d\u00e9velopper les capacit\u00e9s des adolescents dans diff\u00e9rents domaines&nbsp;: comp\u00e9tences personnelles, capacit\u00e9 \u00e0 se sortir des difficult\u00e9s, confiance et estime de soi, am\u00e9lioration du niveau scolaire, orientation pour la suite (service civil ou militaire, \u00e9tudes universitaires\u2026).<\/p>\n\n\n\n<p>Les activit\u00e9s propos\u00e9es comprennent entre autres&nbsp;:<\/p>\n\n\n\n<ul class=\"wp-block-list\"><li>Soutien scolaire individualis\u00e9 au sein de notre Centre \u00c9ducatif<\/li><li>Jeux et activit\u00e9s de groupe<\/li><li>Ateliers artistiques et sportifs<\/li><li>Participation \u00e0 une chorale<\/li><li>B\u00e9n\u00e9volat communautaire<\/li><li>Ateliers de sensibilisation aux changements induits par la pubert\u00e9<\/li><li>Conversations personnelles avec les animateurs<\/li><li>Activit\u00e9s communes avec les parents.<\/li><\/ul>\n\n\n\n<p><strong>Le Club peut accueillir jusqu&rsquo;a 50 adolescents<\/strong><\/p>\n\n\n\n<figure class=\"wp-block-embed is-type-video is-provider-youtube wp-block-embed-youtube wp-embed-aspect-16-9 wp-has-aspect-ratio\"><div class=\"wp-block-embed__wrapper\">\n<span class=\"embed-youtube\" style=\"text-align:center; display: block;\"><iframe loading=\"lazy\" class=\"youtube-player\" width=\"790\" height=\"445\" src=\"https:\/\/www.youtube.com\/embed\/oxf5Os6W_t4?version=3&#038;rel=1&#038;showsearch=0&#038;showinfo=1&#038;iv_load_policy=1&#038;fs=1&#038;hl=fr-FR&#038;autohide=2&#038;wmode=transparent\" allowfullscreen=\"true\" style=\"border:0;\" sandbox=\"allow-scripts allow-same-origin allow-popups allow-presentation allow-popups-to-escape-sandbox\"><\/iframe><\/span>\n<\/div><figcaption><em>Tahir et Adir, deux adolescents du club dans leur premier clip enregistr\u00e9 ensemble dans le cadre de l&rsquo;atelier de d\u00e9veloppement musical.<\/em><\/figcaption><\/figure>\n","protected":false},"excerpt":{"rendered":"<p>Suite directe des Maisons de l\u2019Esp\u00e9rance, le Club accueille les ados de 12 \u00e0 18 ans et propose des activit\u00e9s sp\u00e9cialement con\u00e7ues\u00a0: soutien scolaire au sein de notre Centre \u00c9ducatif, activit\u00e9s de groupe, enrichissement culturel et artistique et b\u00e9n\u00e9volat communautaire.<\/p>\n","protected":false},"author":1,"featured_media":2626,"parent":68,"menu_order":2,"comment_status":"closed","ping_status":"closed","template":"","meta":{"footnotes":""},"class_list":["post-80","page","type-page","status-publish","has-post-thumbnail","hentry"],"jetpack_shortlink":"https:\/\/wp.me\/P9TfAG-1i","jetpack_sharing_enabled":true,"jetpack_likes_enabled":true,"_links":{"self":[{"href":"https:\/\/negba.org\/negba2018\/wp-json\/wp\/v2\/pages\/80","targetHints":{"allow":["GET"]}}],"collection":[{"href":"https:\/\/negba.org\/negba2018\/wp-json\/wp\/v2\/pages"}],"about":[{"href":"https:\/\/negba.org\/negba2018\/wp-json\/wp\/v2\/types\/page"}],"author":[{"embeddable":true,"href":"https:\/\/negba.org\/negba2018\/wp-json\/wp\/v2\/users\/1"}],"replies":[{"embeddable":true,"href":"https:\/\/negba.org\/negba2018\/wp-json\/wp\/v2\/comments?post=80"}],"version-history":[{"count":16,"href":"https:\/\/negba.org\/negba2018\/wp-json\/wp\/v2\/pages\/80\/revisions"}],"predecessor-version":[{"id":3773,"href":"https:\/\/negba.org\/negba2018\/wp-json\/wp\/v2\/pages\/80\/revisions\/3773"}],"up":[{"embeddable":true,"href":"https:\/\/negba.org\/negba2018\/wp-json\/wp\/v2\/pages\/68"}],"wp:featuredmedia":[{"embeddable":true,"href":"https:\/\/negba.org\/negba2018\/wp-json\/wp\/v2\/media\/2626"}],"wp:attachment":[{"href":"https:\/\/negba.org\/negba2018\/wp-json\/wp\/v2\/media?parent=80"}],"curies":[{"name":"wp","href":"https:\/\/api.w.org\/{rel}","templated":true}]}}