{"id":7800,"date":"2025-11-11T17:17:03","date_gmt":"2025-11-11T14:17:03","guid":{"rendered":"https:\/\/negba.org\/negba2018\/?page_id=7800"},"modified":"2025-11-12T15:18:55","modified_gmt":"2025-11-12T12:18:55","slug":"lassociation-negba-fete-ses-20-ans","status":"publish","type":"page","link":"https:\/\/negba.org\/negba2018\/fr\/lassociation-negba-fete-ses-20-ans\/","title":{"rendered":"L&rsquo;association Negba f\u00eate ses 20 ans !"},"content":{"rendered":"\n<p>L\u2019ann\u00e9e scolaire 2025\u20132026 est une ann\u00e9e exceptionnelle ! Negba c\u00e9l\u00e8bre 20 ans d\u2019actions, d\u2019accompagnement et d\u2019\u00e9ducation.<\/p>\n\n\n\n<p>C\u2019est l\u2019occasion de revenir sur les moments cl\u00e9s qui ont fa\u00e7onn\u00e9 Negba et font d\u2019elle ce qu\u2019elle est aujourd\u2019hui.<\/p>\n\n\n\n<p>Au cours de ces deux derni\u00e8res d\u00e9cennies, l\u2019association a accueilli environ 1\u202f400 enfants et adolescents \u00e0 Beer-Sheva et \u00e0 J\u00e9rusalem, leur offrant un cadre chaleureux, un soutien constant et la possibilit\u00e9 de s\u2019\u00e9panouir.<\/p>\n\n\n\n<p><\/p>\n\n\n\n<hr class=\"wp-block-separator has-text-color has-alpha-channel-opacity has-background\" style=\"background-color:#789ec9;color:#789ec9\"\/>\n\n\n\n<div class=\"wp-block-cp-timeline-content-timeline Cool-Content-Timeline\"><div class=\"cool-timeline-block-bf6c59d7-2ebb-4531-94c9-c78df78b638f\"><style>.cool-timeline-block-bf6c59d7-2ebb-4531-94c9-c78df78b638f .cool-vertical-timeline-body{--ctlb-icon-color: #789ec9;--ctlb-date-fontsize: 21px;--ctlb-date-color: #ed2790;--ctlb-head-font-size: 21px;--ctlb-heading-color: #ed2790;--ctlb-line-color: #789ec9;--ctlb-icon-bg: #789ec9;--ctlb-story-border-color: #789ec9;}<\/style><div class=\"cool-vertical-timeline-body ctlb-wrapper both-sided left\"><div class=\"cool-timeline-block-list\">\n<div class=\"wp-block-cp-timeline-content-timeline-child swiper-slide\"><div class=\"timeline-content icon-false \"><div class=\"timeline-block-timeline ctl-row  position-right\"><div class=\"ctl-6 timeline-block-time\"><div class=\"story-time\"><p>1er septembre 2006<\/p><\/div><\/div><div class=\"timeline-block-icon\"><svg stroke=\"currentColor\" fill=\"currentColor\" stroke-width=\"0\" viewBox=\"0 0 512 512\" height=\"1em\" width=\"1em\" xmlns=\"http:\/\/www.w3.org\/2000\/svg\"><path d=\"M256 8C119 8 8 119 8 256s111 248 248 248 248-111 248-248S393 8 256 8z\"><\/path><\/svg><\/div><div class=\"ctl-6 timeline-block-detail\"><div class=\"story-details\"><div class=\"story-content\">\n<figure class=\"wp-block-image size-large ctlb-block-image\"><img loading=\"lazy\" decoding=\"async\" width=\"1024\" height=\"768\" src=\"https:\/\/negba.org\/negba2018\/wp-content\/uploads\/2025\/11\/\u05d4\u05e7\u05de\u05d4-1024x768.jpg\" alt=\"\" class=\"wp-image-7802\" style=\"aspect-ratio:4\/3;object-fit:cover\" srcset=\"https:\/\/negba.org\/negba2018\/wp-content\/uploads\/2025\/11\/\u05d4\u05e7\u05de\u05d4-1024x768.jpg 1024w, https:\/\/negba.org\/negba2018\/wp-content\/uploads\/2025\/11\/\u05d4\u05e7\u05de\u05d4-300x225.jpg 300w, https:\/\/negba.org\/negba2018\/wp-content\/uploads\/2025\/11\/\u05d4\u05e7\u05de\u05d4-768x576.jpg 768w, https:\/\/negba.org\/negba2018\/wp-content\/uploads\/2025\/11\/\u05d4\u05e7\u05de\u05d4-1536x1152.jpg 1536w, https:\/\/negba.org\/negba2018\/wp-content\/uploads\/2025\/11\/\u05d4\u05e7\u05de\u05d4-2048x1536.jpg 2048w\" sizes=\"auto, (max-width: 1024px) 100vw, 1024px\" \/><\/figure>\n\n\n\n<h3 class=\"wp-block-heading ctlb-block-title\" style=\"padding-top:0px;padding-right:0px;padding-bottom:0px;padding-left:0px\">Cr\u00e9ation de l\u2019Association Negba<\/h3>\n\n\n\n<p class=\"ctlb-block-desc\" style=\"padding-top:0px;padding-right:0px;padding-bottom:0px;padding-left:0px\">Ouverture des trois premi\u00e8res Maisons pour les enfants du primaire \u00e0 Beer-Sheva, en collaboration avec les organisations Les Cigognes et Beit Moriah.<br>Fondateurs : Claude Kadouch z\u201dl, Claude Meyer z\u201dl et Jean Bisseliches.<\/p>\n\n\n\n<p class=\"ctlb-block-desc\" style=\"padding-top:0px;padding-right:0px;padding-bottom:0px;padding-left:0px\"><\/p>\n<\/div><\/div><\/div><\/div><\/div><\/div>\n\n\n\n<div class=\"wp-block-cp-timeline-content-timeline-child swiper-slide\"><div class=\"timeline-content icon-false \"><div class=\"timeline-block-timeline ctl-row  position-left\"><div class=\"ctl-6 timeline-block-time\"><div class=\"story-time\"><p>1er septembre 2010<\/p><\/div><\/div><div class=\"timeline-block-icon\"><svg stroke=\"currentColor\" fill=\"currentColor\" stroke-width=\"0\" viewBox=\"0 0 512 512\" height=\"1em\" width=\"1em\" xmlns=\"http:\/\/www.w3.org\/2000\/svg\"><path d=\"M256 8C119 8 8 119 8 256s111 248 248 248 248-111 248-248S393 8 256 8z\"><\/path><\/svg><\/div><div class=\"ctl-6 timeline-block-detail\"><div class=\"story-details\"><div class=\"story-content\">\n<figure class=\"wp-block-image size-large ctlb-block-image\"><img loading=\"lazy\" decoding=\"async\" width=\"1024\" height=\"768\" src=\"https:\/\/negba.org\/negba2018\/wp-content\/uploads\/2025\/11\/IMG_5998-1024x768.jpg\" alt=\"\" class=\"wp-image-7803\" style=\"aspect-ratio:4\/3;object-fit:cover\" srcset=\"https:\/\/negba.org\/negba2018\/wp-content\/uploads\/2025\/11\/IMG_5998-1024x768.jpg 1024w, https:\/\/negba.org\/negba2018\/wp-content\/uploads\/2025\/11\/IMG_5998-300x225.jpg 300w, https:\/\/negba.org\/negba2018\/wp-content\/uploads\/2025\/11\/IMG_5998-768x576.jpg 768w, https:\/\/negba.org\/negba2018\/wp-content\/uploads\/2025\/11\/IMG_5998-1536x1152.jpg 1536w, https:\/\/negba.org\/negba2018\/wp-content\/uploads\/2025\/11\/IMG_5998.jpg 2048w\" sizes=\"auto, (max-width: 1024px) 100vw, 1024px\" \/><\/figure>\n\n\n\n<h3 class=\"wp-block-heading ctlb-block-title\" style=\"padding-top:0px;padding-right:0px;padding-bottom:0px;padding-left:0px\">Ouverture du premier Club pour adolescents<\/h3>\n\n\n\n<p class=\"ctlb-block-desc\" style=\"padding-top:0px;padding-right:0px;padding-bottom:0px;padding-left:0px\">Apr\u00e8s quatre ann\u00e9es d\u2019activit\u00e9, et en r\u00e9ponse aux demandes des enfants ainsi qu\u2019au manque de structures adapt\u00e9es pour les 12\u201318 ans, Negba ouvre son premier Club pour adolescents \u00e0 Beer-Sheva.<\/p>\n\n\n\n<p class=\"ctlb-block-desc\" style=\"padding-top:0px;padding-right:0px;padding-bottom:0px;padding-left:0px\"><\/p>\n<\/div><\/div><\/div><\/div><\/div><\/div>\n\n\n\n<div class=\"wp-block-cp-timeline-content-timeline-child swiper-slide\"><div class=\"timeline-content icon-false \"><div class=\"timeline-block-timeline ctl-row  position-right\"><div class=\"ctl-6 timeline-block-time\"><div class=\"story-time\"><p>25 d\u00e9cembre 2011<\/p><\/div><\/div><div class=\"timeline-block-icon\"><svg stroke=\"currentColor\" fill=\"currentColor\" stroke-width=\"0\" viewBox=\"0 0 512 512\" height=\"1em\" width=\"1em\" xmlns=\"http:\/\/www.w3.org\/2000\/svg\"><path d=\"M256 8C119 8 8 119 8 256s111 248 248 248 248-111 248-248S393 8 256 8z\"><\/path><\/svg><\/div><div class=\"ctl-6 timeline-block-detail\"><div class=\"story-details\"><div class=\"story-content\">\n<figure class=\"wp-block-image size-full ctlb-block-image\"><img loading=\"lazy\" decoding=\"async\" width=\"520\" height=\"390\" src=\"https:\/\/negba.org\/negba2018\/wp-content\/uploads\/2025\/11\/\u05d9\u05e8\u05d5\u05e9\u05dc\u05d9\u05dd-1.jpg\" alt=\"\" class=\"wp-image-7804\" style=\"aspect-ratio:4\/3;object-fit:cover\" srcset=\"https:\/\/negba.org\/negba2018\/wp-content\/uploads\/2025\/11\/\u05d9\u05e8\u05d5\u05e9\u05dc\u05d9\u05dd-1.jpg 520w, https:\/\/negba.org\/negba2018\/wp-content\/uploads\/2025\/11\/\u05d9\u05e8\u05d5\u05e9\u05dc\u05d9\u05dd-1-300x225.jpg 300w\" sizes=\"auto, (max-width: 520px) 100vw, 520px\" \/><\/figure>\n\n\n\n<h3 class=\"wp-block-heading ctlb-block-title\" style=\"padding-top:0px;padding-right:0px;padding-bottom:0px;padding-left:0px\">Premi\u00e8re Maison \u00e0 J\u00e9rusalem<\/h3>\n\n\n\n<p class=\"ctlb-block-desc\" style=\"padding-top:0px;padding-right:0px;padding-bottom:0px;padding-left:0px\">La premi\u00e8re Maison ouvre ses portes dans le quartier Kiryat Menachem, accueillant des enfants du primaire. Par la suite, l\u2019ouverture d\u2019un Club pour adolescents \u201dDelphine L\u00e9vy\u201d et du programme \u201dMosa\u00efque\u201d pour les jeunes filles permet d\u2019accueillir davantage de jeunes du quartier.<\/p>\n\n\n\n<p class=\"ctlb-block-desc\" style=\"padding-top:0px;padding-right:0px;padding-bottom:0px;padding-left:0px\"><\/p>\n<\/div><\/div><\/div><\/div><\/div><\/div>\n\n\n\n<div class=\"wp-block-cp-timeline-content-timeline-child swiper-slide\"><div class=\"timeline-content icon-false \"><div class=\"timeline-block-timeline ctl-row  position-left\"><div class=\"ctl-6 timeline-block-time\"><div class=\"story-time\"><p>3 d\u00e9cembre 2018<\/p><\/div><\/div><div class=\"timeline-block-icon\"><svg stroke=\"currentColor\" fill=\"currentColor\" stroke-width=\"0\" viewBox=\"0 0 512 512\" height=\"1em\" width=\"1em\" xmlns=\"http:\/\/www.w3.org\/2000\/svg\"><path d=\"M256 8C119 8 8 119 8 256s111 248 248 248 248-111 248-248S393 8 256 8z\"><\/path><\/svg><\/div><div class=\"ctl-6 timeline-block-detail\"><div class=\"story-details\"><div class=\"story-content\">\n<figure class=\"wp-block-image size-full ctlb-block-image\"><img loading=\"lazy\" decoding=\"async\" width=\"520\" height=\"292\" src=\"https:\/\/negba.org\/negba2018\/wp-content\/uploads\/2025\/11\/Picture4.jpg\" alt=\"\" class=\"wp-image-7805\" style=\"aspect-ratio:4\/3;object-fit:cover\" srcset=\"https:\/\/negba.org\/negba2018\/wp-content\/uploads\/2025\/11\/Picture4.jpg 520w, https:\/\/negba.org\/negba2018\/wp-content\/uploads\/2025\/11\/Picture4-300x168.jpg 300w\" sizes=\"auto, (max-width: 520px) 100vw, 520px\" \/><\/figure>\n\n\n\n<h3 class=\"wp-block-heading ctlb-block-title\" style=\"padding-top:0px;padding-right:0px;padding-bottom:0px;padding-left:0px\">Ouverture de Beit Negba, Centre pour l\u2019enfant et la communaut\u00e9<\/h3>\n\n\n\n<p class=\"ctlb-block-desc\" style=\"padding-top:0px;padding-right:0px;padding-bottom:0px;padding-left:0px\">Construit dans le quartier Daleth \u00e0 Beer-Sheva, le Centre est nomm\u00e9 en hommage \u00e0 Kati et Mona Dreyfuss. Il accueille les bureaux de l\u2019association, la Maison \u201dLes Cigognes\u201d pour enfants, le Club \u201dL\u00e9vy-Willard\u201d pour adolescents, une biblioth\u00e8que, une salle de musique au nom de Michel Bloch z\u201dl, une cuisine centrale, et bien plus encore.<\/p>\n\n\n\n<p class=\"ctlb-block-desc\" style=\"padding-top:0px;padding-right:0px;padding-bottom:0px;padding-left:0px\"><\/p>\n<\/div><\/div><\/div><\/div><\/div><\/div>\n\n\n\n<div class=\"wp-block-cp-timeline-content-timeline-child swiper-slide\"><div class=\"timeline-content icon-false \"><div class=\"timeline-block-timeline ctl-row  position-right\"><div class=\"ctl-6 timeline-block-time\"><div class=\"story-time\"><p>1er f\u00e9vrier 2020<\/p><\/div><\/div><div class=\"timeline-block-icon\"><svg stroke=\"currentColor\" fill=\"currentColor\" stroke-width=\"0\" viewBox=\"0 0 512 512\" height=\"1em\" width=\"1em\" xmlns=\"http:\/\/www.w3.org\/2000\/svg\"><path d=\"M256 8C119 8 8 119 8 256s111 248 248 248 248-111 248-248S393 8 256 8z\"><\/path><\/svg><\/div><div class=\"ctl-6 timeline-block-detail\"><div class=\"story-details\"><div class=\"story-content\">\n<figure class=\"wp-block-image size-full ctlb-block-image\"><img loading=\"lazy\" decoding=\"async\" width=\"737\" height=\"588\" src=\"https:\/\/negba.org\/negba2018\/wp-content\/uploads\/2025\/11\/\u05d4\u05e7\u05de\u05ea-\u05ea\u05d5\u05db\u05e0\u05d9\u05ea-\u05d1\u05d5\u05d2\u05e8\u05d9\u05dd.jpg\" alt=\"\" class=\"wp-image-7806\" style=\"aspect-ratio:4\/3;object-fit:cover\" srcset=\"https:\/\/negba.org\/negba2018\/wp-content\/uploads\/2025\/11\/\u05d4\u05e7\u05de\u05ea-\u05ea\u05d5\u05db\u05e0\u05d9\u05ea-\u05d1\u05d5\u05d2\u05e8\u05d9\u05dd.jpg 737w, https:\/\/negba.org\/negba2018\/wp-content\/uploads\/2025\/11\/\u05d4\u05e7\u05de\u05ea-\u05ea\u05d5\u05db\u05e0\u05d9\u05ea-\u05d1\u05d5\u05d2\u05e8\u05d9\u05dd-300x239.jpg 300w\" sizes=\"auto, (max-width: 737px) 100vw, 737px\" \/><\/figure>\n\n\n\n<h3 class=\"wp-block-heading ctlb-block-title\" style=\"padding-top:0px;padding-right:0px;padding-bottom:0px;padding-left:0px\">Lancement du programme pour les Anciens<\/h3>\n\n\n\n<p class=\"ctlb-block-desc\" style=\"padding-top:0px;padding-right:0px;padding-bottom:0px;padding-left:0px\">Negba veille \u00e0 garder le lien avec les jeunes m\u00eame apr\u00e8s leur bac : pendant leur service militaire ou service civil, pendant leurs \u00e9tudes ou leur entr\u00e9e dans la vie professionnelle. L\u2019\u00e9quipe les accompagne, les conseille et les soutient dans diff\u00e9rents moments de leur vie.<\/p>\n\n\n\n<p class=\"ctlb-block-desc\" style=\"padding-top:0px;padding-right:0px;padding-bottom:0px;padding-left:0px\"><\/p>\n<\/div><\/div><\/div><\/div><\/div><\/div>\n\n\n\n<div class=\"wp-block-cp-timeline-content-timeline-child swiper-slide\"><div class=\"timeline-content icon-false \"><div class=\"timeline-block-timeline ctl-row  position-left\"><div class=\"ctl-6 timeline-block-time\"><div class=\"story-time\"><p>1er ao\u00fbt 2022<\/p><\/div><\/div><div class=\"timeline-block-icon\"><svg stroke=\"currentColor\" fill=\"currentColor\" stroke-width=\"0\" viewBox=\"0 0 512 512\" height=\"1em\" width=\"1em\" xmlns=\"http:\/\/www.w3.org\/2000\/svg\"><path d=\"M256 8C119 8 8 119 8 256s111 248 248 248 248-111 248-248S393 8 256 8z\"><\/path><\/svg><\/div><div class=\"ctl-6 timeline-block-detail\"><div class=\"story-details\"><div class=\"story-content\">\n<figure class=\"wp-block-image size-full ctlb-block-image\"><img loading=\"lazy\" decoding=\"async\" width=\"520\" height=\"366\" src=\"https:\/\/negba.org\/negba2018\/wp-content\/uploads\/2025\/11\/\u05e4\u05ea\u05d9\u05d7\u05ea-\u05d7\u05d3\u05e8-\u05de\u05d5\u05d6\u05d9\u05e7\u05d4.jpg\" alt=\"\" class=\"wp-image-7807\" style=\"aspect-ratio:4\/3;object-fit:cover\" srcset=\"https:\/\/negba.org\/negba2018\/wp-content\/uploads\/2025\/11\/\u05e4\u05ea\u05d9\u05d7\u05ea-\u05d7\u05d3\u05e8-\u05de\u05d5\u05d6\u05d9\u05e7\u05d4.jpg 520w, https:\/\/negba.org\/negba2018\/wp-content\/uploads\/2025\/11\/\u05e4\u05ea\u05d9\u05d7\u05ea-\u05d7\u05d3\u05e8-\u05de\u05d5\u05d6\u05d9\u05e7\u05d4-300x211.jpg 300w\" sizes=\"auto, (max-width: 520px) 100vw, 520px\" \/><\/figure>\n\n\n\n<h3 class=\"wp-block-heading ctlb-block-title\" style=\"padding-top:0px;padding-right:0px;padding-bottom:0px;padding-left:0px\">Ouverture de la salle de musique et cr\u00e9ation de la chorale de Negba<\/h3>\n\n\n\n<p class=\"ctlb-block-desc\" style=\"padding-top:0px;padding-right:0px;padding-bottom:0px;padding-left:0px\">La salle de musique au nom de Michel Bloch z\u201dl, est situ\u00e9e au Centre Negba. Elle permet aux enfants et adolescents de l\u2019association d\u2019apprendre la musique, de jouer de divers instruments et de chanter. La chorale se produit lors de diff\u00e9rents \u00e9v\u00e9nements de l\u2019association.<\/p>\n\n\n\n<p class=\"ctlb-block-desc\" style=\"padding-top:0px;padding-right:0px;padding-bottom:0px;padding-left:0px\"><\/p>\n<\/div><\/div><\/div><\/div><\/div><\/div>\n\n\n\n<div class=\"wp-block-cp-timeline-content-timeline-child swiper-slide\"><div class=\"timeline-content icon-false \"><div class=\"timeline-block-timeline ctl-row  position-right\"><div class=\"ctl-6 timeline-block-time\"><div class=\"story-time\"><p>10 octobre 2022<\/p><\/div><\/div><div class=\"timeline-block-icon\"><svg stroke=\"currentColor\" fill=\"currentColor\" stroke-width=\"0\" viewBox=\"0 0 512 512\" height=\"1em\" width=\"1em\" xmlns=\"http:\/\/www.w3.org\/2000\/svg\"><path d=\"M256 8C119 8 8 119 8 256s111 248 248 248 248-111 248-248S393 8 256 8z\"><\/path><\/svg><\/div><div class=\"ctl-6 timeline-block-detail\"><div class=\"story-details\"><div class=\"story-content\">\n<figure class=\"wp-block-image size-full ctlb-block-image\"><img loading=\"lazy\" decoding=\"async\" width=\"520\" height=\"368\" src=\"https:\/\/negba.org\/negba2018\/wp-content\/uploads\/2025\/11\/\u05d3\u05e8\u05d5\u05e8-\u05dc\u05d7\u05d9\u05d5\u05da.jpg\" alt=\"\" class=\"wp-image-7808\" style=\"aspect-ratio:4\/3;object-fit:cover\" srcset=\"https:\/\/negba.org\/negba2018\/wp-content\/uploads\/2025\/11\/\u05d3\u05e8\u05d5\u05e8-\u05dc\u05d7\u05d9\u05d5\u05da.jpg 520w, https:\/\/negba.org\/negba2018\/wp-content\/uploads\/2025\/11\/\u05d3\u05e8\u05d5\u05e8-\u05dc\u05d7\u05d9\u05d5\u05da-300x212.jpg 300w\" sizes=\"auto, (max-width: 520px) 100vw, 520px\" \/><\/figure>\n\n\n\n<h3 class=\"wp-block-heading ctlb-block-title\" style=\"padding-top:0px;padding-right:0px;padding-bottom:0px;padding-left:0px\">Lancement de \u201dDror Lah&rsquo;iouh\u201d (Le sourire de Dror)<\/h3>\n\n\n\n<p class=\"ctlb-block-desc\" style=\"padding-top:0px;padding-right:0px;padding-bottom:0px;padding-left:0px\">Les enfants apprennent le jeu d\u2019acteur,  l\u2019improvisation et \u00e0 monter sur sc\u00e8ne devant un public. A la fin de l&rsquo;ann\u00e9e, ils pr\u00e9sentent leur spectacle devant leurs familles, les partenaires du projet et autres invit\u00e9s au Th\u00e9\u00e2tre de Be\u2019er Sheva.<\/p>\n\n\n\n<p class=\"ctlb-block-desc\" style=\"padding-top:0px;padding-right:0px;padding-bottom:0px;padding-left:0px\"><\/p>\n<\/div><\/div><\/div><\/div><\/div><\/div>\n\n\n\n<div class=\"wp-block-cp-timeline-content-timeline-child swiper-slide\"><div class=\"timeline-content icon-false \"><div class=\"timeline-block-timeline ctl-row  position-left\"><div class=\"ctl-6 timeline-block-time\"><div class=\"story-time\"><p>30 avril 2023<\/p><\/div><\/div><div class=\"timeline-block-icon\"><svg stroke=\"currentColor\" fill=\"currentColor\" stroke-width=\"0\" viewBox=\"0 0 512 512\" height=\"1em\" width=\"1em\" xmlns=\"http:\/\/www.w3.org\/2000\/svg\"><path d=\"M256 8C119 8 8 119 8 256s111 248 248 248 248-111 248-248S393 8 256 8z\"><\/path><\/svg><\/div><div class=\"ctl-6 timeline-block-detail\"><div class=\"story-details\"><div class=\"story-content\">\n<figure class=\"wp-block-image size-full ctlb-block-image\"><img loading=\"lazy\" decoding=\"async\" width=\"520\" height=\"347\" src=\"https:\/\/negba.org\/negba2018\/wp-content\/uploads\/2025\/11\/\u05e7\u05d9\u05d9\u05de\u05d5\u05ea.jpg\" alt=\"\" class=\"wp-image-7809\" style=\"aspect-ratio:4\/3;object-fit:cover\" srcset=\"https:\/\/negba.org\/negba2018\/wp-content\/uploads\/2025\/11\/\u05e7\u05d9\u05d9\u05de\u05d5\u05ea.jpg 520w, https:\/\/negba.org\/negba2018\/wp-content\/uploads\/2025\/11\/\u05e7\u05d9\u05d9\u05de\u05d5\u05ea-300x200.jpg 300w\" sizes=\"auto, (max-width: 520px) 100vw, 520px\" \/><\/figure>\n\n\n\n<h3 class=\"wp-block-heading ctlb-block-title\" style=\"padding-top:0px;padding-right:0px;padding-bottom:0px;padding-left:0px\">Lancement du programme d&rsquo;\u00e9cologie et durabilit\u00e9<\/h3>\n\n\n\n<p class=\"ctlb-block-desc\" style=\"padding-top:0px;padding-right:0px;padding-bottom:0px;padding-left:0px\">Cr\u00e9\u00e9 en hommage au fondateur de l\u2019association, Claude Meyer z\u201dl, ce programme propose tout au long de l\u2019ann\u00e9e des activit\u00e9s en lien avec la nature et l\u2019environnement : ateliers de jardinage, r\u00e9duction de l\u2019usage du papier et du plastique, \u00e9conomies d\u2019\u00e9nergie, \u00e9cologie, responsabilit\u00e9 environnementale etc\u2026<\/p>\n\n\n\n<p class=\"ctlb-block-desc\" style=\"padding-top:0px;padding-right:0px;padding-bottom:0px;padding-left:0px\"><\/p>\n<\/div><\/div><\/div><\/div><\/div><\/div>\n\n\n\n<div class=\"wp-block-cp-timeline-content-timeline-child swiper-slide\"><div class=\"timeline-content icon-false \"><div class=\"timeline-block-timeline ctl-row  position-right\"><div class=\"ctl-6 timeline-block-time\"><div class=\"story-time\"><p>1er d\u00e9cembre 2025<\/p><\/div><\/div><div class=\"timeline-block-icon\"><svg stroke=\"currentColor\" fill=\"currentColor\" stroke-width=\"0\" viewBox=\"0 0 512 512\" height=\"1em\" width=\"1em\" xmlns=\"http:\/\/www.w3.org\/2000\/svg\"><path d=\"M256 8C119 8 8 119 8 256s111 248 248 248 248-111 248-248S393 8 256 8z\"><\/path><\/svg><\/div><div class=\"ctl-6 timeline-block-detail\"><div class=\"story-details\"><div class=\"story-content\">\n<figure class=\"wp-block-image size-full ctlb-block-image\"><img loading=\"lazy\" decoding=\"async\" width=\"520\" height=\"370\" src=\"https:\/\/negba.org\/negba2018\/wp-content\/uploads\/2025\/11\/\u05e4\u05e1\u05d9\u05e4\u05e1.jpg\" alt=\"\" class=\"wp-image-7810\" style=\"aspect-ratio:4\/3;object-fit:cover\" srcset=\"https:\/\/negba.org\/negba2018\/wp-content\/uploads\/2025\/11\/\u05e4\u05e1\u05d9\u05e4\u05e1.jpg 520w, https:\/\/negba.org\/negba2018\/wp-content\/uploads\/2025\/11\/\u05e4\u05e1\u05d9\u05e4\u05e1-300x213.jpg 300w\" sizes=\"auto, (max-width: 520px) 100vw, 520px\" \/><\/figure>\n\n\n\n<h3 class=\"wp-block-heading ctlb-block-title\" style=\"padding-top:0px;padding-right:0px;padding-bottom:0px;padding-left:0px\">Premi\u00e8re structure \u00e0 Ofakim<\/h3>\n\n\n\n<p class=\"ctlb-block-desc\" style=\"padding-top:0px;padding-right:0px;padding-bottom:0px;padding-left:0px\">En partenariat avec l\u2019organisation Guefanim et \u00e0 la suite des \u00e9v\u00e9nements du 7 octobre, l\u2019association \u00e9tend son action \u00e0 Ofakim, afin d\u2019offrir aux enfants et adolescents de la ville un environnement s\u00fbr et chaleureux.<\/p>\n\n\n\n<p class=\"ctlb-block-desc\" style=\"padding-top:0px;padding-right:0px;padding-bottom:0px;padding-left:0px\"><\/p>\n<\/div><\/div><\/div><\/div><\/div><\/div>\n<\/div><\/div><\/div><\/div>\n","protected":false},"excerpt":{"rendered":"<p>L\u2019ann\u00e9e scolaire 2025\u20132026 est une ann\u00e9e exceptionnelle ! Negba c\u00e9l\u00e8bre 20 ans d\u2019actions, d\u2019accompagnement et d\u2019\u00e9ducation. C\u2019est l\u2019occasion de revenir sur les moments cl\u00e9s qui ont fa\u00e7onn\u00e9 Negba et font d\u2019elle ce qu\u2019elle est aujourd\u2019hui. Au cours de ces deux derni\u00e8res d\u00e9cennies, l\u2019association a accueilli environ 1\u202f400 enfants et adolescents&hellip; <\/p>\n","protected":false},"author":1,"featured_media":7673,"parent":0,"menu_order":0,"comment_status":"closed","ping_status":"closed","template":"","meta":{"footnotes":""},"class_list":["post-7800","page","type-page","status-publish","has-post-thumbnail","hentry"],"jetpack_shortlink":"https:\/\/wp.me\/P9TfAG-21O","jetpack_sharing_enabled":true,"jetpack_likes_enabled":true,"_links":{"self":[{"href":"https:\/\/negba.org\/negba2018\/wp-json\/wp\/v2\/pages\/7800","targetHints":{"allow":["GET"]}}],"collection":[{"href":"https:\/\/negba.org\/negba2018\/wp-json\/wp\/v2\/pages"}],"about":[{"href":"https:\/\/negba.org\/negba2018\/wp-json\/wp\/v2\/types\/page"}],"author":[{"embeddable":true,"href":"https:\/\/negba.org\/negba2018\/wp-json\/wp\/v2\/users\/1"}],"replies":[{"embeddable":true,"href":"https:\/\/negba.org\/negba2018\/wp-json\/wp\/v2\/comments?post=7800"}],"version-history":[{"count":17,"href":"https:\/\/negba.org\/negba2018\/wp-json\/wp\/v2\/pages\/7800\/revisions"}],"predecessor-version":[{"id":7835,"href":"https:\/\/negba.org\/negba2018\/wp-json\/wp\/v2\/pages\/7800\/revisions\/7835"}],"wp:featuredmedia":[{"embeddable":true,"href":"https:\/\/negba.org\/negba2018\/wp-json\/wp\/v2\/media\/7673"}],"wp:attachment":[{"href":"https:\/\/negba.org\/negba2018\/wp-json\/wp\/v2\/media?parent=7800"}],"curies":[{"name":"wp","href":"https:\/\/api.w.org\/{rel}","templated":true}]}}