{"id":78,"date":"2018-04-23T07:18:16","date_gmt":"2018-04-23T07:18:16","guid":{"rendered":"http:\/\/negba.org\/negba2018\/?page_id=78"},"modified":"2021-01-21T12:31:36","modified_gmt":"2021-01-21T09:31:36","slug":"centre-educatif","status":"publish","type":"page","link":"https:\/\/negba.org\/negba2018\/fr\/activites\/centre-educatif\/","title":{"rendered":"Centre \u00c9ducatif"},"content":{"rendered":"\n<p>Le Centre \u00c9ducatif soutient les jeunes dans les diff\u00e9rentes mati\u00e8res pour leur (re)donner go\u00fbt aux \u00e9tudes et confiance en eux.<\/p>\n\n\n\n<!--more-->\n\n\n\n<div class=\"wp-block-image\"><figure class=\"alignleft\"><img loading=\"lazy\" decoding=\"async\" width=\"300\" height=\"200\" src=\"https:\/\/negba.org\/negba2018\/wp-content\/uploads\/2018\/04\/IMG_2412-300x200.jpg\" alt=\"\" class=\"wp-image-464\" srcset=\"https:\/\/negba.org\/negba2018\/wp-content\/uploads\/2018\/04\/IMG_2412-300x200.jpg 300w, https:\/\/negba.org\/negba2018\/wp-content\/uploads\/2018\/04\/IMG_2412-768x512.jpg 768w, https:\/\/negba.org\/negba2018\/wp-content\/uploads\/2018\/04\/IMG_2412.jpg 1024w\" sizes=\"auto, (max-width: 300px) 100vw, 300px\" \/><\/figure><\/div>\n\n\n\n<p>Il n\u2019est en effet pas suffisant d\u2019accueillir les jeunes dans un environnement chaleureux et attentif, et de leur proposer des activit\u00e9s d\u2019enrichissement pour les pr\u00e9parer \u00e0 la vie. La r\u00e9ussite scolaire est un \u00e9l\u00e9ment obligatoire pour esp\u00e9rer sortir des situations socio-\u00e9conomiques difficiles dans lesquelles les enfants de Negba vivent. Le Centre \u00c9ducatif qui fonctionne dans tous <a href=\"https:\/\/negba.org\/negba2018\/fr\/activites\/maisons-de-lesperance\/\" data-type=\"page\" data-id=\"25\">nos groupes d\u2019enfants<\/a> et <a href=\"https:\/\/negba.org\/negba2018\/fr\/activites\/club-des-adolescents\/\" data-type=\"page\" data-id=\"80\">d\u2019adolescents <\/a>est la r\u00e9ponse sp\u00e9cifique de Negba \u00e0 cette probl\u00e9matique.<\/p>\n\n\n\n<p>En collaboration \u00e9troite avec les parents et les \u00e9coles, la directrice du Centre \u00c9ducatif, enseignante de grande exp\u00e9rience, \u00e9tablit pour chaque enfant un programme d\u2019\u00e9tude personnalis\u00e9.<\/p>\n\n\n\n<p>Le Centre \u00c9ducatif propose des <strong>cours particuliers <\/strong>dispens\u00e9s par des enseignantes sp\u00e9cialis\u00e9es, un <strong>soutien scolaire <\/strong>par des \u00e9tudiants, de <strong>l&rsquo;aide aux devoirs <\/strong>par des jeunes filles en service civil, un <strong>apprentissage par ordinateur<\/strong>, des <strong>ateliers de lecture<\/strong>, des <strong>jeux \u00e9ducatifs\u2026<\/strong><\/p>\n\n\n\n<div class=\"wp-block-jetpack-slideshow aligncenter\" data-autoplay=\"true\" data-delay=\"2\" data-effect=\"slide\"><div class=\"wp-block-jetpack-slideshow_container swiper-container\"><ul class=\"wp-block-jetpack-slideshow_swiper-wrapper swiper-wrapper\"><li class=\"wp-block-jetpack-slideshow_slide swiper-slide\"><figure><img loading=\"lazy\" decoding=\"async\" width=\"960\" height=\"640\" alt=\"\" class=\"wp-block-jetpack-slideshow_image wp-image-2647\" data-id=\"2647\" src=\"https:\/\/negba.org\/negba2018\/wp-content\/uploads\/2019\/05\/IMG_4021-2-1.jpg\" srcset=\"https:\/\/negba.org\/negba2018\/wp-content\/uploads\/2019\/05\/IMG_4021-2-1.jpg 960w, https:\/\/negba.org\/negba2018\/wp-content\/uploads\/2019\/05\/IMG_4021-2-1-300x200.jpg 300w, https:\/\/negba.org\/negba2018\/wp-content\/uploads\/2019\/05\/IMG_4021-2-1-768x512.jpg 768w\" sizes=\"(max-width: 960px) 100vw, 960px\" \/><\/figure><\/li><li class=\"wp-block-jetpack-slideshow_slide swiper-slide\"><figure><img loading=\"lazy\" decoding=\"async\" width=\"960\" height=\"640\" alt=\"\" class=\"wp-block-jetpack-slideshow_image wp-image-2648\" data-id=\"2648\" src=\"https:\/\/negba.org\/negba2018\/wp-content\/uploads\/2019\/05\/IMG_4037-2-1.jpg\" srcset=\"https:\/\/negba.org\/negba2018\/wp-content\/uploads\/2019\/05\/IMG_4037-2-1.jpg 960w, https:\/\/negba.org\/negba2018\/wp-content\/uploads\/2019\/05\/IMG_4037-2-1-300x200.jpg 300w, https:\/\/negba.org\/negba2018\/wp-content\/uploads\/2019\/05\/IMG_4037-2-1-768x512.jpg 768w\" sizes=\"(max-width: 960px) 100vw, 960px\" \/><\/figure><\/li><li class=\"wp-block-jetpack-slideshow_slide swiper-slide\"><figure><img loading=\"lazy\" decoding=\"async\" width=\"960\" height=\"640\" alt=\"\" class=\"wp-block-jetpack-slideshow_image wp-image-2649\" data-id=\"2649\" src=\"https:\/\/negba.org\/negba2018\/wp-content\/uploads\/2019\/05\/IMG_4058-2-1.jpg\" srcset=\"https:\/\/negba.org\/negba2018\/wp-content\/uploads\/2019\/05\/IMG_4058-2-1.jpg 960w, https:\/\/negba.org\/negba2018\/wp-content\/uploads\/2019\/05\/IMG_4058-2-1-300x200.jpg 300w, https:\/\/negba.org\/negba2018\/wp-content\/uploads\/2019\/05\/IMG_4058-2-1-768x512.jpg 768w\" sizes=\"(max-width: 960px) 100vw, 960px\" \/><\/figure><\/li><li class=\"wp-block-jetpack-slideshow_slide swiper-slide\"><figure><img loading=\"lazy\" decoding=\"async\" width=\"960\" height=\"640\" alt=\"\" class=\"wp-block-jetpack-slideshow_image wp-image-2650\" data-id=\"2650\" src=\"https:\/\/negba.org\/negba2018\/wp-content\/uploads\/2019\/05\/IMG_4067-2-1.jpg\" srcset=\"https:\/\/negba.org\/negba2018\/wp-content\/uploads\/2019\/05\/IMG_4067-2-1.jpg 960w, https:\/\/negba.org\/negba2018\/wp-content\/uploads\/2019\/05\/IMG_4067-2-1-300x200.jpg 300w, https:\/\/negba.org\/negba2018\/wp-content\/uploads\/2019\/05\/IMG_4067-2-1-768x512.jpg 768w\" sizes=\"(max-width: 960px) 100vw, 960px\" \/><\/figure><\/li><li class=\"wp-block-jetpack-slideshow_slide swiper-slide\"><figure><img loading=\"lazy\" decoding=\"async\" width=\"960\" height=\"640\" alt=\"\" class=\"wp-block-jetpack-slideshow_image wp-image-2651\" data-id=\"2651\" src=\"https:\/\/negba.org\/negba2018\/wp-content\/uploads\/2019\/05\/IMG_4080-2-1.jpg\" srcset=\"https:\/\/negba.org\/negba2018\/wp-content\/uploads\/2019\/05\/IMG_4080-2-1.jpg 960w, https:\/\/negba.org\/negba2018\/wp-content\/uploads\/2019\/05\/IMG_4080-2-1-300x200.jpg 300w, https:\/\/negba.org\/negba2018\/wp-content\/uploads\/2019\/05\/IMG_4080-2-1-768x512.jpg 768w\" sizes=\"(max-width: 960px) 100vw, 960px\" \/><\/figure><\/li><li class=\"wp-block-jetpack-slideshow_slide swiper-slide\"><figure><img loading=\"lazy\" decoding=\"async\" width=\"960\" height=\"640\" alt=\"\" class=\"wp-block-jetpack-slideshow_image wp-image-2652\" data-id=\"2652\" src=\"https:\/\/negba.org\/negba2018\/wp-content\/uploads\/2019\/05\/IMG_4083-2-1.jpg\" srcset=\"https:\/\/negba.org\/negba2018\/wp-content\/uploads\/2019\/05\/IMG_4083-2-1.jpg 960w, https:\/\/negba.org\/negba2018\/wp-content\/uploads\/2019\/05\/IMG_4083-2-1-300x200.jpg 300w, https:\/\/negba.org\/negba2018\/wp-content\/uploads\/2019\/05\/IMG_4083-2-1-768x512.jpg 768w\" sizes=\"(max-width: 960px) 100vw, 960px\" \/><\/figure><\/li><li class=\"wp-block-jetpack-slideshow_slide swiper-slide\"><figure><img loading=\"lazy\" decoding=\"async\" width=\"960\" height=\"640\" alt=\"\" class=\"wp-block-jetpack-slideshow_image wp-image-2653\" data-id=\"2653\" src=\"https:\/\/negba.org\/negba2018\/wp-content\/uploads\/2019\/05\/IMG_4085-2-1.jpg\" srcset=\"https:\/\/negba.org\/negba2018\/wp-content\/uploads\/2019\/05\/IMG_4085-2-1.jpg 960w, https:\/\/negba.org\/negba2018\/wp-content\/uploads\/2019\/05\/IMG_4085-2-1-300x200.jpg 300w, https:\/\/negba.org\/negba2018\/wp-content\/uploads\/2019\/05\/IMG_4085-2-1-768x512.jpg 768w\" sizes=\"(max-width: 960px) 100vw, 960px\" \/><\/figure><\/li><li class=\"wp-block-jetpack-slideshow_slide swiper-slide\"><figure><img loading=\"lazy\" decoding=\"async\" width=\"960\" height=\"640\" alt=\"\" class=\"wp-block-jetpack-slideshow_image wp-image-2654\" data-id=\"2654\" src=\"https:\/\/negba.org\/negba2018\/wp-content\/uploads\/2019\/05\/IMG_4087-2-1.jpg\" srcset=\"https:\/\/negba.org\/negba2018\/wp-content\/uploads\/2019\/05\/IMG_4087-2-1.jpg 960w, https:\/\/negba.org\/negba2018\/wp-content\/uploads\/2019\/05\/IMG_4087-2-1-300x200.jpg 300w, https:\/\/negba.org\/negba2018\/wp-content\/uploads\/2019\/05\/IMG_4087-2-1-768x512.jpg 768w\" sizes=\"(max-width: 960px) 100vw, 960px\" \/><\/figure><\/li><li class=\"wp-block-jetpack-slideshow_slide swiper-slide\"><figure><img loading=\"lazy\" decoding=\"async\" width=\"960\" height=\"640\" alt=\"\" class=\"wp-block-jetpack-slideshow_image wp-image-2656\" data-id=\"2656\" src=\"https:\/\/negba.org\/negba2018\/wp-content\/uploads\/2019\/05\/IMG_4096-2-1.jpg\" srcset=\"https:\/\/negba.org\/negba2018\/wp-content\/uploads\/2019\/05\/IMG_4096-2-1.jpg 960w, https:\/\/negba.org\/negba2018\/wp-content\/uploads\/2019\/05\/IMG_4096-2-1-300x200.jpg 300w, https:\/\/negba.org\/negba2018\/wp-content\/uploads\/2019\/05\/IMG_4096-2-1-768x512.jpg 768w\" sizes=\"(max-width: 960px) 100vw, 960px\" \/><\/figure><\/li><li class=\"wp-block-jetpack-slideshow_slide swiper-slide\"><figure><img loading=\"lazy\" decoding=\"async\" width=\"960\" height=\"640\" alt=\"\" class=\"wp-block-jetpack-slideshow_image wp-image-2657\" data-id=\"2657\" src=\"https:\/\/negba.org\/negba2018\/wp-content\/uploads\/2019\/05\/IMG_4098-2-1.jpg\" srcset=\"https:\/\/negba.org\/negba2018\/wp-content\/uploads\/2019\/05\/IMG_4098-2-1.jpg 960w, https:\/\/negba.org\/negba2018\/wp-content\/uploads\/2019\/05\/IMG_4098-2-1-300x200.jpg 300w, https:\/\/negba.org\/negba2018\/wp-content\/uploads\/2019\/05\/IMG_4098-2-1-768x512.jpg 768w\" sizes=\"(max-width: 960px) 100vw, 960px\" \/><\/figure><\/li><li class=\"wp-block-jetpack-slideshow_slide swiper-slide\"><figure><img loading=\"lazy\" decoding=\"async\" width=\"960\" height=\"640\" alt=\"\" class=\"wp-block-jetpack-slideshow_image wp-image-2658\" data-id=\"2658\" src=\"https:\/\/negba.org\/negba2018\/wp-content\/uploads\/2019\/05\/IMG_4106-2-1.jpg\" srcset=\"https:\/\/negba.org\/negba2018\/wp-content\/uploads\/2019\/05\/IMG_4106-2-1.jpg 960w, https:\/\/negba.org\/negba2018\/wp-content\/uploads\/2019\/05\/IMG_4106-2-1-300x200.jpg 300w, https:\/\/negba.org\/negba2018\/wp-content\/uploads\/2019\/05\/IMG_4106-2-1-768x512.jpg 768w\" sizes=\"(max-width: 960px) 100vw, 960px\" \/><\/figure><\/li><li class=\"wp-block-jetpack-slideshow_slide swiper-slide\"><figure><img loading=\"lazy\" decoding=\"async\" width=\"960\" height=\"640\" alt=\"\" class=\"wp-block-jetpack-slideshow_image wp-image-2659\" data-id=\"2659\" src=\"https:\/\/negba.org\/negba2018\/wp-content\/uploads\/2019\/05\/IMG_4112-2-1.jpg\" srcset=\"https:\/\/negba.org\/negba2018\/wp-content\/uploads\/2019\/05\/IMG_4112-2-1.jpg 960w, https:\/\/negba.org\/negba2018\/wp-content\/uploads\/2019\/05\/IMG_4112-2-1-300x200.jpg 300w, https:\/\/negba.org\/negba2018\/wp-content\/uploads\/2019\/05\/IMG_4112-2-1-768x512.jpg 768w\" sizes=\"(max-width: 960px) 100vw, 960px\" \/><\/figure><\/li><li class=\"wp-block-jetpack-slideshow_slide swiper-slide\"><figure><img loading=\"lazy\" decoding=\"async\" width=\"960\" height=\"640\" alt=\"\" class=\"wp-block-jetpack-slideshow_image wp-image-2660\" data-id=\"2660\" src=\"https:\/\/negba.org\/negba2018\/wp-content\/uploads\/2019\/05\/IMG_4116-2-1.jpg\" srcset=\"https:\/\/negba.org\/negba2018\/wp-content\/uploads\/2019\/05\/IMG_4116-2-1.jpg 960w, https:\/\/negba.org\/negba2018\/wp-content\/uploads\/2019\/05\/IMG_4116-2-1-300x200.jpg 300w, https:\/\/negba.org\/negba2018\/wp-content\/uploads\/2019\/05\/IMG_4116-2-1-768x512.jpg 768w\" sizes=\"(max-width: 960px) 100vw, 960px\" \/><\/figure><\/li><li class=\"wp-block-jetpack-slideshow_slide swiper-slide\"><figure><img loading=\"lazy\" decoding=\"async\" width=\"960\" height=\"720\" alt=\"\" class=\"wp-block-jetpack-slideshow_image wp-image-2661\" data-id=\"2661\" src=\"https:\/\/negba.org\/negba2018\/wp-content\/uploads\/2019\/05\/WhatsApp-Image-2018-11-29-at-14.12.241-1.jpg\" srcset=\"https:\/\/negba.org\/negba2018\/wp-content\/uploads\/2019\/05\/WhatsApp-Image-2018-11-29-at-14.12.241-1.jpg 960w, https:\/\/negba.org\/negba2018\/wp-content\/uploads\/2019\/05\/WhatsApp-Image-2018-11-29-at-14.12.241-1-300x225.jpg 300w, https:\/\/negba.org\/negba2018\/wp-content\/uploads\/2019\/05\/WhatsApp-Image-2018-11-29-at-14.12.241-1-768x576.jpg 768w\" sizes=\"(max-width: 960px) 100vw, 960px\" \/><\/figure><\/li><\/ul><a class=\"wp-block-jetpack-slideshow_button-prev swiper-button-prev swiper-button-white\" role=\"button\"><\/a><a class=\"wp-block-jetpack-slideshow_button-next swiper-button-next swiper-button-white\" role=\"button\"><\/a><a aria-label=\"Pause Slideshow\" class=\"wp-block-jetpack-slideshow_button-pause\" role=\"button\"><\/a><div class=\"wp-block-jetpack-slideshow_pagination swiper-pagination swiper-pagination-white\"><\/div><\/div><\/div>\n","protected":false},"excerpt":{"rendered":"<p>Le Centre \u00c9ducatif soutient les jeunes dans les diff\u00e9rentes mati\u00e8res pour leur (re)donner go\u00fbt aux \u00e9tudes et confiance en eux.<\/p>\n","protected":false},"author":1,"featured_media":1634,"parent":68,"menu_order":4,"comment_status":"closed","ping_status":"closed","template":"","meta":{"footnotes":""},"class_list":["post-78","page","type-page","status-publish","has-post-thumbnail","hentry"],"jetpack_shortlink":"https:\/\/wp.me\/P9TfAG-1g","jetpack_sharing_enabled":true,"jetpack_likes_enabled":true,"_links":{"self":[{"href":"https:\/\/negba.org\/negba2018\/wp-json\/wp\/v2\/pages\/78","targetHints":{"allow":["GET"]}}],"collection":[{"href":"https:\/\/negba.org\/negba2018\/wp-json\/wp\/v2\/pages"}],"about":[{"href":"https:\/\/negba.org\/negba2018\/wp-json\/wp\/v2\/types\/page"}],"author":[{"embeddable":true,"href":"https:\/\/negba.org\/negba2018\/wp-json\/wp\/v2\/users\/1"}],"replies":[{"embeddable":true,"href":"https:\/\/negba.org\/negba2018\/wp-json\/wp\/v2\/comments?post=78"}],"version-history":[{"count":17,"href":"https:\/\/negba.org\/negba2018\/wp-json\/wp\/v2\/pages\/78\/revisions"}],"predecessor-version":[{"id":3777,"href":"https:\/\/negba.org\/negba2018\/wp-json\/wp\/v2\/pages\/78\/revisions\/3777"}],"up":[{"embeddable":true,"href":"https:\/\/negba.org\/negba2018\/wp-json\/wp\/v2\/pages\/68"}],"wp:featuredmedia":[{"embeddable":true,"href":"https:\/\/negba.org\/negba2018\/wp-json\/wp\/v2\/media\/1634"}],"wp:attachment":[{"href":"https:\/\/negba.org\/negba2018\/wp-json\/wp\/v2\/media?parent=78"}],"curies":[{"name":"wp","href":"https:\/\/api.w.org\/{rel}","templated":true}]}}