{"id":74,"date":"2018-04-23T07:15:54","date_gmt":"2018-04-23T07:15:54","guid":{"rendered":"http:\/\/negba.org\/negba2018\/?page_id=74"},"modified":"2025-01-20T15:06:40","modified_gmt":"2025-01-20T12:06:40","slug":"ateliers-pour-les-parents","status":"publish","type":"page","link":"https:\/\/negba.org\/negba2018\/fr\/activites\/ateliers-pour-les-parents\/","title":{"rendered":"Ateliers pour les parents"},"content":{"rendered":"\n<p>Les parents sont les premiers partenaires dans l\u2019activit\u00e9 de Negba. C\u2019est seulement avec leur collaboration que nous pouvons esp\u00e9rer assurer la r\u00e9ussite des enfants.<\/p>\n\n\n\n<!--more-->\n\n\n\n<p> C\u2019est pourquoi nous sommes en contact permanent avec eux et leur demandons de participer r\u00e9guli\u00e8rement \u00e0 des activit\u00e9s en commun avec les enfants.<\/p>\n\n\n\n<p>Mais ce n\u2019est pas tout&nbsp;: pour les aider \u00e0 r\u00e9pondre aux difficult\u00e9s \u00e9ducatives \u00e9ventuelles et les aider \u00e0 instaurer une vie de famille harmonieuse, Negba organise des ateliers de formation pour les parents.<\/p>\n\n\n\n<p>Ces ateliers sont anim\u00e9s par une \u00e9quipe de formateurs professionnels du domaine et abordent entre autres les sujets suivants&nbsp;:<\/p>\n\n\n\n<ul class=\"wp-block-list\">\n<li>Communication avec les enfants<\/li>\n\n\n\n<li>Mise en place de r\u00e8gles et limites \u00e9ducatives<\/li>\n\n\n\n<li>Empathie<\/li>\n\n\n\n<li>R\u00e9action face aux probl\u00e8mes<\/li>\n<\/ul>\n","protected":false},"excerpt":{"rendered":"<p>Les parents sont les premiers partenaires dans l\u2019activit\u00e9 de Negba. C\u2019est seulement avec leur collaboration que nous pouvons esp\u00e9rer assurer la r\u00e9ussite des enfants.<\/p>\n","protected":false},"author":1,"featured_media":1645,"parent":68,"menu_order":5,"comment_status":"closed","ping_status":"closed","template":"","meta":{"footnotes":""},"class_list":["post-74","page","type-page","status-publish","has-post-thumbnail","hentry"],"jetpack_shortlink":"https:\/\/wp.me\/P9TfAG-1c","jetpack_sharing_enabled":true,"jetpack_likes_enabled":true,"_links":{"self":[{"href":"https:\/\/negba.org\/negba2018\/wp-json\/wp\/v2\/pages\/74","targetHints":{"allow":["GET"]}}],"collection":[{"href":"https:\/\/negba.org\/negba2018\/wp-json\/wp\/v2\/pages"}],"about":[{"href":"https:\/\/negba.org\/negba2018\/wp-json\/wp\/v2\/types\/page"}],"author":[{"embeddable":true,"href":"https:\/\/negba.org\/negba2018\/wp-json\/wp\/v2\/users\/1"}],"replies":[{"embeddable":true,"href":"https:\/\/negba.org\/negba2018\/wp-json\/wp\/v2\/comments?post=74"}],"version-history":[{"count":7,"href":"https:\/\/negba.org\/negba2018\/wp-json\/wp\/v2\/pages\/74\/revisions"}],"predecessor-version":[{"id":6983,"href":"https:\/\/negba.org\/negba2018\/wp-json\/wp\/v2\/pages\/74\/revisions\/6983"}],"up":[{"embeddable":true,"href":"https:\/\/negba.org\/negba2018\/wp-json\/wp\/v2\/pages\/68"}],"wp:featuredmedia":[{"embeddable":true,"href":"https:\/\/negba.org\/negba2018\/wp-json\/wp\/v2\/media\/1645"}],"wp:attachment":[{"href":"https:\/\/negba.org\/negba2018\/wp-json\/wp\/v2\/media?parent=74"}],"curies":[{"name":"wp","href":"https:\/\/api.w.org\/{rel}","templated":true}]}}