{"id":68,"date":"2018-04-23T07:13:39","date_gmt":"2018-04-23T07:13:39","guid":{"rendered":"http:\/\/negba.org\/negba2018\/?page_id=68"},"modified":"2021-02-02T15:41:28","modified_gmt":"2021-02-02T12:41:28","slug":"activites","status":"publish","type":"page","link":"https:\/\/negba.org\/negba2018\/fr\/activites\/","title":{"rendered":"Activit\u00e9s"},"content":{"rendered":"\n<p>Negba intervient aupr\u00e8s d\u2019enfants, d\u2019adolescents et de familles issus de milieux d\u00e9favoris\u00e9s en Isra\u00ebl. Elle les aide quotidiennement et leurs donne des outils pour leur permettre de se forger un avenir meilleur \u00e0 travers diff\u00e9rentes activit\u00e9s.<\/p>\n\n\n\n<p><a href=\"https:\/\/negba.org\/negba2018\/fr\/activites\/maisons-de-lesperance\/\">Maisons de l&rsquo;Esp\u00e9rance<\/a> : 11 groupes de quinze enfants d&rsquo;age primaire. Les Maisons accueillent les enfants dans un environnement agr\u00e9able et familial. Elles dispensent un programme complet comprenant repas chauds, soutien scolaire, ateliers sportifs et artistiques, programme d&rsquo;enrichissement culturels et excursions.<\/p>\n\n\n\n<p><a href=\"https:\/\/negba.org\/negba2018\/fr\/activites\/club-des-adolescents\/\">Club des adolescents<\/a> et <a href=\"https:\/\/negba.org\/negba2018\/fr\/activites\/programme-bogrim-daccompagnement-pour-le-passage-au-college\/\">programme \u00ab\u00a0H&rsquo;etz Delphine Levy\u00a0\u00bb<\/a> : Structures d&rsquo;accueil pour les coll\u00e9giens et lyc\u00e9ens qui accompagnent ces jeunes durant cette p\u00e9riode critique de la vie. Elles proposent des activit\u00e9s sur le mod\u00e8les des Maisons de l&rsquo;Esp\u00e9rance, adapt\u00e9es aux adolescents et enrichies d&rsquo;actions sp\u00e9cifiques (b\u00e9n\u00e9volat, chorales&#8230;).<\/p>\n\n\n\n<p><a href=\"https:\/\/negba.org\/negba2018\/fr\/activites\/centre-educatif\/\">Centre educatif<\/a> : Fonctionne dans nos diff\u00e9rents groupes pour assurer la r\u00e9ussite scolaire des enfants et adolescents. Chacun re\u00e7oit une assistance bas\u00e9e sur un programme d&rsquo;\u00e9tude personnalis\u00e9e.<\/p>\n\n\n\n<p><a href=\"https:\/\/negba.org\/negba2018\/fr\/activites\/ateliers-pour-les-parents\/\">Ateliers pour les parents<\/a> : Propose aux parents des formations pour les aider \u00e0 faire face au challenges \u00e9ducatifs de leurs enfants. Negba accorde une importance toute particuli\u00e8re&nbsp;\u00e0 la collaboration avec les parents pour le bien des enfants.<\/p>\n","protected":false},"excerpt":{"rendered":"<p>Negba intervient aupr\u00e8s d\u2019enfants, d\u2019adolescents et de familles issus de milieux d\u00e9favoris\u00e9s en Isra\u00ebl. Elle les aide quotidiennement et leurs donne des outils pour leur permettre de se forger un avenir meilleur \u00e0 travers diff\u00e9rentes activit\u00e9s. Maisons de l&rsquo;Esp\u00e9rance : 11 groupes de quinze enfants d&rsquo;age primaire. Les Maisons accueillent&hellip; <\/p>\n","protected":false},"author":1,"featured_media":2618,"parent":0,"menu_order":3,"comment_status":"closed","ping_status":"closed","template":"","meta":{"footnotes":""},"class_list":["post-68","page","type-page","status-publish","has-post-thumbnail","hentry"],"jetpack_shortlink":"https:\/\/wp.me\/P9TfAG-16","jetpack_sharing_enabled":true,"jetpack_likes_enabled":true,"_links":{"self":[{"href":"https:\/\/negba.org\/negba2018\/wp-json\/wp\/v2\/pages\/68","targetHints":{"allow":["GET"]}}],"collection":[{"href":"https:\/\/negba.org\/negba2018\/wp-json\/wp\/v2\/pages"}],"about":[{"href":"https:\/\/negba.org\/negba2018\/wp-json\/wp\/v2\/types\/page"}],"author":[{"embeddable":true,"href":"https:\/\/negba.org\/negba2018\/wp-json\/wp\/v2\/users\/1"}],"replies":[{"embeddable":true,"href":"https:\/\/negba.org\/negba2018\/wp-json\/wp\/v2\/comments?post=68"}],"version-history":[{"count":12,"href":"https:\/\/negba.org\/negba2018\/wp-json\/wp\/v2\/pages\/68\/revisions"}],"predecessor-version":[{"id":3846,"href":"https:\/\/negba.org\/negba2018\/wp-json\/wp\/v2\/pages\/68\/revisions\/3846"}],"wp:featuredmedia":[{"embeddable":true,"href":"https:\/\/negba.org\/negba2018\/wp-json\/wp\/v2\/media\/2618"}],"wp:attachment":[{"href":"https:\/\/negba.org\/negba2018\/wp-json\/wp\/v2\/media?parent=68"}],"curies":[{"name":"wp","href":"https:\/\/api.w.org\/{rel}","templated":true}]}}