{"id":55,"date":"2018-04-23T07:04:48","date_gmt":"2018-04-23T07:04:48","guid":{"rendered":"http:\/\/negba.org\/negba2018\/?page_id=55"},"modified":"2023-10-25T10:43:14","modified_gmt":"2023-10-25T07:43:14","slug":"a-propos-de-negba","status":"publish","type":"page","link":"https:\/\/negba.org\/negba2018\/fr\/a-propos-de-negba\/","title":{"rendered":"A propos"},"content":{"rendered":"\n<h2 class=\"wp-block-heading\"> <span style=\"color:#00ab93\" class=\"color\">Vision<\/span> <\/h2>\n\n\n\n<p>Donner aux enfants et adolescents en marge de la soci\u00e9t\u00e9 isra\u00e9lienne une structure leur permettant d\u2019exploiter au mieux leur potentiel et de devenir des citoyens ind\u00e9pendants, fiers, assumant leurs responsabilit\u00e9s, ouverts sur le monde et capables \u00e0 leur tour de contribuer \u00e0 la communaut\u00e9.<\/p>\n\n\n\n<h2 class=\"wp-block-heading\"> <span style=\"color:#fdbb2f\" class=\"color\">Objectifs<\/span><\/h2>\n\n\n\n<p><strong>Rattraper les diff\u00e9rences entre les enfants et adolescents issus de milieux socio-\u00e9conomiques d\u00e9favoris\u00e9s et les autres <\/strong>pour leur permettre de s\u2019\u00e9panouir pleinement et partir du bon pied pour r\u00e9ussir leur vie.<\/p>\n\n\n\n<p>Pour ce faire, Negba leur fournit <strong>un ensemble complet de services&nbsp;:<\/strong><\/p>\n\n\n\n<ul class=\"wp-block-list\">\n<li><strong>D\u00e9veloppement personnel <\/strong>au moyen de diff\u00e9rents ateliers dispens\u00e9s par nos \u00e9quipes de professionnels.<\/li>\n\n\n\n<li><strong>Soutien scolaire <\/strong>par des enseignants sp\u00e9cialis\u00e9s et au sein de notre centre \u00e9ducatif.<\/li>\n\n\n\n<li><strong>\u00c9panouissement social <\/strong>gr\u00e2ce aux nombreuses activit\u00e9s de groupe, excursions et visites.<\/li>\n\n\n\n<li><strong>Exposition \u00e0 des contenus nouveaux <\/strong>par le biais d\u2019un programme d\u2019enrichissement culturel et artistique sp\u00e9cifique (musique, th\u00e9\u00e2tre, lecture, photo, vid\u00e9o\u2026).<\/li>\n\n\n\n<li><strong>Am\u00e9lioration du lien parents-enfants <\/strong>au travers d\u2019activit\u00e9s communes et d\u2019ateliers pour les parents.<\/li>\n<\/ul>\n\n\n\n<h2 class=\"wp-block-heading\"><span style=\"color:#ed2790\" class=\"color\"> L&rsquo;association Negba&#8230; <\/span><\/h2>\n\n\n\n<ul class=\"wp-block-list\">\n<li><strong>A \u00e9t\u00e9 fond\u00e9e en 2006 <\/strong>et depuis fait fonctionner des <a href=\"https:\/\/negba.org\/negba2018\/fr\/activites\/maisons-de-lesperance\/\" data-type=\"page\" data-id=\"25\">Maisons pour enfants de 6 \u00e0 11 ans<\/a> \u00e0 J\u00e9rusalem et Beer-Sheva, un <a href=\"https:\/\/negba.org\/negba2018\/fr\/activites\/club-des-adolescents\/\" data-type=\"page\" data-id=\"80\">Club pour les adolescents de 12 \u00e0 18 ans<\/a> \u00e0 Beer-Sheva et le <a href=\"https:\/\/negba.org\/negba2018\/fr\/activites\/programme-bogrim-daccompagnement-pour-le-passage-au-college\/\" data-type=\"page\" data-id=\"1455\">programme \u00e0 J\u00e9rusalem pour les adolescents de 6\u00e8me et 5\u00e8me<\/a> pour les soutenir durant leur passage au coll\u00e8ge.<\/li>\n\n\n\n<li><strong>Emploie une \u00e9quipe professionnelle <\/strong>pluridisciplinaire d\u2019assistants sociaux, coordinateurs, animateurs, jeunes filles en service civil et b\u00e9n\u00e9voles.<\/li>\n\n\n\n<li><strong>Fournit aux enfants <\/strong>un environnement rassurant et motivant leur assurant une r\u00e9elle \u00e9galit\u00e9 des chances de r\u00e9ussite.<\/li>\n\n\n\n<li><strong>Utilise une m\u00e9thode <\/strong>m\u00ealant un <a href=\"https:\/\/negba.org\/negba2018\/fr\/activites\/centre-educatif\/\" data-type=\"page\" data-id=\"78\">centre \u00e9ducatif formel <\/a>et des activit\u00e9s p\u00e9dagogiques informelles r\u00e9pondant aux besoins de l\u2019individu, du groupe et de la soci\u00e9t\u00e9.<\/li>\n\n\n\n<li><strong>Construit pour chaque enfant <\/strong>un programme \u00e9ducatif et r\u00e9alise r\u00e9guli\u00e8rement des \u00e9valuations pour chacun.<\/li>\n\n\n\n<li><strong>Aide \u00e0 r\u00e9pondre <\/strong>aux diff\u00e9rentes probl\u00e9matiques familiales durant les <a href=\"https:\/\/negba.org\/negba2018\/fr\/activites\/ateliers-pour-les-parents\/\" data-type=\"page\" data-id=\"74\">ateliers pour les parents<\/a>.<\/li>\n\n\n\n<li><strong>Propose un programme <\/strong>de formation continue \u00e0 ses \u00e9quipes.<\/li>\n\n\n\n<li><strong>Travaille en \u00e9troite collaboration <\/strong>avec les autorit\u00e9s locales et les acteurs p\u00e9dagogiques et sociaux.<\/li>\n<\/ul>\n\n\n\n<h2 class=\"wp-block-heading\"><span style=\"color:#b4bd34\" class=\"color\"> Historique <\/span><\/h2>\n\n\n\n<figure class=\"wp-block-embed is-type-video is-provider-youtube wp-block-embed-youtube wp-embed-aspect-16-9 wp-has-aspect-ratio\"><div class=\"wp-block-embed__wrapper\">\n<span class=\"embed-youtube\" style=\"text-align:center; display: block;\"><iframe loading=\"lazy\" class=\"youtube-player\" width=\"790\" height=\"445\" src=\"https:\/\/www.youtube.com\/embed\/kx0-c8t644U?version=3&#038;rel=1&#038;showsearch=0&#038;showinfo=1&#038;iv_load_policy=1&#038;fs=1&#038;hl=fr-FR&#038;autohide=2&#038;wmode=transparent\" allowfullscreen=\"true\" style=\"border:0;\" sandbox=\"allow-scripts allow-same-origin allow-popups allow-presentation allow-popups-to-escape-sandbox\"><\/iframe><\/span>\n<\/div><figcaption class=\"wp-element-caption\"><em>Historique de Negba, de la cr\u00e9ation<\/em>&nbsp;\u00e0 <em>l&rsquo;ouverture de la Maison Negba en 2018<\/em><\/figcaption><\/figure>\n\n\n\n<p><strong>En 2006, cr\u00e9ation de Negba <\/strong>par Claude Meyer, Claude Kadouch et Jean Bisseliches, trois anciens immigrants de France, en \u00e9troite collaboration avec l\u2019association fran\u00e7aise \u00ab&nbsp;Les Cigognes&nbsp;\u00bb, pr\u00e9sid\u00e9e depuis 1974 par Philippe Cr\u00e9ange et sp\u00e9cialis\u00e9e dans l\u2019aide aux enfants en difficult\u00e9.<\/p>\n\n\n\n<p>Leur vision novatrice de Negba \u00e9tait de faire interagir au sein d\u2019une m\u00eame structure des services \u00e9ducatifs et sociaux pour venir en aide en Isra\u00ebl aux enfants en p\u00e9ril. Cette m\u00eame ann\u00e9e, la premi\u00e8re Maison pour enfants de Negba, sponsoris\u00e9e par Les Cigognes, a ouvert ses portes \u00e0 Beer-Sheva. Le partenariat Negba-Les Cigognes s&rsquo;est encore d\u00e9velopp\u00e9 et renforc\u00e9 au fil des ann\u00e9es, et nous lui devons \u00e0 ce jour beaucoup de nos succ\u00e8s.<\/p>\n\n\n\n<p><strong>En 2008 ce sont d\u00e9j\u00e0 trois Maisons <\/strong>qui accueillent quotidiennement les enfants dans six groupes adapt\u00e9s \u00e0 leurs \u00e2ges.<\/p>\n\n\n\n<p><strong>En 2011, Negba ouvre sa premi\u00e8re Maison \u00e0 J\u00e9rusalem <\/strong>suivant un mod\u00e8le in\u00e9dit. Cette Maison fonctionne \u00e0 l\u2019int\u00e9rieur d\u2019une \u00e9cole et en collaboration totale avec son \u00e9quipe p\u00e9dagogique.<\/p>\n\n\n\n<p><strong>En 2012, Negba commence \u00e0 accueillir les adolescents <\/strong>dans son premier Club \u00e0 Beer-Sheva.<\/p>\n\n\n\n<p><strong>En 2016, ouverture d\u2019un programme pilote \u00e0 J\u00e9rusalem<\/strong>, qui soutient les jeunes adolescents durant le difficile passage au coll\u00e8ge.<\/p>\n\n\n\n<p><strong>En 2018, inauguration du nouveau Centre Negba pour la Jeunesse et la Famille<\/strong> (Centre Caty et Mona Dreyfuss)\u00e0 Beer-Sheva. Ce centre accueille jusqu\u2019\u00e0 45 enfants et 40 adolescents quotidiennement dans un environnement id\u00e9al et propose, en plus, diff\u00e9rentes activit\u00e9s pour la communaut\u00e9.<\/p>\n\n\n\n<p class=\"has-very-light-gray-background-color has-background\">Depuis la rentr\u00e9e 2020-2021, Negba accueille quotidiennement dans ses divers programmes \u00e0 Beer-Sheva et J\u00e9rusalem pr\u00e8s de 250 enfants et adolescents.<\/p>\n\n\n\n<figure class=\"wp-block-embed is-type-video is-provider-youtube wp-block-embed-youtube wp-embed-aspect-16-9 wp-has-aspect-ratio\"><div class=\"wp-block-embed__wrapper\">\n<span class=\"embed-youtube\" style=\"text-align:center; display: block;\"><iframe loading=\"lazy\" class=\"youtube-player\" width=\"790\" height=\"445\" src=\"https:\/\/www.youtube.com\/embed\/Oe4ojuf4NBU?version=3&#038;rel=1&#038;showsearch=0&#038;showinfo=1&#038;iv_load_policy=1&#038;fs=1&#038;hl=fr-FR&#038;autohide=2&#038;wmode=transparent\" allowfullscreen=\"true\" style=\"border:0;\" sandbox=\"allow-scripts allow-same-origin allow-popups allow-presentation allow-popups-to-escape-sandbox\"><\/iframe><\/span>\n<\/div><figcaption class=\"wp-element-caption\"><em>Interview de Claude Meyer (za&rsquo;l) et Claude Kadouch (za&rsquo;l) deux des fondateurs de Negba<\/em><\/figcaption><\/figure>\n","protected":false},"excerpt":{"rendered":"<p>Vision Donner aux enfants et adolescents en marge de la soci\u00e9t\u00e9 isra\u00e9lienne une structure leur permettant d\u2019exploiter au mieux leur potentiel et de devenir des citoyens ind\u00e9pendants, fiers, assumant leurs responsabilit\u00e9s, ouverts sur le monde et capables \u00e0 leur tour de contribuer \u00e0 la communaut\u00e9. Objectifs Rattraper les diff\u00e9rences entre&hellip; <\/p>\n","protected":false},"author":1,"featured_media":0,"parent":0,"menu_order":1,"comment_status":"closed","ping_status":"closed","template":"","meta":{"footnotes":""},"class_list":["post-55","page","type-page","status-publish","hentry"],"jetpack_shortlink":"https:\/\/wp.me\/P9TfAG-T","jetpack_sharing_enabled":true,"jetpack_likes_enabled":true,"_links":{"self":[{"href":"https:\/\/negba.org\/negba2018\/wp-json\/wp\/v2\/pages\/55","targetHints":{"allow":["GET"]}}],"collection":[{"href":"https:\/\/negba.org\/negba2018\/wp-json\/wp\/v2\/pages"}],"about":[{"href":"https:\/\/negba.org\/negba2018\/wp-json\/wp\/v2\/types\/page"}],"author":[{"embeddable":true,"href":"https:\/\/negba.org\/negba2018\/wp-json\/wp\/v2\/users\/1"}],"replies":[{"embeddable":true,"href":"https:\/\/negba.org\/negba2018\/wp-json\/wp\/v2\/comments?post=55"}],"version-history":[{"count":38,"href":"https:\/\/negba.org\/negba2018\/wp-json\/wp\/v2\/pages\/55\/revisions"}],"predecessor-version":[{"id":5514,"href":"https:\/\/negba.org\/negba2018\/wp-json\/wp\/v2\/pages\/55\/revisions\/5514"}],"wp:attachment":[{"href":"https:\/\/negba.org\/negba2018\/wp-json\/wp\/v2\/media?parent=55"}],"curies":[{"name":"wp","href":"https:\/\/api.w.org\/{rel}","templated":true}]}}