{"id":5465,"date":"2023-10-17T14:13:24","date_gmt":"2023-10-17T11:13:24","guid":{"rendered":"https:\/\/negba.org\/negba2018\/?page_id=5465"},"modified":"2025-01-29T14:53:32","modified_gmt":"2025-01-29T11:53:32","slug":"dons-en-suisse","status":"publish","type":"page","link":"https:\/\/negba.org\/negba2018\/fr\/faire-un-don\/dons-en-suisse\/","title":{"rendered":"Dons en Suisse"},"content":{"rendered":"\n<p>L&rsquo;association des Amis Suisses de Negba (AS Negba) &#8211; enregistr\u00e9e sous le n\u00b0 080.111.043 &#8211; a<br>\u00e9t\u00e9 reconnue d\u2019utilit\u00e9 publique par l\u2019Administration Fiscale Cantonale de Gen\u00e8ve le 11 octobre 2023.<\/p>\n\n\n\n<p>Tous vos dons sont d\u00e9ductibles de vos imp\u00f4ts.<\/p>\n\n\n\n<p><strong>Important : pour vous produire votre attestation fiscale, merci de nous avertir de votre don par email \u00e0<br>dons@negba.ch<\/strong><\/p>\n\n\n\n<h2 class=\"wp-block-heading has-text-color has-link-color wp-elements-4803d866c318af1b629cf01afafe27d2\" style=\"color:#b4bd34\"><strong>Don en ligne :<\/strong><\/h2>\n\n\n\n<p>Tous moyens de payement accept\u00e9s : Twint, Paypal, Google Pay, Apple Pay, toutes cartes de paiement (Visa, Mastercard, American Express, Diners, JCB, Discover, UnionPay\u2026)<br>Don Mensuel, <a href=\"https:\/\/donate.stripe.com\/14k1820tQ5xU1yg000\" target=\"_blank\" rel=\"noreferrer noopener\">cliquez ici<\/a><br>Don non r\u00e9current, <a href=\"https:\/\/donate.stripe.com\/5kAdUOekG9Oa2Ck7sw\" target=\"_blank\" rel=\"noreferrer noopener\">cliquez ici<\/a><br>Don exceptionnel avec une plaque m\u00e9morielle, <a href=\"https:\/\/donate.stripe.com\/00g03Y0tQbWi6SA9AD\" target=\"_blank\" rel=\"noreferrer noopener\">cliquez ici<\/a><\/p>\n\n\n\n<hr class=\"wp-block-separator has-alpha-channel-opacity\"\/>\n\n\n\n<h2 class=\"wp-block-heading has-text-color\" style=\"color:#ed2790\"><strong>Don par QR-facture :<\/strong><\/h2>\n\n\n\n<p class=\"has-black-color has-text-color\">Merci de t\u00e9l\u00e9charger <a href=\"https:\/\/negba.org\/negba2018\/wp-content\/uploads\/2018\/08\/Dons-en-Suisse.pdf\">le document disponible ici<\/a>.<\/p>\n\n\n\n<hr class=\"wp-block-separator has-alpha-channel-opacity\"\/>\n\n\n\n<h2 class=\"wp-block-heading has-text-color\" style=\"color:#00ab93\"><strong>Don par virement :<\/strong><\/h2>\n\n\n\n<p>Num\u00e9ro de compte : 16-39408-1<br>IBAN : CH50 0900 0000 1603 9408 1<br>Titulaire du Compte : Amis Suisses de Negba<br>Monnaie : CHF<\/p>\n\n\n\n<p><\/p>\n\n\n\n<p><strong>Adresse de correspondance :<\/strong><br>Amis Suisses de Negba<br>c\/o YANNAY<br>Avenue des Morgines 12<br>1213&nbsp;Petit-Lancy<\/p>\n\n\n\n<figure class=\"wp-block-image size-large\"><img loading=\"lazy\" decoding=\"async\" width=\"1024\" height=\"682\" src=\"https:\/\/negba.org\/negba2018\/wp-content\/uploads\/2023\/10\/WhatsApp-Image-2023-10-12-at-10.09.58_e4919a63-1024x682.jpg\" alt=\"\" class=\"wp-image-5443\" srcset=\"https:\/\/negba.org\/negba2018\/wp-content\/uploads\/2023\/10\/WhatsApp-Image-2023-10-12-at-10.09.58_e4919a63-1024x682.jpg 1024w, https:\/\/negba.org\/negba2018\/wp-content\/uploads\/2023\/10\/WhatsApp-Image-2023-10-12-at-10.09.58_e4919a63-300x200.jpg 300w, https:\/\/negba.org\/negba2018\/wp-content\/uploads\/2023\/10\/WhatsApp-Image-2023-10-12-at-10.09.58_e4919a63-768x512.jpg 768w, https:\/\/negba.org\/negba2018\/wp-content\/uploads\/2023\/10\/WhatsApp-Image-2023-10-12-at-10.09.58_e4919a63-1536x1023.jpg 1536w, https:\/\/negba.org\/negba2018\/wp-content\/uploads\/2023\/10\/WhatsApp-Image-2023-10-12-at-10.09.58_e4919a63.jpg 1600w\" sizes=\"auto, (max-width: 1024px) 100vw, 1024px\" \/><\/figure>\n","protected":false},"excerpt":{"rendered":"<p>L&rsquo;association des Amis Suisses de Negba (AS Negba) &#8211; enregistr\u00e9e sous le n\u00b0 080.111.043 &#8211; a\u00e9t\u00e9 reconnue d\u2019utilit\u00e9 publique par l\u2019Administration Fiscale Cantonale de Gen\u00e8ve le 11 octobre 2023. Tous vos dons sont d\u00e9ductibles de vos imp\u00f4ts. Important : pour vous produire votre attestation fiscale, merci de nous avertir de&hellip; <\/p>\n","protected":false},"author":1,"featured_media":0,"parent":104,"menu_order":6,"comment_status":"closed","ping_status":"closed","template":"","meta":{"footnotes":""},"class_list":["post-5465","page","type-page","status-publish","hentry"],"jetpack_shortlink":"https:\/\/wp.me\/P9TfAG-1q9","jetpack_sharing_enabled":true,"jetpack_likes_enabled":true,"_links":{"self":[{"href":"https:\/\/negba.org\/negba2018\/wp-json\/wp\/v2\/pages\/5465","targetHints":{"allow":["GET"]}}],"collection":[{"href":"https:\/\/negba.org\/negba2018\/wp-json\/wp\/v2\/pages"}],"about":[{"href":"https:\/\/negba.org\/negba2018\/wp-json\/wp\/v2\/types\/page"}],"author":[{"embeddable":true,"href":"https:\/\/negba.org\/negba2018\/wp-json\/wp\/v2\/users\/1"}],"replies":[{"embeddable":true,"href":"https:\/\/negba.org\/negba2018\/wp-json\/wp\/v2\/comments?post=5465"}],"version-history":[{"count":10,"href":"https:\/\/negba.org\/negba2018\/wp-json\/wp\/v2\/pages\/5465\/revisions"}],"predecessor-version":[{"id":7011,"href":"https:\/\/negba.org\/negba2018\/wp-json\/wp\/v2\/pages\/5465\/revisions\/7011"}],"up":[{"embeddable":true,"href":"https:\/\/negba.org\/negba2018\/wp-json\/wp\/v2\/pages\/104"}],"wp:attachment":[{"href":"https:\/\/negba.org\/negba2018\/wp-json\/wp\/v2\/media?parent=5465"}],"curies":[{"name":"wp","href":"https:\/\/api.w.org\/{rel}","templated":true}]}}