{"id":3614,"date":"2020-12-22T13:32:19","date_gmt":"2020-12-22T10:32:19","guid":{"rendered":"http:\/\/negba.org\/negba2018\/?page_id=3614"},"modified":"2022-09-08T08:52:32","modified_gmt":"2022-09-08T05:52:32","slug":"dons-au-royaume-uni","status":"publish","type":"page","link":"https:\/\/negba.org\/negba2018\/fr\/faire-un-don\/dons-au-royaume-uni\/","title":{"rendered":"Dons au Royaume-Uni"},"content":{"rendered":"\n<p>Negba est une organisation isra\u00e9lienne reconnue pour recevoir des dons d\u00e9ductibles d&rsquo;imp\u00f4t au Royaume-Uni via Toremet UK.<\/p>\n\n\n\n<h2 class=\"wp-block-heading\"><span style=\"color:#f04d43\" class=\"color\">En ligne, de fa\u00e7on s\u00e9curis\u00e9e et rapide, par carte de&nbsp;cr\u00e9dit :<\/span><\/h2>\n\n\n\n<p>Pour faire un don en ligne, paiement s\u00e9curis\u00e9 :<br>Cliquez ici pour une \u00ab\u00a0<a rel=\"noreferrer noopener\" href=\"https:\/\/www.paypal.com\/cgi-bin\/webscr?cmd=_s-xclick&amp;hosted_button_id=ERDDL4S7W29PY\" target=\"_blank\">Gift Aid donations<\/a>\u00ab\u00a0<br>ou ici pour une \u00ab\u00a0<a rel=\"noreferrer noopener\" href=\"https:\/\/www.paypal.com\/cgi-bin\/webscr?cmd=_s-xclick&amp;hosted_button_id=ED6V8HSVV5QG6\" target=\"_blank\">non-Gift Aid donations<\/a>\u00ab\u00a0<\/p>\n\n\n\n<h2 class=\"wp-block-heading\"><span style=\"color:#789ec9\" class=\"color\">Par ch\u00e8que ou virement bancaire<\/span><\/h2>\n\n\n\n<p>Pour faire un don par ch\u00e8que ou virement bancaire, <a href=\"https:\/\/negba.org\/negba2018\/wp-content\/uploads\/2018\/08\/Donation-instructions-for-UK-Toremet-2022.pdf\" target=\"_blank\" rel=\"noreferrer noopener\">cliquez\u00a0ici<\/a>\u00a0pour t\u00e9l\u00e9charger les instructions.<\/p>\n","protected":false},"excerpt":{"rendered":"<p>Negba est une organisation isra\u00e9lienne reconnue pour recevoir des dons d\u00e9ductibles d&rsquo;imp\u00f4t au Royaume-Uni via Toremet UK. En ligne, de fa\u00e7on s\u00e9curis\u00e9e et rapide, par carte de&nbsp;cr\u00e9dit : Pour faire un don en ligne, paiement s\u00e9curis\u00e9 :Cliquez ici pour une \u00ab\u00a0Gift Aid donations\u00ab\u00a0ou ici pour une \u00ab\u00a0non-Gift Aid donations\u00ab\u00a0 Par&hellip; <\/p>\n","protected":false},"author":1,"featured_media":0,"parent":104,"menu_order":4,"comment_status":"closed","ping_status":"closed","template":"","meta":{"footnotes":""},"class_list":["post-3614","page","type-page","status-publish","hentry"],"jetpack_shortlink":"https:\/\/wp.me\/P9TfAG-Wi","jetpack_sharing_enabled":true,"jetpack_likes_enabled":true,"_links":{"self":[{"href":"https:\/\/negba.org\/negba2018\/wp-json\/wp\/v2\/pages\/3614","targetHints":{"allow":["GET"]}}],"collection":[{"href":"https:\/\/negba.org\/negba2018\/wp-json\/wp\/v2\/pages"}],"about":[{"href":"https:\/\/negba.org\/negba2018\/wp-json\/wp\/v2\/types\/page"}],"author":[{"embeddable":true,"href":"https:\/\/negba.org\/negba2018\/wp-json\/wp\/v2\/users\/1"}],"replies":[{"embeddable":true,"href":"https:\/\/negba.org\/negba2018\/wp-json\/wp\/v2\/comments?post=3614"}],"version-history":[{"count":3,"href":"https:\/\/negba.org\/negba2018\/wp-json\/wp\/v2\/pages\/3614\/revisions"}],"predecessor-version":[{"id":4960,"href":"https:\/\/negba.org\/negba2018\/wp-json\/wp\/v2\/pages\/3614\/revisions\/4960"}],"up":[{"embeddable":true,"href":"https:\/\/negba.org\/negba2018\/wp-json\/wp\/v2\/pages\/104"}],"wp:attachment":[{"href":"https:\/\/negba.org\/negba2018\/wp-json\/wp\/v2\/media?parent=3614"}],"curies":[{"name":"wp","href":"https:\/\/api.w.org\/{rel}","templated":true}]}}