{"id":3610,"date":"2020-12-22T13:24:17","date_gmt":"2020-12-22T10:24:17","guid":{"rendered":"http:\/\/negba.org\/negba2018\/?page_id=3610"},"modified":"2023-12-21T11:53:11","modified_gmt":"2023-12-21T08:53:11","slug":"dons-aux-etats-unis","status":"publish","type":"page","link":"https:\/\/negba.org\/negba2018\/fr\/faire-un-don\/dons-aux-etats-unis\/","title":{"rendered":"Dons aux Etats-Unis"},"content":{"rendered":"\n<h3 class=\"wp-block-heading has-text-color has-link-color wp-elements-811383f74815a331e7d4adfb3b4a35bd\" style=\"color:#00ab93\">Don en ligne s\u00e9curis\u00e9 par carte de cr\u00e9dit :<\/h3>\n\n\n\n<p><a href=\"https:\/\/pefisrael.org\/charity\/negba-network-of-houses-of-hope\/\" target=\"_blank\" rel=\"noreferrer noopener\">Cliquez ici<\/a><\/p>\n\n\n\n<h3 class=\"wp-block-heading has-text-color has-link-color wp-elements-d23b893b87d04a38cc2d650df6834f3e\" style=\"color:#fdbb2f\">Don par ch\u00e8que :<\/h3>\n\n\n\n<p>Adressez votre participation \u00e0 l&rsquo;ordre de P.E.F. Israel Endowment Funds. Inc.,\u00a0<strong>en pr\u00e9cisant qu\u2019elle est destin\u00e9e \u00e0 Negba.<\/strong><\/p>\n\n\n\n<p><strong><span style=\"color:#f04d43\" class=\"color\">Adressez votre ch\u00e8que \u00e0 :<br><\/span><\/strong>P.E.F. Israel Endowment Funds. Inc.<br>630 Third Avenue, 15th Floor<br>New York, NY 10017 USA<br>Tel: 212.599.1260<\/p>\n\n\n\n<p><strong><span style=\"color:#789ec9\" class=\"color\">Destination du don :<br><\/span><\/strong>Negba-Network of House of Hope<br>10 Shimon Ben Shetach Street<br>Beersheva 8460410<br>Amutah 58-0466928<br><\/p>\n\n\n\n<p>Pour plus d&rsquo;informations, visitez la page consacr\u00e9e \u00e0 Negba sur le site du PEF :\u00a0<a href=\"http:\/\/pefisrael.org\/charity\/negba-network-of-houses-of-hope\/\">pefisrael.org\/charity\/negba-network-of-houses-of-hope\/<\/a>.<\/p>\n\n\n\n<figure class=\"wp-block-image size-large\"><img loading=\"lazy\" decoding=\"async\" width=\"1024\" height=\"682\" src=\"https:\/\/negba.org\/negba2018\/wp-content\/uploads\/2023\/10\/WhatsApp-Image-2023-10-12-at-10.09.58_e4919a63-1024x682.jpg\" alt=\"\" class=\"wp-image-5443\" srcset=\"https:\/\/negba.org\/negba2018\/wp-content\/uploads\/2023\/10\/WhatsApp-Image-2023-10-12-at-10.09.58_e4919a63-1024x682.jpg 1024w, https:\/\/negba.org\/negba2018\/wp-content\/uploads\/2023\/10\/WhatsApp-Image-2023-10-12-at-10.09.58_e4919a63-300x200.jpg 300w, https:\/\/negba.org\/negba2018\/wp-content\/uploads\/2023\/10\/WhatsApp-Image-2023-10-12-at-10.09.58_e4919a63-768x512.jpg 768w, https:\/\/negba.org\/negba2018\/wp-content\/uploads\/2023\/10\/WhatsApp-Image-2023-10-12-at-10.09.58_e4919a63-1536x1023.jpg 1536w, https:\/\/negba.org\/negba2018\/wp-content\/uploads\/2023\/10\/WhatsApp-Image-2023-10-12-at-10.09.58_e4919a63.jpg 1600w\" sizes=\"auto, (max-width: 1024px) 100vw, 1024px\" \/><\/figure>\n","protected":false},"excerpt":{"rendered":"<p>Don en ligne s\u00e9curis\u00e9 par carte de cr\u00e9dit : Cliquez ici Don par ch\u00e8que : Adressez votre participation \u00e0 l&rsquo;ordre de P.E.F. Israel Endowment Funds. Inc.,\u00a0en pr\u00e9cisant qu\u2019elle est destin\u00e9e \u00e0 Negba. Adressez votre ch\u00e8que \u00e0 :P.E.F. Israel Endowment Funds. Inc.630 Third Avenue, 15th FloorNew York, NY 10017 USATel: 212.599.1260&hellip; <\/p>\n","protected":false},"author":1,"featured_media":0,"parent":104,"menu_order":3,"comment_status":"closed","ping_status":"closed","template":"","meta":{"footnotes":""},"class_list":["post-3610","page","type-page","status-publish","hentry"],"jetpack_shortlink":"https:\/\/wp.me\/P9TfAG-We","jetpack_sharing_enabled":true,"jetpack_likes_enabled":true,"_links":{"self":[{"href":"https:\/\/negba.org\/negba2018\/wp-json\/wp\/v2\/pages\/3610","targetHints":{"allow":["GET"]}}],"collection":[{"href":"https:\/\/negba.org\/negba2018\/wp-json\/wp\/v2\/pages"}],"about":[{"href":"https:\/\/negba.org\/negba2018\/wp-json\/wp\/v2\/types\/page"}],"author":[{"embeddable":true,"href":"https:\/\/negba.org\/negba2018\/wp-json\/wp\/v2\/users\/1"}],"replies":[{"embeddable":true,"href":"https:\/\/negba.org\/negba2018\/wp-json\/wp\/v2\/comments?post=3610"}],"version-history":[{"count":4,"href":"https:\/\/negba.org\/negba2018\/wp-json\/wp\/v2\/pages\/3610\/revisions"}],"predecessor-version":[{"id":5651,"href":"https:\/\/negba.org\/negba2018\/wp-json\/wp\/v2\/pages\/3610\/revisions\/5651"}],"up":[{"embeddable":true,"href":"https:\/\/negba.org\/negba2018\/wp-json\/wp\/v2\/pages\/104"}],"wp:attachment":[{"href":"https:\/\/negba.org\/negba2018\/wp-json\/wp\/v2\/media?parent=3610"}],"curies":[{"name":"wp","href":"https:\/\/api.w.org\/{rel}","templated":true}]}}