{"id":3578,"date":"2020-12-22T11:42:59","date_gmt":"2020-12-22T08:42:59","guid":{"rendered":"http:\/\/negba.org\/negba2018\/?page_id=3578"},"modified":"2024-12-18T11:12:05","modified_gmt":"2024-12-18T08:12:05","slug":"dons-en-france","status":"publish","type":"page","link":"https:\/\/negba.org\/negba2018\/fr\/faire-un-don\/dons-en-france\/","title":{"rendered":"Dons en France"},"content":{"rendered":"\n<h3 class=\"wp-block-heading\"><span style=\"color:#f04d43\" class=\"color\">En ligne, de fa\u00e7on s\u00e9curis\u00e9e et rapide, par carte de&nbsp;cr\u00e9dit :<\/span><\/h3>\n\n\n\n<p>Dans le cadre du partenariat entre Negba et le Keren Hayessod, vous pouvez faire vos dons en ligne et de fa\u00e7on s\u00e9curis\u00e9e en cliquant sur le bouton ci-dessous<\/p>\n\n\n\n<div class=\"wp-block-buttons is-horizontal is-content-justification-center is-layout-flex wp-container-core-buttons-is-layout-499968f5 wp-block-buttons-is-layout-flex\">\n<div class=\"wp-block-button is-style-fill\"><a class=\"wp-block-button__link has-white-color has-text-color has-background wp-element-button\" href=\"https:\/\/soutenir.keren-hayessod.fr\/negba\/~mon-don?_cv=1-\" style=\"border-radius:10px;background-color:#f04d43\" target=\"_blank\" rel=\"noreferrer noopener\"><strong>Don CB s\u00e9curis\u00e9<\/strong><\/a><\/div>\n<\/div>\n\n\n\n<p><\/p>\n\n\n\n<p><strong>Pour un meilleur suivi de votre don, informez D\u00e9borah par mail : <a href=\"mailto:deborah@negba.org\">deborah@negba.org<\/a><\/strong><\/p>\n\n\n\n<p><em>Vous recevrez directement votre Cerfa par mail retour.<\/em><\/p>\n\n\n\n<hr class=\"wp-block-separator has-alpha-channel-opacity\"\/>\n\n\n\n<h3 class=\"wp-block-heading\"><span style=\"color:#00ab93\" class=\"color\">Par ch\u00e8que ou virement bancaire :<\/span><\/h3>\n\n\n\n<p><strong>Pour faire un don par ch\u00e8que ou par virement, merci de contacter D\u00e9borah<\/strong> : <a href=\"mailto:deborah@negba.org\">deborah@negba.org<\/a><\/p>\n\n\n\n<p><\/p>\n\n\n\n<hr class=\"wp-block-separator has-alpha-channel-opacity\"\/>\n\n\n\n<h3 class=\"wp-block-heading has-text-color has-link-color wp-elements-3d53104691128ae3c435236a0d2daee8\" style=\"color:#789ec9\">IFI <\/h3>\n\n\n\n<p><strong>Important <\/strong>: en cliquant sur le bouton ci dessous, vous serez redirig\u00e9 vers le site de l&rsquo;AIU &#8211; ENIO, partenaire de Negba :<\/p>\n\n\n\n<ol class=\"wp-block-list\">\n<li><strong><strong>Notez <\/strong>en commentaire :\u00a0Negba<\/strong><\/li>\n\n\n\n<li><strong>Pr\u00e9venez-nous de votre don par mail : <a href=\"mailto:deborah@negba.org\">deborah@negba.org<\/a><\/strong><\/li>\n<\/ol>\n\n\n\n<div class=\"wp-block-buttons is-horizontal is-content-justification-center is-layout-flex wp-container-core-buttons-is-layout-499968f5 wp-block-buttons-is-layout-flex\">\n<div class=\"wp-block-button is-style-fill\"><a class=\"wp-block-button__link has-white-color has-text-color has-background wp-element-button\" href=\"https:\/\/dons-enio.org\/ifi\/?partenaire=N3\" style=\"border-radius:10px;background-color:#789ec9\" target=\"_blank\" rel=\"noreferrer noopener\"><strong>D<\/strong>on IFI<\/a><\/div>\n<\/div>\n\n\n\n<div class=\"wp-block-buttons is-layout-flex wp-block-buttons-is-layout-flex\"><\/div>\n\n\n\n<p><strong><em>Le re\u00e7u CERFA IFI vous sera adress\u00e9 d\u00e8s r\u00e9ception de votre don.<\/em><\/strong><\/p>\n\n\n\n<p>Pour plus d&rsquo;infos, <a href=\"https:\/\/negba.org\/negba2018\/fr\/faire-un-don\/ifi\/\" data-type=\"page\" data-id=\"2569\">cliquez ici<\/a><\/p>\n\n\n\n<figure class=\"wp-block-image size-large\"><img loading=\"lazy\" decoding=\"async\" width=\"1024\" height=\"682\" src=\"https:\/\/negba.org\/negba2018\/wp-content\/uploads\/2023\/10\/WhatsApp-Image-2023-10-12-at-10.09.58_e4919a63-1024x682.jpg\" alt=\"\" class=\"wp-image-5443\" srcset=\"https:\/\/negba.org\/negba2018\/wp-content\/uploads\/2023\/10\/WhatsApp-Image-2023-10-12-at-10.09.58_e4919a63-1024x682.jpg 1024w, https:\/\/negba.org\/negba2018\/wp-content\/uploads\/2023\/10\/WhatsApp-Image-2023-10-12-at-10.09.58_e4919a63-300x200.jpg 300w, https:\/\/negba.org\/negba2018\/wp-content\/uploads\/2023\/10\/WhatsApp-Image-2023-10-12-at-10.09.58_e4919a63-768x512.jpg 768w, https:\/\/negba.org\/negba2018\/wp-content\/uploads\/2023\/10\/WhatsApp-Image-2023-10-12-at-10.09.58_e4919a63-1536x1023.jpg 1536w, https:\/\/negba.org\/negba2018\/wp-content\/uploads\/2023\/10\/WhatsApp-Image-2023-10-12-at-10.09.58_e4919a63.jpg 1600w\" sizes=\"auto, (max-width: 1024px) 100vw, 1024px\" \/><\/figure>\n","protected":false},"excerpt":{"rendered":"<p>En ligne, de fa\u00e7on s\u00e9curis\u00e9e et rapide, par carte de&nbsp;cr\u00e9dit : Dans le cadre du partenariat entre Negba et le Keren Hayessod, vous pouvez faire vos dons en ligne et de fa\u00e7on s\u00e9curis\u00e9e en cliquant sur le bouton ci-dessous Pour un meilleur suivi de votre don, informez D\u00e9borah par mail&hellip; <\/p>\n","protected":false},"author":1,"featured_media":0,"parent":104,"menu_order":1,"comment_status":"closed","ping_status":"closed","template":"","meta":{"footnotes":""},"class_list":["post-3578","page","type-page","status-publish","hentry"],"jetpack_shortlink":"https:\/\/wp.me\/P9TfAG-VI","jetpack_sharing_enabled":true,"jetpack_likes_enabled":true,"_links":{"self":[{"href":"https:\/\/negba.org\/negba2018\/wp-json\/wp\/v2\/pages\/3578","targetHints":{"allow":["GET"]}}],"collection":[{"href":"https:\/\/negba.org\/negba2018\/wp-json\/wp\/v2\/pages"}],"about":[{"href":"https:\/\/negba.org\/negba2018\/wp-json\/wp\/v2\/types\/page"}],"author":[{"embeddable":true,"href":"https:\/\/negba.org\/negba2018\/wp-json\/wp\/v2\/users\/1"}],"replies":[{"embeddable":true,"href":"https:\/\/negba.org\/negba2018\/wp-json\/wp\/v2\/comments?post=3578"}],"version-history":[{"count":59,"href":"https:\/\/negba.org\/negba2018\/wp-json\/wp\/v2\/pages\/3578\/revisions"}],"predecessor-version":[{"id":6802,"href":"https:\/\/negba.org\/negba2018\/wp-json\/wp\/v2\/pages\/3578\/revisions\/6802"}],"up":[{"embeddable":true,"href":"https:\/\/negba.org\/negba2018\/wp-json\/wp\/v2\/pages\/104"}],"wp:attachment":[{"href":"https:\/\/negba.org\/negba2018\/wp-json\/wp\/v2\/media?parent=3578"}],"curies":[{"name":"wp","href":"https:\/\/api.w.org\/{rel}","templated":true}]}}