{"id":2569,"date":"2019-04-29T15:51:27","date_gmt":"2019-04-29T12:51:27","guid":{"rendered":"http:\/\/negba.org\/negba2018\/?page_id=2569"},"modified":"2026-04-12T10:16:21","modified_gmt":"2026-04-12T07:16:21","slug":"ifi","status":"publish","type":"page","link":"https:\/\/negba.org\/negba2018\/fr\/faire-un-don\/ifi\/","title":{"rendered":"Vous \u00eates redevables de l&rsquo;IFI en 2026 ?"},"content":{"rendered":"\n<div class=\"wp-block-group has-background\" style=\"background-color:#ededed\"><div class=\"wp-block-group__inner-container is-layout-constrained wp-block-group-is-layout-constrained\">\n<p><\/p>\n\n\n\n<div class=\"wp-block-group\"><div class=\"wp-block-group__inner-container is-layout-constrained wp-block-group-is-layout-constrained\">\n<p class=\"has-text-align-center\"><strong>En faisant un don IFI au profit des actions&nbsp;de&nbsp;Negba, <\/strong><br><strong>vous aidez \u00e0 sauver des enfants en p\u00e9ril et \u00e0 leur redonner le sourire !<\/strong><\/p>\n\n\n\n<p class=\"has-text-align-center\"><strong><em>Votre don est d\u00e9ductible \u00e0 hauteur de 75% de l&rsquo;IFI dans la limite de 50.000 \u20ac.<\/em><\/strong> <br><strong><em>Le re\u00e7u CERFA IFI vous sera adress\u00e9 d\u00e8s r\u00e9ception de votre don.<\/em><\/strong><\/p>\n<\/div><\/div>\n<\/div><\/div>\n\n\n\n<h2 class=\"wp-block-heading has-black-color has-text-color has-medium-font-size\"><strong>Comment faire votre don IFI au profit Negba ?<\/strong><\/h2>\n\n\n\n<p><\/p>\n\n\n\n<h3 class=\"wp-block-heading has-text-color has-link-color has-medium-font-size wp-elements-5eadde21c22063d0479742363b6cc331\" style=\"color:#f04d43\"><strong>Par internet (paiement direct en ligne et s\u00e9curis\u00e9) :<\/strong><\/h3>\n\n\n\n<div class=\"wp-block-buttons is-content-justification-center is-layout-flex wp-container-core-buttons-is-layout-16018d1d wp-block-buttons-is-layout-flex\">\n<div class=\"wp-block-button\"><a class=\"wp-block-button__link has-background has-text-align-center wp-element-button\" href=\"https:\/\/dons-enio.org\/ifi\/?partenaire=N3\" style=\"border-top-left-radius:9px;border-top-right-radius:9px;border-bottom-left-radius:9px;border-bottom-right-radius:9px;background-color:#f04d43\" target=\"_blank\" rel=\"noreferrer noopener\"><strong>Don IFI CB s\u00e9curis\u00e9<\/strong><\/a><\/div>\n<\/div>\n\n\n\n<p><strong>Important&nbsp;<\/strong>:<\/p>\n\n\n\n<p><\/p>\n\n\n\n<ol class=\"wp-block-list\">\n<li><strong><strong>Dans les precisions<\/strong> :&nbsp;NEGBA<\/strong><\/li>\n\n\n\n<li><strong>Pour suivre la bonne r\u00e9ception de votre don, pr\u00e9venez-nous de votre don par mail :&nbsp;<a href=\"mailto:deborah@negba.org\">deborah@negba.org<\/a><\/strong><\/li>\n<\/ol>\n\n\n\n<hr class=\"wp-block-separator has-alpha-channel-opacity\"\/>\n\n\n\n<h3 class=\"wp-block-heading has-text-color has-link-color has-medium-font-size wp-elements-6541b66e2cac29a0f1879010c8e06b74\" style=\"color:#789ec9\"><strong>Par virement bancaire :<\/strong><\/h3>\n\n\n\n<p class=\"has-black-color has-text-color has-link-color wp-elements-43d739b745d1b917db9c19a380b7dad0\"><strong>Pour recevoir les coordonn\u00e9es bancaires, envoyez votre demande<\/strong> <span style=\"background-color:#ffffff\" class=\"background-color\"><strong>\u00e0<\/strong> <strong><a href=\"mailto:deborah@negba.org\">deborah@negba.org<\/a><\/strong><\/span><\/p>\n\n\n\n<hr class=\"wp-block-separator has-alpha-channel-opacity\"\/>\n\n\n\n<h3 class=\"wp-block-heading has-text-color has-link-color has-medium-font-size wp-elements-9df9ab1e81a6f7bc982f30fd41043612\" style=\"color:#ed2790\"><strong>Par ch\u00e8que<\/strong> :<\/h3>\n\n\n\n<p>Libellez votre ch\u00e8que \u00e0 l\u2019ordre de&nbsp;: <strong>&nbsp;la Fondation ENIO <\/strong><br><strong>Et envoyez-le \u00e0 l\u2019adresse suivante&nbsp;: AIU, 27 Avenue de S\u00e9gur &#8211; 75007 Paris<\/strong><\/p>\n\n\n\n<hr class=\"wp-block-separator has-alpha-channel-opacity\"\/>\n\n\n\n<p class=\"has-text-align-center has-text-color has-background has-medium-font-size\" style=\"color:#000000;background-color:#fdbb2f\"><strong>IMPORTANT<\/strong><br><strong><strong>Pour un meilleur suivi de votre don et de sa bonne affectation \u00e0 Negba, informez-nous par mail :<\/strong><\/strong> <a href=\"mailto:deborah@negba.org\"><strong>deborah@negba.org<\/strong><\/a> <a href=\"https:\/\/negba.org\/negba2018\/faire-un-don\/\"><\/a><\/p>\n\n\n\n<h3 class=\"wp-block-heading has-text-color has-medium-font-size\" style=\"color:#fdbb2f\"><strong>Dates limites de d\u00e9claration IFI <\/strong>2026<\/h3>\n\n\n\n<p>Les dates limites de d\u00e9claration de l&rsquo;<strong>Imp\u00f4t sur la Fortune Immobili\u00e8re (IFI) 2026<\/strong>&nbsp;se calquent sur celles de l&rsquo;imp\u00f4t sur le revenu. Bien que le calendrier exact soit confirm\u00e9 par l&rsquo;administration fiscale au printemps (avril), les \u00e9ch\u00e9ances pr\u00e9visionnelles bas\u00e9es sur le calendrier fiscal habituel sont les suivantes :<\/p>\n\n\n\n<figure class=\"wp-block-table\"><table><tbody><tr><td><strong>Vous r\u00e9sidez<\/strong><\/td><td><strong>La date limite de d\u00e9claration d\u2019imp\u00f4t en ligne est le<\/strong><\/td><\/tr><tr><td>D\u00e9partements du 01&nbsp;\u00e0 19 et non-r\u00e9sidents<\/td><td>Mi-mai 2026<\/td><\/tr><tr><td>D\u00e9partements 20 \u00e0 54<\/td><td>Juin 2026<\/td><\/tr><tr><td>D\u00e9partements 55 \u00e0 976<\/td><td>8 juin 2026<\/td><\/tr><\/tbody><\/table><\/figure>\n\n\n\n<p><strong>Date limite de d\u00e9claration au format papier par voie postale<\/strong> : Mi-mai 2026<br><em>Note : la d\u00e9claration papier est r\u00e9serv\u00e9e aux contribuables n&rsquo;ayant pas d&rsquo;acc\u00e8s \u00e0 internet ou ne sachant pas s&rsquo;en servir.<\/em>&nbsp;<\/p>\n\n\n\n<p><\/p>\n\n\n\n<p><br><strong>Vous pouvez aussi faire un don \u00e0 Negba dans le cadre de l&rsquo;IRPP&nbsp;!<\/strong> <a href=\"https:\/\/negba.org\/negba2018\/faire-un-don\/\">cliquez ici pour plus d&rsquo;informations<\/a><\/p>\n\n\n\n<p><br><\/p>\n\n\n\n<figure class=\"wp-block-image\"><img loading=\"lazy\" decoding=\"async\" width=\"800\" height=\"533\" src=\"https:\/\/negba.org\/negba2018\/wp-content\/uploads\/2019\/04\/IMG_2028-Copy.jpg\" alt=\"\" class=\"wp-image-2587\" srcset=\"https:\/\/negba.org\/negba2018\/wp-content\/uploads\/2019\/04\/IMG_2028-Copy.jpg 800w, https:\/\/negba.org\/negba2018\/wp-content\/uploads\/2019\/04\/IMG_2028-Copy-300x200.jpg 300w, https:\/\/negba.org\/negba2018\/wp-content\/uploads\/2019\/04\/IMG_2028-Copy-768x512.jpg 768w\" sizes=\"auto, (max-width: 800px) 100vw, 800px\" \/><\/figure>\n\n\n\n<p>L\u2019association Negba ouvrit sa premi\u00e8re Maison de l\u2019Esp\u00e9rance en 2006 dans un des quartiers les plus d\u00e9sh\u00e9rit\u00e9s de Beer-Sheva. Aujourd&rsquo;hui Negba accueille quelque 250 enfants et adolescents \u00e0 Beer-Sheva et \u00e0 J\u00e9rusalem. La r\u00e9ussite de Negba ne se mesure pas en chiffres. Elle r\u00e9side toute enti\u00e8re dans ses enfants, dans leurs demandes et celles de leurs familles, qui poussent l\u2019association \u00e0 \u00e9tendre son champ d\u2019activit\u00e9s et \u00e0 d\u00e9velopper de nouveaux projets. <\/p>\n","protected":false},"excerpt":{"rendered":"<p>En faisant un don IFI au profit des actions&nbsp;de&nbsp;Negba, vous aidez \u00e0 sauver des enfants en p\u00e9ril et \u00e0 leur redonner le sourire ! Votre don est d\u00e9ductible \u00e0 hauteur de 75% de l&rsquo;IFI dans la limite de 50.000 \u20ac. Le re\u00e7u CERFA IFI vous sera adress\u00e9 d\u00e8s r\u00e9ception de&hellip; <\/p>\n","protected":false},"author":1,"featured_media":0,"parent":104,"menu_order":3,"comment_status":"closed","ping_status":"closed","template":"","meta":{"footnotes":""},"class_list":["post-2569","page","type-page","status-publish","hentry"],"jetpack_shortlink":"https:\/\/wp.me\/P9TfAG-Fr","jetpack_sharing_enabled":true,"jetpack_likes_enabled":true,"_links":{"self":[{"href":"https:\/\/negba.org\/negba2018\/wp-json\/wp\/v2\/pages\/2569","targetHints":{"allow":["GET"]}}],"collection":[{"href":"https:\/\/negba.org\/negba2018\/wp-json\/wp\/v2\/pages"}],"about":[{"href":"https:\/\/negba.org\/negba2018\/wp-json\/wp\/v2\/types\/page"}],"author":[{"embeddable":true,"href":"https:\/\/negba.org\/negba2018\/wp-json\/wp\/v2\/users\/1"}],"replies":[{"embeddable":true,"href":"https:\/\/negba.org\/negba2018\/wp-json\/wp\/v2\/comments?post=2569"}],"version-history":[{"count":84,"href":"https:\/\/negba.org\/negba2018\/wp-json\/wp\/v2\/pages\/2569\/revisions"}],"predecessor-version":[{"id":7985,"href":"https:\/\/negba.org\/negba2018\/wp-json\/wp\/v2\/pages\/2569\/revisions\/7985"}],"up":[{"embeddable":true,"href":"https:\/\/negba.org\/negba2018\/wp-json\/wp\/v2\/pages\/104"}],"wp:attachment":[{"href":"https:\/\/negba.org\/negba2018\/wp-json\/wp\/v2\/media?parent=2569"}],"curies":[{"name":"wp","href":"https:\/\/api.w.org\/{rel}","templated":true}]}}