{"id":25,"date":"2018-04-22T10:52:00","date_gmt":"2018-04-22T08:52:00","guid":{"rendered":"http:\/\/negba.org\/negba2018\/?page_id=25"},"modified":"2021-02-02T15:43:46","modified_gmt":"2021-02-02T12:43:46","slug":"maisons-de-lesperance","status":"publish","type":"page","link":"https:\/\/negba.org\/negba2018\/fr\/activites\/maisons-de-lesperance\/","title":{"rendered":"Maisons de l&rsquo;Esp\u00e9rance"},"content":{"rendered":"\n<p>Les Maisons de l\u2019Esp\u00e9rance accueillent les enfants de l\u2019\u00e2ge de l\u2019\u00e9cole primaire, chaque apr\u00e8s-midi, dans un environnement chaleureux et familial. Ils profitent d\u2019une grande vari\u00e9t\u00e9 d\u2019activit\u00e9s favorisant leur d\u00e9veloppement personnel.<\/p>\n\n\n\n<!--more-->\n\n\n\n<p>L\u2019\u00e9quipe p\u00e9dagogique con\u00e7oit pour chaque enfant un programme personnalis\u00e9 en fonction de ses besoins et de ses capacit\u00e9s. Un suivi r\u00e9gulier est effectu\u00e9 pour \u00e9valuer les progr\u00e8s r\u00e9alis\u00e9s et \u00e9ventuellement apporter des modifications au programme.<\/p>\n\n\n\n<p>L\u2019\u00e9quipe travaille en \u00e9troite collaboration avec les parents et les \u00e9coles des enfants pour les aider au mieux dans leur d\u00e9veloppement.<\/p>\n\n\n\n<p>Les activit\u00e9s propos\u00e9es suivent plusieurs axes&nbsp;:<\/p>\n\n\n\n<div class=\"wp-block-image\"><figure class=\"alignleft\"><img loading=\"lazy\" decoding=\"async\" width=\"300\" height=\"200\" src=\"https:\/\/negba.org\/negba2018\/wp-content\/uploads\/2018\/09\/IMG_5061-1-300x200.jpg\" alt=\"\" class=\"wp-image-1770\" srcset=\"https:\/\/negba.org\/negba2018\/wp-content\/uploads\/2018\/09\/IMG_5061-1-300x200.jpg 300w, https:\/\/negba.org\/negba2018\/wp-content\/uploads\/2018\/09\/IMG_5061-1-768x512.jpg 768w, https:\/\/negba.org\/negba2018\/wp-content\/uploads\/2018\/09\/IMG_5061-1.jpg 1024w\" sizes=\"auto, (max-width: 300px) 100vw, 300px\" \/><\/figure><\/div>\n\n\n\n<p><\/p>\n\n\n\n<ul class=\"wp-block-list\"><li>Soutien scolaire au moyen de notre <a href=\"https:\/\/negba.org\/negba2018\/fr\/activites\/centre-educatif\/\">Centre \u00c9ducatif<\/a>.<\/li><\/ul>\n\n\n\n<ul class=\"wp-block-list\"><li>Am\u00e9lioration des capacit\u00e9s relationnelles gr\u00e2ce au travail de nos professionnels, par le d\u00e9veloppement des relations personnelles avec les animateurs et la r\u00e9alisation de t\u00e2ches au sein du groupe.<\/li><li>Enrichissement culturel \u00e0 l\u2019aide de sorties r\u00e9guli\u00e8res&nbsp;: concerts de musique classique, lectures publiques \u00e0 la biblioth\u00e8que, th\u00e9\u00e2tre\u2026<\/li><li>Progr\u00e8s dans les relations au sein de la cellule familiale au moyen d\u2019activit\u00e9s parents-enfants.<\/li><li>D\u00e9couverte du pays au travers d\u2019excursions dans tout Isra\u00ebl.<\/li><\/ul>\n\n\n\n<p>De plus les enfants profitent chaque jour de repas chauds \u00ab&nbsp;faits maison&nbsp;\u00bb, pris en commun dans une atmosph\u00e8re d\u00e9tendue et familiale.<\/p>\n\n\n\n<p>Negba accueille quotidiennement <strong>165 enfants dans 11 groupes de 15 enfants<\/strong> (9 \u00e0 Beer-Sheva et 2 \u00e0 J\u00e9rusalem). Ces groupes sont r\u00e9partis dans 5 maisons comptant chacune un coordinateur, une intendante et 4 animatrices&nbsp;:<\/p>\n\n\n\n<div class=\"wp-block-image size-medium wp-image-576\"><figure class=\"alignleft\"><img loading=\"lazy\" decoding=\"async\" width=\"300\" height=\"200\" src=\"https:\/\/negba.org\/negba2018\/wp-content\/uploads\/2018\/05\/francklevy-300x200.jpg\" alt=\"\" class=\"wp-image-576\" srcset=\"https:\/\/negba.org\/negba2018\/wp-content\/uploads\/2018\/05\/francklevy-300x200.jpg 300w, https:\/\/negba.org\/negba2018\/wp-content\/uploads\/2018\/05\/francklevy-768x512.jpg 768w, https:\/\/negba.org\/negba2018\/wp-content\/uploads\/2018\/05\/francklevy.jpg 1024w\" sizes=\"auto, (max-width: 300px) 100vw, 300px\" \/><figcaption>Maison Franck Levy, Beer Sheva. 30 enfants CP-6\u00e8me<\/figcaption><\/figure><\/div>\n\n\n\n<div class=\"wp-block-image wp-image-577 size-medium\"><figure class=\"alignleft\"><img loading=\"lazy\" decoding=\"async\" width=\"300\" height=\"225\" src=\"https:\/\/negba.org\/negba2018\/wp-content\/uploads\/2018\/05\/grosman-300x225.jpg\" alt=\"\" class=\"wp-image-577\" srcset=\"https:\/\/negba.org\/negba2018\/wp-content\/uploads\/2018\/05\/grosman-300x225.jpg 300w, https:\/\/negba.org\/negba2018\/wp-content\/uploads\/2018\/05\/grosman-768x576.jpg 768w, https:\/\/negba.org\/negba2018\/wp-content\/uploads\/2018\/05\/grosman.jpg 1024w\" sizes=\"auto, (max-width: 300px) 100vw, 300px\" \/><figcaption>Maison Grosman, J\u00e9rusalem. 30 enfants CP-6\u00e8me. La Maison Grosman est implant\u00e9e au sein de l&rsquo;\u00e9cole Reshit et travaille en compl\u00e8te symbiose avec elle.<\/figcaption><\/figure><\/div>\n\n\n\n<div class=\"wp-block-image wp-image-2622 size-medium\"><figure class=\"alignleft\"><img loading=\"lazy\" decoding=\"async\" width=\"300\" height=\"225\" src=\"https:\/\/negba.org\/negba2018\/wp-content\/uploads\/2019\/05\/maison-Negba-300x225.jpg\" alt=\"\" class=\"wp-image-2622\" srcset=\"https:\/\/negba.org\/negba2018\/wp-content\/uploads\/2019\/05\/maison-Negba-300x225.jpg 300w, https:\/\/negba.org\/negba2018\/wp-content\/uploads\/2019\/05\/maison-Negba-768x576.jpg 768w, https:\/\/negba.org\/negba2018\/wp-content\/uploads\/2019\/05\/maison-Negba-1024x768.jpg 1024w\" sizes=\"auto, (max-width: 300px) 100vw, 300px\" \/><figcaption>Maison Les Cigognes au sein de la Maison Negba Caty et Mona Dreyfuss, Beer Sheva. 45 enfants CE2-6\u00e8me.<\/figcaption><\/figure><\/div>\n\n\n\n<div class=\"wp-block-image size-medium wp-image-579\"><figure class=\"alignleft size-medium\"><img loading=\"lazy\" decoding=\"async\" width=\"300\" height=\"225\" src=\"https:\/\/negba.org\/negba2018\/wp-content\/uploads\/2020\/09\/samuel-300x225.jpg\" alt=\"\" class=\"wp-image-3414\" srcset=\"https:\/\/negba.org\/negba2018\/wp-content\/uploads\/2020\/09\/samuel-300x225.jpg 300w, https:\/\/negba.org\/negba2018\/wp-content\/uploads\/2020\/09\/samuel-768x576.jpg 768w, https:\/\/negba.org\/negba2018\/wp-content\/uploads\/2020\/09\/samuel.jpg 1024w\" sizes=\"auto, (max-width: 300px) 100vw, 300px\" \/><figcaption>Maison Samuel, Beer Sheva. 15 enfants CE2-CM2<\/figcaption><\/figure><\/div>\n\n\n\n<div class=\"wp-block-image size-medium wp-image-580\"><figure class=\"alignleft size-medium\"><img loading=\"lazy\" decoding=\"async\" width=\"300\" height=\"168\" src=\"https:\/\/negba.org\/negba2018\/wp-content\/uploads\/2021\/01\/schilli1-1-300x168.jpeg\" alt=\"\" class=\"wp-image-3770\" srcset=\"https:\/\/negba.org\/negba2018\/wp-content\/uploads\/2021\/01\/schilli1-1-300x168.jpeg 300w, https:\/\/negba.org\/negba2018\/wp-content\/uploads\/2021\/01\/schilli1-1-768x431.jpeg 768w, https:\/\/negba.org\/negba2018\/wp-content\/uploads\/2021\/01\/schilli1-1.jpeg 1024w\" sizes=\"auto, (max-width: 300px) 100vw, 300px\" \/><figcaption>Maison Schilli, Beer Sheva, 30 enfants CP-CE2<\/figcaption><\/figure><\/div>\n","protected":false},"excerpt":{"rendered":"<p>Les Maisons de l\u2019Esp\u00e9rance accueillent les enfants de l\u2019\u00e2ge de l\u2019\u00e9cole primaire, chaque apr\u00e8s-midi, dans un environnement chaleureux et familial. Ils profitent d\u2019une grande vari\u00e9t\u00e9 d\u2019activit\u00e9s favorisant leur d\u00e9veloppement personnel.<\/p>\n","protected":false},"author":1,"featured_media":1977,"parent":68,"menu_order":1,"comment_status":"closed","ping_status":"closed","template":"","meta":{"footnotes":""},"class_list":["post-25","page","type-page","status-publish","has-post-thumbnail","hentry"],"jetpack_shortlink":"https:\/\/wp.me\/P9TfAG-p","jetpack_sharing_enabled":true,"jetpack_likes_enabled":true,"_links":{"self":[{"href":"https:\/\/negba.org\/negba2018\/wp-json\/wp\/v2\/pages\/25","targetHints":{"allow":["GET"]}}],"collection":[{"href":"https:\/\/negba.org\/negba2018\/wp-json\/wp\/v2\/pages"}],"about":[{"href":"https:\/\/negba.org\/negba2018\/wp-json\/wp\/v2\/types\/page"}],"author":[{"embeddable":true,"href":"https:\/\/negba.org\/negba2018\/wp-json\/wp\/v2\/users\/1"}],"replies":[{"embeddable":true,"href":"https:\/\/negba.org\/negba2018\/wp-json\/wp\/v2\/comments?post=25"}],"version-history":[{"count":20,"href":"https:\/\/negba.org\/negba2018\/wp-json\/wp\/v2\/pages\/25\/revisions"}],"predecessor-version":[{"id":3848,"href":"https:\/\/negba.org\/negba2018\/wp-json\/wp\/v2\/pages\/25\/revisions\/3848"}],"up":[{"embeddable":true,"href":"https:\/\/negba.org\/negba2018\/wp-json\/wp\/v2\/pages\/68"}],"wp:featuredmedia":[{"embeddable":true,"href":"https:\/\/negba.org\/negba2018\/wp-json\/wp\/v2\/media\/1977"}],"wp:attachment":[{"href":"https:\/\/negba.org\/negba2018\/wp-json\/wp\/v2\/media?parent=25"}],"curies":[{"name":"wp","href":"https:\/\/api.w.org\/{rel}","templated":true}]}}