{"id":165,"date":"2018-04-23T08:07:39","date_gmt":"2018-04-23T08:07:39","guid":{"rendered":"http:\/\/negba.org\/negba2018\/?page_id=165"},"modified":"2025-11-30T08:49:44","modified_gmt":"2025-11-30T05:49:44","slug":"nous-contacter","status":"publish","type":"page","link":"https:\/\/negba.org\/negba2018\/fr\/nous-contacter\/","title":{"rendered":"Nous contacter"},"content":{"rendered":"\n<p>N&rsquo;h\u00e9sitez pas \u00e0 nous contacter pour tous renseignements suppl\u00e9mentaires<br>Si\u00e8ge social : Association Negba<br>10 rehov Shimon Ben Shatakh, 8460410, Beer-Sheva, Isra\u00ebl<br>Tel: +972.8.973.0325<br>Fax: +972.8.648.2405<br>E-mail g\u00e9n\u00e9ral :&nbsp;<a href=\"mailto:info@negba.org\">info@negba.org<\/a><\/p>\n\n\n\n<p>Pour toute demande particuli\u00e8re, merci de vous adresser au service appropri\u00e9 :<\/p>\n\n\n\n<figure class=\"wp-block-table\"><table><tbody><tr><td>Direction :<\/td><td><a href=\"mailto:eliav@negba.org\">eliav@negba.org<\/a><\/td><\/tr><tr><td>P\u00e9dagogique :<\/td><td><a href=\"mailto:joey@negba.org\">joey@negba.org<\/a><\/td><\/tr><tr><td>Relations donateurs :<\/td><td><a href=\"mailto:deborah@negba.org\">deborah@negba.org<\/a><\/td><\/tr><tr><td>Informatique :<\/td><td><a href=\"mailto:info@negba.org\">info@negba.org<\/a><\/td><\/tr><\/tbody><\/table><\/figure>\n\n\n\n<p class=\"has-very-light-gray-background-color has-background\">Suivez l&rsquo;actualit\u00e9 de Negba sur&nbsp;<a href=\"http:\/\/www.facebook.com\/AssociationNegba\" target=\"_blank\" rel=\"noopener noreferrer\">Facebook<\/a>.<\/p>\n","protected":false},"excerpt":{"rendered":"<p>N&rsquo;h\u00e9sitez pas \u00e0 nous contacter pour tous renseignements suppl\u00e9mentairesSi\u00e8ge social : Association Negba10 rehov Shimon Ben Shatakh, 8460410, Beer-Sheva, Isra\u00eblTel: +972.8.973.0325Fax: +972.8.648.2405E-mail g\u00e9n\u00e9ral :&nbsp;info@negba.org Pour toute demande particuli\u00e8re, merci de vous adresser au service appropri\u00e9 : Direction : eliav@negba.org P\u00e9dagogique : joey@negba.org Relations donateurs : deborah@negba.org Informatique : info@negba.org Suivez&hellip; <\/p>\n","protected":false},"author":1,"featured_media":0,"parent":0,"menu_order":6,"comment_status":"closed","ping_status":"closed","template":"","meta":{"footnotes":""},"class_list":["post-165","page","type-page","status-publish","hentry"],"jetpack_shortlink":"https:\/\/wp.me\/P9TfAG-2F","jetpack_sharing_enabled":true,"jetpack_likes_enabled":true,"_links":{"self":[{"href":"https:\/\/negba.org\/negba2018\/wp-json\/wp\/v2\/pages\/165","targetHints":{"allow":["GET"]}}],"collection":[{"href":"https:\/\/negba.org\/negba2018\/wp-json\/wp\/v2\/pages"}],"about":[{"href":"https:\/\/negba.org\/negba2018\/wp-json\/wp\/v2\/types\/page"}],"author":[{"embeddable":true,"href":"https:\/\/negba.org\/negba2018\/wp-json\/wp\/v2\/users\/1"}],"replies":[{"embeddable":true,"href":"https:\/\/negba.org\/negba2018\/wp-json\/wp\/v2\/comments?post=165"}],"version-history":[{"count":16,"href":"https:\/\/negba.org\/negba2018\/wp-json\/wp\/v2\/pages\/165\/revisions"}],"predecessor-version":[{"id":7882,"href":"https:\/\/negba.org\/negba2018\/wp-json\/wp\/v2\/pages\/165\/revisions\/7882"}],"wp:attachment":[{"href":"https:\/\/negba.org\/negba2018\/wp-json\/wp\/v2\/media?parent=165"}],"curies":[{"name":"wp","href":"https:\/\/api.w.org\/{rel}","templated":true}]}}