{"id":155,"date":"2018-04-23T07:53:58","date_gmt":"2018-04-23T07:53:58","guid":{"rendered":"http:\/\/negba.org\/negba2018\/?page_id=155"},"modified":"2024-07-30T14:59:47","modified_gmt":"2024-07-30T11:59:47","slug":"transparence","status":"publish","type":"page","link":"https:\/\/negba.org\/negba2018\/fr\/a-propos-de-negba\/transparence\/","title":{"rendered":"Transparence"},"content":{"rendered":"\n<p>Negba travaille en totale transparence et vous permet de consulter ses principaux documents officiels&nbsp;:<\/p>\n\n\n\n<ul style=\"color:#f04d43\" class=\"wp-block-list has-text-color\">\n<li><span style=\"color:#f04d43\" class=\"color\">Attestation de&nbsp;bonne gestion (Nihoul Takin) <a href=\"https:\/\/negba.org\/negba2018\/wp-content\/uploads\/2018\/08\/\u05d0\u05d9\u05e9\u05d5\u05e8-\u05e0\u05d9\u05d4\u05d5\u05dc-\u05ea\u05e7\u05d9\u05df-2024.pdf\" target=\"_blank\" rel=\"noreferrer noopener\">2024 <\/a>et <a href=\"https:\/\/negba.org\/negba2018\/wp-content\/uploads\/2018\/08\/\u05d0\u05d9\u05e9\u05d5\u05e8-\u05e0\u05d9\u05d4\u05d5\u05dc-\u05ea\u05e7\u05d9\u05df-2025.pdf\" target=\"_blank\" rel=\"noreferrer noopener\">2025<\/a><\/span><a href=\"https:\/\/negba.org\/negba2018\/wp-content\/uploads\/2018\/08\/\u05d0\u05d9\u05e9\u05d5\u05e8-\u05e0\u05d9\u05d4\u05d5\u05dc-\u05ea\u05e7\u05d9\u05df-2023.pdf\">.<\/a><\/li>\n\n\n\n<li><span style=\"color:#f04d43\" class=\"color\"><a href=\"https:\/\/negba.org\/negba2018\/wp-content\/uploads\/2018\/08\/\u05d0\u05d9\u05e9\u05d5\u05e8-\u05e1\u05e2\u05d9\u05e3-46-\u05e2\u05d3-2027.pdf\">Autorisation pour\u00a0d\u00e9duction fiscale en Israel (Tofes 46)<\/a><\/span><\/li>\n\n\n\n<li><span style=\"color:#f04d43\" class=\"color\"><a href=\"https:\/\/negba.org\/negba2018\/wp-content\/uploads\/2018\/08\/\u05e0\u05d2\u05d1\u05d4-2022-\u05e6\u05e8\u05e4\u05ea\u05d9\u05ea.pdf\" target=\"_blank\" rel=\"noreferrer noopener\">Bilan Comptable&nbsp;le plus r\u00e9cent<\/a><\/span><\/li>\n<\/ul>\n\n\n\n<p>Plus d&rsquo;infos et de documents peuvent \u00eatre trouv\u00e9s sur le site de&nbsp;<a href=\"https:\/\/www.guidestar.org.il\/organization\/580466928\" target=\"_blank\" rel=\"noopener noreferrer\">Guidestar Israel<\/a>.<\/p>\n\n\n\n<p>Negba est une association \u00e0 but non lucratif reconnue par le&nbsp;<a href=\"http:\/\/pefisrael.org\/charity\/negba-network-of-houses-of-hope\/\" target=\"_blank\" rel=\"noopener noreferrer\">PEF Israel Endowment Funds, Inc<\/a>.<\/p>\n\n\n\n<p>Pour plus de renseignements, n\u2019h\u00e9sitez pas \u00e0 nous&nbsp;<a href=\"https:\/\/negba.org\/negba2018\/fr\/nous-contacter\/\">contacter<\/a>.<\/p>\n","protected":false},"excerpt":{"rendered":"<p>Negba travaille en totale transparence et vous permet de consulter ses principaux documents officiels&nbsp;: Plus d&rsquo;infos et de documents peuvent \u00eatre trouv\u00e9s sur le site de&nbsp;Guidestar Israel. Negba est une association \u00e0 but non lucratif reconnue par le&nbsp;PEF Israel Endowment Funds, Inc. Pour plus de renseignements, n\u2019h\u00e9sitez pas \u00e0 nous&nbsp;contacter.<\/p>\n","protected":false},"author":1,"featured_media":0,"parent":55,"menu_order":7,"comment_status":"closed","ping_status":"closed","template":"","meta":{"footnotes":""},"class_list":["post-155","page","type-page","status-publish","hentry"],"jetpack_shortlink":"https:\/\/wp.me\/P9TfAG-2v","jetpack_sharing_enabled":true,"jetpack_likes_enabled":true,"_links":{"self":[{"href":"https:\/\/negba.org\/negba2018\/wp-json\/wp\/v2\/pages\/155","targetHints":{"allow":["GET"]}}],"collection":[{"href":"https:\/\/negba.org\/negba2018\/wp-json\/wp\/v2\/pages"}],"about":[{"href":"https:\/\/negba.org\/negba2018\/wp-json\/wp\/v2\/types\/page"}],"author":[{"embeddable":true,"href":"https:\/\/negba.org\/negba2018\/wp-json\/wp\/v2\/users\/1"}],"replies":[{"embeddable":true,"href":"https:\/\/negba.org\/negba2018\/wp-json\/wp\/v2\/comments?post=155"}],"version-history":[{"count":27,"href":"https:\/\/negba.org\/negba2018\/wp-json\/wp\/v2\/pages\/155\/revisions"}],"predecessor-version":[{"id":6412,"href":"https:\/\/negba.org\/negba2018\/wp-json\/wp\/v2\/pages\/155\/revisions\/6412"}],"up":[{"embeddable":true,"href":"https:\/\/negba.org\/negba2018\/wp-json\/wp\/v2\/pages\/55"}],"wp:attachment":[{"href":"https:\/\/negba.org\/negba2018\/wp-json\/wp\/v2\/media?parent=155"}],"curies":[{"name":"wp","href":"https:\/\/api.w.org\/{rel}","templated":true}]}}