{"id":141,"date":"2018-04-23T07:49:45","date_gmt":"2018-04-23T07:49:45","guid":{"rendered":"http:\/\/negba.org\/negba2018\/?page_id=141"},"modified":"2019-05-13T15:04:06","modified_gmt":"2019-05-13T12:04:06","slug":"benevoles","status":"publish","type":"page","link":"https:\/\/negba.org\/negba2018\/fr\/a-propos-de-negba\/benevoles\/","title":{"rendered":"B\u00e9n\u00e9voles"},"content":{"rendered":"\n<p>Les nombreux b\u00e9n\u00e9voles qui nous se joignent \u00e0 nous, remplissent un r\u00f4le important aupr\u00e8s des enfants et adolescents ou au sein de l&rsquo;association Negba.<\/p>\n\n\n\n<p>Ils interviennent de diff\u00e9rentes mani\u00e8res :<\/p>\n\n\n\n<ul class=\"wp-block-list\"><li>Soutien scolaire individuel,<\/li><li>Ecoute des enfants au sein de jeux et discussions\u00a0personnels,<\/li><li>Organisation d&rsquo;activit\u00e9s en collaboration avec l\u2019\u00e9quipe p\u00e9dagogique,<\/li><li>Aide technique, administrative, entretien, bricolage en fonction des besoins.<\/li><\/ul>\n\n\n\n<div class=\"wp-block-image\"><figure class=\"alignleft is-resized\"><img loading=\"lazy\" decoding=\"async\" src=\"https:\/\/i0.wp.com\/negba.org\/negba2018\/wp-content\/uploads\/2018\/06\/IMG_4390.jpg?resize=300%2C200\" alt=\"Les B\u00e9n\u00e9voles remplissent un r\u00f4le important aupr\u00e8s des enfants\" class=\"wp-image-1089\" width=\"300\" height=\"200\" srcset=\"https:\/\/negba.org\/negba2018\/wp-content\/uploads\/2018\/06\/IMG_4390.jpg 1024w, https:\/\/negba.org\/negba2018\/wp-content\/uploads\/2018\/06\/IMG_4390-300x200.jpg 300w, https:\/\/negba.org\/negba2018\/wp-content\/uploads\/2018\/06\/IMG_4390-768x512.jpg 768w\" sizes=\"auto, (max-width: 300px) 100vw, 300px\" \/><\/figure><\/div>\n\n\n\n<p>Les b\u00e9n\u00e9voles de Negba ont des profils divers : retrait\u00e9s, \u00e9tudiants, lyc\u00e9ens, militaires, nouveaux immigrants, touristes&#8230; Ils nous rejoignent au travers d&rsquo;une organisation ou de fa\u00e7on personnelles.<\/p>\n\n\n\n<p>Nous serions ravi de vous accueillir dans <a href=\"https:\/\/negba.org\/negba2018\/fr\/activites\/maisons-de-lesperance\/\">nos Maisons<\/a> afin que vous puissiez nous aider&nbsp;\u00e0 soutenir nos enfants et <a href=\"https:\/\/negba.org\/negba2018\/fr\/activites\/club-des-adolescents\/\">adolescents<\/a>. Toutes les infos \u00e0 ce sujet sont <a href=\"https:\/\/negba.org\/negba2018\/fr\/benevolat\/\">ici<\/a>.<\/p>\n\n\n\n<p class=\"has-background has-very-light-gray-background-color\"><a href=\"https:\/\/negba.org\/negba2018\/2019\/03\/10\/donner-cest-recevoir-les-volontaires-dhadassah-a-la-maison-grosman-de-jerusalem\/\"><em>Cliquez ici<\/em><\/a><em> pour lire l&rsquo;histoire de B\u00e9n\u00e9voles de <a rel=\"noreferrer noopener\" aria-label=\"association Hadassa (opens in a new tab)\" href=\"http:\/\/www.hadassah.org\/\" target=\"_blank\">l&rsquo;organisation Hadassa<\/a>. Elles interviennent de fa\u00e7on hebdomadaire<\/em> depuis plusieurs ann\u00e9es \u00e0 <em>la Maison Grosman.<\/em><\/p>\n","protected":false},"excerpt":{"rendered":"<p>Les nombreux b\u00e9n\u00e9voles qui nous se joignent \u00e0 nous, remplissent un r\u00f4le important aupr\u00e8s des enfants et adolescents ou au sein de l&rsquo;association Negba. Ils interviennent de diff\u00e9rentes mani\u00e8res : Soutien scolaire individuel, Ecoute des enfants au sein de jeux et discussions\u00a0personnels, Organisation d&rsquo;activit\u00e9s en collaboration avec l\u2019\u00e9quipe p\u00e9dagogique, Aide&hellip; <\/p>\n","protected":false},"author":1,"featured_media":1556,"parent":55,"menu_order":5,"comment_status":"closed","ping_status":"closed","template":"","meta":{"footnotes":""},"class_list":["post-141","page","type-page","status-publish","has-post-thumbnail","hentry"],"jetpack_shortlink":"https:\/\/wp.me\/P9TfAG-2h","jetpack_sharing_enabled":true,"jetpack_likes_enabled":true,"_links":{"self":[{"href":"https:\/\/negba.org\/negba2018\/wp-json\/wp\/v2\/pages\/141","targetHints":{"allow":["GET"]}}],"collection":[{"href":"https:\/\/negba.org\/negba2018\/wp-json\/wp\/v2\/pages"}],"about":[{"href":"https:\/\/negba.org\/negba2018\/wp-json\/wp\/v2\/types\/page"}],"author":[{"embeddable":true,"href":"https:\/\/negba.org\/negba2018\/wp-json\/wp\/v2\/users\/1"}],"replies":[{"embeddable":true,"href":"https:\/\/negba.org\/negba2018\/wp-json\/wp\/v2\/comments?post=141"}],"version-history":[{"count":13,"href":"https:\/\/negba.org\/negba2018\/wp-json\/wp\/v2\/pages\/141\/revisions"}],"predecessor-version":[{"id":2763,"href":"https:\/\/negba.org\/negba2018\/wp-json\/wp\/v2\/pages\/141\/revisions\/2763"}],"up":[{"embeddable":true,"href":"https:\/\/negba.org\/negba2018\/wp-json\/wp\/v2\/pages\/55"}],"wp:featuredmedia":[{"embeddable":true,"href":"https:\/\/negba.org\/negba2018\/wp-json\/wp\/v2\/media\/1556"}],"wp:attachment":[{"href":"https:\/\/negba.org\/negba2018\/wp-json\/wp\/v2\/media?parent=141"}],"curies":[{"name":"wp","href":"https:\/\/api.w.org\/{rel}","templated":true}]}}