{"id":137,"date":"2018-04-23T07:48:52","date_gmt":"2018-04-23T07:48:52","guid":{"rendered":"http:\/\/negba.org\/negba2018\/?page_id=137"},"modified":"2025-05-04T07:22:05","modified_gmt":"2025-05-04T04:22:05","slug":"equipe","status":"publish","type":"page","link":"https:\/\/negba.org\/negba2018\/fr\/a-propos-de-negba\/equipe\/","title":{"rendered":"Equipe"},"content":{"rendered":"\n<p>L\u2019\u00e9quipe p\u00e9dagogique est compos\u00e9e d\u2019animateurs professionnels et de responsables de Maisons. Ils accueillent au quotidien les enfants et assurent le bon fonctionnement des activit\u00e9s et la relation avec les parents.<\/p>\n\n\n\n<h2 class=\"wp-block-heading\"><span style=\"color: #00ab93;\">Directeur&nbsp;g\u00e9n\u00e9ral<\/span><\/h2>\n\n\n\n<p><strong>Eliav Geissmann<\/strong><\/p>\n\n\n<div class=\"wp-block-image size-medium wp-image-1524\">\n<figure class=\"alignleft\"><img loading=\"lazy\" decoding=\"async\" width=\"200\" height=\"300\" src=\"https:\/\/negba.org\/negba2018\/wp-content\/uploads\/2021\/10\/IMG_8451-1-200x300.jpg\" alt=\"\" class=\"wp-image-4360\" srcset=\"https:\/\/negba.org\/negba2018\/wp-content\/uploads\/2021\/10\/IMG_8451-1-200x300.jpg 200w, https:\/\/negba.org\/negba2018\/wp-content\/uploads\/2021\/10\/IMG_8451-1.jpg 682w\" sizes=\"auto, (max-width: 200px) 100vw, 200px\" \/><figcaption class=\"wp-element-caption\"><em>Eliav Geissmann<br>Directeur G\u00e9n\u00e9ral<br>eliav@negba.org<\/em><\/figcaption><\/figure>\n<\/div>\n\n\n<p>Mari\u00e9 \u00e0 Aviva, p\u00e8re de trois enfants, Eliav a fait son Alyah en 2002 dans le cadre du programme Naale, pour des jeunes qui font leur Alyah sans leurs parents.<\/p>\n\n\n\n<p>Il a grandi \u00e0 Paris, dans une famille tr\u00e8s impliqu\u00e9e dans la vie de la communaut\u00e9 juive fran\u00e7aise. \u00ab&nbsp;J\u2019ai ressenti au moment de la seconde intifada le besoin de faire mon Alyah, de vivre pleinement avec mon peuple, sur ma terre&nbsp;\u00bb. Eliav participe donc \u00e0 la premi\u00e8re promotion du programme Naale, en classe de premi\u00e8re. \u00ab&nbsp;Apres coup, j\u2019ai compris que c\u2019\u00e9tait la meilleure fa\u00e7on pour moi d\u2019arriver en Isra\u00ebl.&nbsp;\u00bb<\/p>\n\n\n\n<p>Eliav a fait son service militaire \u00e0 partir de 2004 dans les parachutistes de Tsahal. \u00ab&nbsp;A l\u2019arm\u00e9e j\u2019ai pleinement compris la signification d\u2019id\u00e9es, comme \u201cle retour des exil\u00e9s\u201d, ou de l\u2019implication au sein d\u2019un groupe. Soldats, amis pour la vie, fr\u00e8res d\u2019armes de tous horizons politiques, du monde entier et de toutes les origines. Et toutes ces diff\u00e9rences ne nous ont pas emp\u00each\u00e9 de prendre part ensemble \u00e0 la seconde guerre du Liban en 2006.&nbsp;\u00bb<\/p>\n\n\n\n<p>Apr\u00e8s son service, il a travaill\u00e9 dans des services de s\u00e9curit\u00e9 en dehors d\u2019Isra\u00ebl, puis il a encadr\u00e9 et dirig\u00e9 le programme Naale France de Ben Shemen durant cinq ans. En parall\u00e8le, il a obtenu une licence en \u00e9conomie et management d&rsquo;entreprises \u00e0 l\u2019universit\u00e9 d\u2019Ariel.<\/p>\n\n\n\n<p>En 2014, Eliav a particip\u00e9 \u00e0 la cr\u00e9ation du programme Naale France de Hadassim. Un an plus tard il a \u00e9t\u00e9 s\u00e9lectionn\u00e9 pour \u00eatre d\u00e9l\u00e9gu\u00e9 de l\u2019Agence Juive en France. Il y travaillera durant trois ans. Depuis 2018 et son retour en Isra\u00ebl, Eliav a rejoint l\u2019association Negba et y a rempli diff\u00e9rents r\u00f4les au sein de la direction.<\/p>\n\n\n\n<h2 class=\"wp-block-heading\"><span style=\"color: #fdbb2f;\">Equipe p\u00e9dagogique<\/span><\/h2>\n\n\n<style type=\"text\/css\">\n#foogallery-gallery-1541 .fg-image { width: 150px; }\n#foogallery-gallery-1541 { --fg-gutter: 10px; }<\/style>\n\t\t\t<div class=\"foogallery foogallery-container foogallery-default foogallery-lightbox-foogallery fg-left fg-default fg-ready fg-light fg-border-thin fg-shadow-outline fg-loading-default fg-loaded-fade-in fg-hover-grayscale fg-hover-scale fg-caption-hover fg-hover-fade\" id=\"foogallery-gallery-1541\" data-foogallery=\"{&quot;item&quot;:{&quot;showCaptionTitle&quot;:true,&quot;showCaptionDescription&quot;:true},&quot;lazy&quot;:true}\" style=\"--fg-title-line-clamp: 0; --fg-description-line-clamp: 0;\" >\n\t<div class=\"fg-item fg-type-image fg-idle\"><figure class=\"fg-item-inner\"><a data-caption-title=\"Joey Solomon\" data-caption-desc=\"Directeur Adjoint, Responsable p\u00e9dagogique\njoey@negba.org\" data-attachment-id=\"4327\" data-type=\"image\" class=\"fg-thumb\"><span class=\"fg-image-wrap\"><img decoding=\"async\" title=\"Directeur Adjoint, Responsable p\u00e9dagogique\njoey@negba.org\" width=\"150\" height=\"225\" class=\"skip-lazy fg-image\" data-src-fg=\"https:\/\/negba.org\/negba2018\/wp-content\/uploads\/cache\/2018\/08\/joey-fr-1\/2653963410.jpg\" src=\"data:image\/svg+xml,%3Csvg%20xmlns%3D%22http%3A%2F%2Fwww.w3.org%2F2000%2Fsvg%22%20width%3D%22150%22%20height%3D%22225%22%20viewBox%3D%220%200%20150%20225%22%3E%3C%2Fsvg%3E\" loading=\"eager\"><\/span><span class=\"fg-image-overlay\"><\/span><\/a><figcaption class=\"fg-caption\"><div class=\"fg-caption-inner\"><div class=\"fg-caption-title\">Joey Solomon<\/div><div class=\"fg-caption-desc\">Directeur Adjoint, Responsable p\u00e9dagogique\njoey@negba.org<\/div><\/div><\/figcaption><\/figure><div class=\"fg-loader\"><\/div><\/div><div class=\"fg-item fg-type-image fg-idle\"><figure class=\"fg-item-inner\"><a data-caption-title=\"Daniela Revensari\" data-caption-desc=\"Directrice du Centre Educatif\ndaniela@negba.org\" data-attachment-id=\"1522\" data-type=\"image\" class=\"fg-thumb\"><span class=\"fg-image-wrap\"><img decoding=\"async\" title=\"Directrice du Centre Educatif\ndaniela@negba.org\" width=\"150\" height=\"225\" class=\"skip-lazy fg-image\" data-src-fg=\"https:\/\/negba.org\/negba2018\/wp-content\/uploads\/cache\/2018\/08\/IMG_1193-2\/3577662778.jpg\" src=\"data:image\/svg+xml,%3Csvg%20xmlns%3D%22http%3A%2F%2Fwww.w3.org%2F2000%2Fsvg%22%20width%3D%22150%22%20height%3D%22225%22%20viewBox%3D%220%200%20150%20225%22%3E%3C%2Fsvg%3E\" loading=\"eager\"><\/span><span class=\"fg-image-overlay\"><\/span><\/a><figcaption class=\"fg-caption\"><div class=\"fg-caption-inner\"><div class=\"fg-caption-title\">Daniela Revensari<\/div><div class=\"fg-caption-desc\">Directrice du Centre Educatif\ndaniela@negba.org<\/div><\/div><\/figcaption><\/figure><div class=\"fg-loader\"><\/div><\/div><div class=\"fg-item fg-type-image fg-idle\"><figure class=\"fg-item-inner\"><a data-caption-title=\"Ahouva Shtrikman\" data-caption-desc=\"Coordinatrice, Maison Simone et Henri Schilli\" data-attachment-id=\"4330\" data-type=\"image\" class=\"fg-thumb\"><span class=\"fg-image-wrap\"><img decoding=\"async\" title=\"Coordinatrice, Maison Simone et Henri Schilli\" width=\"150\" height=\"225\" class=\"skip-lazy fg-image\" data-src-fg=\"https:\/\/negba.org\/negba2018\/wp-content\/uploads\/cache\/2018\/08\/IMG_8566\/280030774.jpg\" src=\"data:image\/svg+xml,%3Csvg%20xmlns%3D%22http%3A%2F%2Fwww.w3.org%2F2000%2Fsvg%22%20width%3D%22150%22%20height%3D%22225%22%20viewBox%3D%220%200%20150%20225%22%3E%3C%2Fsvg%3E\" loading=\"eager\"><\/span><span class=\"fg-image-overlay\"><\/span><\/a><figcaption class=\"fg-caption\"><div class=\"fg-caption-inner\"><div class=\"fg-caption-title\">Ahouva Shtrikman<\/div><div class=\"fg-caption-desc\">Coordinatrice, Maison Simone et Henri Schilli<\/div><\/div><\/figcaption><\/figure><div class=\"fg-loader\"><\/div><\/div><div class=\"fg-item fg-type-image fg-idle\"><figure class=\"fg-item-inner\"><a data-caption-title=\"Eden Sassonker\" data-caption-desc=\"Coordinatrice, Maison Franck Levy\" data-attachment-id=\"4331\" data-type=\"image\" class=\"fg-thumb\"><span class=\"fg-image-wrap\"><img decoding=\"async\" title=\"Coordinatrice, Maison Franck Levy\" width=\"150\" height=\"225\" class=\"skip-lazy fg-image\" data-src-fg=\"https:\/\/negba.org\/negba2018\/wp-content\/uploads\/cache\/2018\/08\/IMG_8567\/3382368337.jpg\" src=\"data:image\/svg+xml,%3Csvg%20xmlns%3D%22http%3A%2F%2Fwww.w3.org%2F2000%2Fsvg%22%20width%3D%22150%22%20height%3D%22225%22%20viewBox%3D%220%200%20150%20225%22%3E%3C%2Fsvg%3E\" loading=\"eager\"><\/span><span class=\"fg-image-overlay\"><\/span><\/a><figcaption class=\"fg-caption\"><div class=\"fg-caption-inner\"><div class=\"fg-caption-title\">Eden Sassonker<\/div><div class=\"fg-caption-desc\">Coordinatrice, Maison Franck Levy<\/div><\/div><\/figcaption><\/figure><div class=\"fg-loader\"><\/div><\/div><div class=\"fg-item fg-type-image fg-idle\"><figure class=\"fg-item-inner\"><a data-caption-title=\"Tova\" data-caption-desc=\"Intendante, Maison Franck Levy\" data-attachment-id=\"5185\" data-type=\"image\" class=\"fg-thumb\"><span class=\"fg-image-wrap\"><img decoding=\"async\" title=\"Intendante, Maison Franck Levy\" width=\"150\" height=\"225\" class=\"skip-lazy fg-image\" data-src-fg=\"https:\/\/negba.org\/negba2018\/wp-content\/uploads\/cache\/2018\/08\/tova-1\/862852557.jpg\" src=\"data:image\/svg+xml,%3Csvg%20xmlns%3D%22http%3A%2F%2Fwww.w3.org%2F2000%2Fsvg%22%20width%3D%22150%22%20height%3D%22225%22%20viewBox%3D%220%200%20150%20225%22%3E%3C%2Fsvg%3E\" loading=\"eager\"><\/span><span class=\"fg-image-overlay\"><\/span><\/a><figcaption class=\"fg-caption\"><div class=\"fg-caption-inner\"><div class=\"fg-caption-title\">Tova<\/div><div class=\"fg-caption-desc\">Intendante, Maison Franck Levy<\/div><\/div><\/figcaption><\/figure><div class=\"fg-loader\"><\/div><\/div><div class=\"fg-item fg-type-image fg-idle\"><figure class=\"fg-item-inner\"><a data-caption-title=\"Caty Zohar\" data-caption-desc=\"Coordinatrice, Club des Adolescents Levy Willard\" data-attachment-id=\"5181\" data-type=\"image\" class=\"fg-thumb\"><span class=\"fg-image-wrap\"><img decoding=\"async\" title=\"Coordinatrice, Club des Adolescents Levy Willard\" width=\"150\" height=\"225\" class=\"skip-lazy fg-image\" data-src-fg=\"https:\/\/negba.org\/negba2018\/wp-content\/uploads\/cache\/2018\/08\/caty-1\/109249908.jpg\" src=\"data:image\/svg+xml,%3Csvg%20xmlns%3D%22http%3A%2F%2Fwww.w3.org%2F2000%2Fsvg%22%20width%3D%22150%22%20height%3D%22225%22%20viewBox%3D%220%200%20150%20225%22%3E%3C%2Fsvg%3E\" loading=\"eager\"><\/span><span class=\"fg-image-overlay\"><\/span><\/a><figcaption class=\"fg-caption\"><div class=\"fg-caption-inner\"><div class=\"fg-caption-title\">Caty Zohar<\/div><div class=\"fg-caption-desc\">Coordinatrice, Club des Adolescents Levy Willard<\/div><\/div><\/figcaption><\/figure><div class=\"fg-loader\"><\/div><\/div><\/div>\n\n\n\n\n<p><\/p>\n\n\n\n<h2 class=\"wp-block-heading has-text-color has-link-color wp-elements-60c595a1115fa507997fb9a836aafd2b\" style=\"color:#789ec9\">Animatrices en services civil<\/h2>\n\n\n\n<figure class=\"wp-block-image size-full\"><img loading=\"lazy\" decoding=\"async\" width=\"800\" height=\"533\" src=\"https:\/\/negba.org\/negba2018\/wp-content\/uploads\/2024\/02\/2023-2024.jpg\" alt=\"\" class=\"wp-image-6027\" srcset=\"https:\/\/negba.org\/negba2018\/wp-content\/uploads\/2024\/02\/2023-2024.jpg 800w, https:\/\/negba.org\/negba2018\/wp-content\/uploads\/2024\/02\/2023-2024-300x200.jpg 300w, https:\/\/negba.org\/negba2018\/wp-content\/uploads\/2024\/02\/2023-2024-768x512.jpg 768w\" sizes=\"auto, (max-width: 800px) 100vw, 800px\" \/><\/figure>\n\n\n\n<p>\u00c2g\u00e9es de 18 \u00e0 20 ans, ces<a href=\"https:\/\/negba.org\/negba2018\/benevolat\/service-civil-a-negba\/\"> jeunes filles servent en service civil <\/a> \u00e0 de Negba un ou deux ans.<br>Elles constituent la majeure partie de l\u2019\u00e9quipe d&rsquo;animation au contact quotidien des enfants.  <\/p>\n\n\n\n<p><\/p>\n\n\n\n<h2 class=\"wp-block-heading\"><span style=\"color: #ed2790;\">Assistants Sociaux<\/span><\/h2>\n\n\n<style type=\"text\/css\">\n#foogallery-gallery-1547 .fg-image { width: 150px; }\n#foogallery-gallery-1547 { --fg-gutter: 10px; }<\/style>\n\t\t\t<div class=\"foogallery foogallery-container foogallery-default foogallery-lightbox-foogallery fg-left fg-default fg-ready fg-light fg-border-thin fg-shadow-outline fg-loading-default fg-loaded-fade-in fg-hover-grayscale fg-hover-scale fg-caption-hover fg-hover-fade\" id=\"foogallery-gallery-1547\" data-foogallery=\"{&quot;item&quot;:{&quot;showCaptionTitle&quot;:true,&quot;showCaptionDescription&quot;:true},&quot;lazy&quot;:true}\" style=\"--fg-title-line-clamp: 0; --fg-description-line-clamp: 0;\" >\n\t<div class=\"fg-item fg-type-image fg-idle\"><figure class=\"fg-item-inner\"><a data-caption-title=\"Albert Cohen\" data-caption-desc=\"Assistant Social\nalbert@negba.org\" data-attachment-id=\"1525\" data-type=\"image\" class=\"fg-thumb\"><span class=\"fg-image-wrap\"><img decoding=\"async\" title=\"Assistant Social\nalbert@negba.org\" width=\"150\" height=\"225\" class=\"skip-lazy fg-image\" data-src-fg=\"https:\/\/negba.org\/negba2018\/wp-content\/uploads\/cache\/2018\/08\/IMG_2421-2\/26167742.jpg\" src=\"data:image\/svg+xml,%3Csvg%20xmlns%3D%22http%3A%2F%2Fwww.w3.org%2F2000%2Fsvg%22%20width%3D%22150%22%20height%3D%22225%22%20viewBox%3D%220%200%20150%20225%22%3E%3C%2Fsvg%3E\" loading=\"eager\"><\/span><span class=\"fg-image-overlay\"><\/span><\/a><figcaption class=\"fg-caption\"><div class=\"fg-caption-inner\"><div class=\"fg-caption-title\">Albert Cohen<\/div><div class=\"fg-caption-desc\">Assistant Social\nalbert@negba.org<\/div><\/div><\/figcaption><\/figure><div class=\"fg-loader\"><\/div><\/div><\/div>\n\n\n\n\n<h2 class=\"wp-block-heading\"><span style=\"color: #b4bd34;\">Equipe administrative et technique<\/span><\/h2>\n\n\n<style type=\"text\/css\">\n#foogallery-gallery-1549 .fg-image { width: 150px; }\n#foogallery-gallery-1549 { --fg-gutter: 10px; }<\/style>\n\t\t\t<div class=\"foogallery foogallery-container foogallery-default foogallery-lightbox-foogallery fg-left fg-default fg-ready fg-light fg-border-thin fg-shadow-outline fg-loading-default fg-loaded-fade-in fg-hover-grayscale fg-hover-scale fg-caption-hover fg-hover-fade\" id=\"foogallery-gallery-1549\" data-foogallery=\"{&quot;item&quot;:{&quot;showCaptionTitle&quot;:true,&quot;showCaptionDescription&quot;:true},&quot;lazy&quot;:true}\" style=\"--fg-title-line-clamp: 0; --fg-description-line-clamp: 0;\" >\n\t<div class=\"fg-item fg-type-image fg-idle\"><figure class=\"fg-item-inner\"><a data-caption-title=\"Deborah Sebban\" data-caption-desc=\"Relations Publiques\ndeborah@negba.org\" data-attachment-id=\"1523\" data-type=\"image\" class=\"fg-thumb\"><span class=\"fg-image-wrap\"><img decoding=\"async\" title=\"Relations Publiques\ndeborah@negba.org\" width=\"150\" height=\"225\" class=\"skip-lazy fg-image\" data-src-fg=\"https:\/\/negba.org\/negba2018\/wp-content\/uploads\/cache\/2018\/08\/IMG_2412-1\/880448623.jpg\" src=\"data:image\/svg+xml,%3Csvg%20xmlns%3D%22http%3A%2F%2Fwww.w3.org%2F2000%2Fsvg%22%20width%3D%22150%22%20height%3D%22225%22%20viewBox%3D%220%200%20150%20225%22%3E%3C%2Fsvg%3E\" loading=\"eager\"><\/span><span class=\"fg-image-overlay\"><\/span><\/a><figcaption class=\"fg-caption\"><div class=\"fg-caption-inner\"><div class=\"fg-caption-title\">Deborah Sebban<\/div><div class=\"fg-caption-desc\">Relations Publiques\ndeborah@negba.org<\/div><\/div><\/figcaption><\/figure><div class=\"fg-loader\"><\/div><\/div><div class=\"fg-item fg-type-image fg-idle\"><figure class=\"fg-item-inner\"><a data-caption-title=\"Ary Brami\" data-caption-desc=\"Directeur des Op\u00e9rations\nary@negba.org\" data-attachment-id=\"4324\" data-type=\"image\" class=\"fg-thumb\"><span class=\"fg-image-wrap\"><img decoding=\"async\" title=\"Directeur des Op\u00e9rations\nary@negba.org\" width=\"150\" height=\"225\" class=\"skip-lazy fg-image\" data-src-fg=\"https:\/\/negba.org\/negba2018\/wp-content\/uploads\/cache\/2018\/08\/IMG_5027-3\/1605258499.jpg\" src=\"data:image\/svg+xml,%3Csvg%20xmlns%3D%22http%3A%2F%2Fwww.w3.org%2F2000%2Fsvg%22%20width%3D%22150%22%20height%3D%22225%22%20viewBox%3D%220%200%20150%20225%22%3E%3C%2Fsvg%3E\" loading=\"eager\"><\/span><span class=\"fg-image-overlay\"><\/span><\/a><figcaption class=\"fg-caption\"><div class=\"fg-caption-inner\"><div class=\"fg-caption-title\">Ary Brami<\/div><div class=\"fg-caption-desc\">Directeur des Op\u00e9rations\nary@negba.org<\/div><\/div><\/figcaption><\/figure><div class=\"fg-loader\"><\/div><\/div><\/div>\n\n","protected":false},"excerpt":{"rendered":"<p>L\u2019\u00e9quipe p\u00e9dagogique est compos\u00e9e d\u2019animateurs professionnels et de responsables de Maisons. Ils accueillent au quotidien les enfants et assurent le bon fonctionnement des activit\u00e9s et la relation avec les parents. Directeur&nbsp;g\u00e9n\u00e9ral Eliav Geissmann Mari\u00e9 \u00e0 Aviva, p\u00e8re de trois enfants, Eliav a fait son Alyah en 2002 dans le cadre&hellip; <\/p>\n","protected":false},"author":1,"featured_media":5912,"parent":55,"menu_order":4,"comment_status":"closed","ping_status":"closed","template":"","meta":{"footnotes":""},"class_list":["post-137","page","type-page","status-publish","has-post-thumbnail","hentry"],"jetpack_shortlink":"https:\/\/wp.me\/P9TfAG-2d","jetpack_sharing_enabled":true,"jetpack_likes_enabled":true,"_links":{"self":[{"href":"https:\/\/negba.org\/negba2018\/wp-json\/wp\/v2\/pages\/137","targetHints":{"allow":["GET"]}}],"collection":[{"href":"https:\/\/negba.org\/negba2018\/wp-json\/wp\/v2\/pages"}],"about":[{"href":"https:\/\/negba.org\/negba2018\/wp-json\/wp\/v2\/types\/page"}],"author":[{"embeddable":true,"href":"https:\/\/negba.org\/negba2018\/wp-json\/wp\/v2\/users\/1"}],"replies":[{"embeddable":true,"href":"https:\/\/negba.org\/negba2018\/wp-json\/wp\/v2\/comments?post=137"}],"version-history":[{"count":43,"href":"https:\/\/negba.org\/negba2018\/wp-json\/wp\/v2\/pages\/137\/revisions"}],"predecessor-version":[{"id":7367,"href":"https:\/\/negba.org\/negba2018\/wp-json\/wp\/v2\/pages\/137\/revisions\/7367"}],"up":[{"embeddable":true,"href":"https:\/\/negba.org\/negba2018\/wp-json\/wp\/v2\/pages\/55"}],"wp:featuredmedia":[{"embeddable":true,"href":"https:\/\/negba.org\/negba2018\/wp-json\/wp\/v2\/media\/5912"}],"wp:attachment":[{"href":"https:\/\/negba.org\/negba2018\/wp-json\/wp\/v2\/media?parent=137"}],"curies":[{"name":"wp","href":"https:\/\/api.w.org\/{rel}","templated":true}]}}