{"id":129,"date":"2018-04-23T07:47:05","date_gmt":"2018-04-23T07:47:05","guid":{"rendered":"http:\/\/negba.org\/negba2018\/?page_id=129"},"modified":"2024-09-15T09:57:53","modified_gmt":"2024-09-15T06:57:53","slug":"conseil-dadministration","status":"publish","type":"page","link":"https:\/\/negba.org\/negba2018\/fr\/a-propos-de-negba\/conseil-dadministration\/","title":{"rendered":"Conseil d&rsquo;administration"},"content":{"rendered":"\n<h2 class=\"wp-block-heading\"><span style=\"color:#789ec9\" class=\"color\">Conseil d&rsquo;administration <\/span><\/h2>\n\n\n\n<p>Negba est supervis\u00e9e par un conseil d&rsquo;administration hautement qualifi\u00e9 qui utilise des m\u00e9thodes et standards de fonctionnement issus du monde des affaires pour assurer un fonctionnement de l&rsquo;association transparent, efficace et rapide.<br>Ses membres d\u00e9vou\u00e9s non seulement y consacrent une bonne part de leur temps, en y apportant leurs expertises en gestion, finance, relations publiques et \u00e9ducation, mais en plus participent financi\u00e8rement au fonctionnement de Negba.<\/p>\n\n\n\n<ul class=\"wp-block-list\">\n<li><strong>Jean Bisseliches<\/strong>, Fondateur et Pr\u00e9sident d\u2019Honneur<\/li>\n\n\n\n<li><strong>Dr. Ilan Cohen<\/strong>, Pr\u00e9sident d&rsquo;Honneur<\/li>\n\n\n\n<li><strong>Pascal Grin<\/strong>, Pr\u00e9sident<\/li>\n\n\n\n<li><strong>Yael Elon<\/strong>, Vice Pr\u00e9sidente<\/li>\n\n\n\n<li><strong>Harry Heller<\/strong>, Tr\u00e9sorier<\/li>\n\n\n\n<li><strong>Chen Elkabetz<\/strong>, membre actif<\/li>\n\n\n\n<li><strong>Rav Claude Heymann<\/strong>, membre actif<\/li>\n\n\n\n<li><strong>David Kadouch<\/strong>, membre actif<\/li>\n\n\n\n<li><strong>Sylvie Lipot<\/strong>, membre actif<\/li>\n\n\n\n<li><strong>Merav Soberano<\/strong>, membre actif<\/li>\n\n\n\n<li><strong>Judith Zamir<\/strong>, membre actif<\/li>\n<\/ul>\n\n\n\n<h2 class=\"wp-block-heading has-text-color\" style=\"color:#00ab93\">Comit\u00e9 d&rsquo;Audit<\/h2>\n\n\n\n<ul class=\"wp-block-list\">\n<li><strong>Jonathan Goldberg<\/strong><\/li>\n\n\n\n<li><strong>Dr David Harari<\/strong><\/li>\n\n\n\n<li><strong>Jacques Schilli<\/strong><\/li>\n<\/ul>\n\n\n\n<h2 class=\"wp-block-heading\"><span style=\"color:#b4bd34\" class=\"color\">Comit\u00e9 d&rsquo;Honneur <\/span><\/h2>\n\n\n\n<p>Le Comit\u00e9 d&rsquo;Honneur de Negba est compos\u00e9 de dirigeants communautaires et de personnalit\u00e9s publiques qui soutiennent la mission de Negba.  <\/p>\n\n\n\n<ul class=\"wp-block-list\">\n<li><strong>Dr. Yigal Ben Shalom<\/strong>&nbsp;&#8211; Ancien directeur du Minist\u00e8re du Travail et des Assurances Sociales<\/li>\n\n\n\n<li><strong>Philippe Cr\u00e9ange<\/strong> za\u00a0\u00bbl &#8211; Pr\u00e9sident de l&rsquo;association \u00ab\u00a0Les Cigognes\u00a0\u00bb<\/li>\n\n\n\n<li><strong>Gilles Darmon<\/strong>&nbsp;&#8211; Pr\u00e9sident fondateur de l&rsquo;Association Latet<\/li>\n\n\n\n<li><strong>Professeur Beno Gross <\/strong>za\u00a0\u00bbl&nbsp;&#8211; Philosophe et Doyen honoraire de l\u2019Universit\u00e9 de Bar Ilan<\/li>\n\n\n\n<li><strong>Dr David Harari<\/strong>&nbsp;&#8211; Ing\u00e9nieur, Prix Isra\u00ebl, Prix de la D\u00e9fense d&rsquo;Isra\u00ebl<\/li>\n\n\n\n<li><strong>Rabbi Beni Lau<\/strong>&nbsp;&#8211; Rabbin de la communaut\u00e9 Ramban \u00e0 J\u00e9rusalem<\/li>\n\n\n\n<li><strong>Rabbi Itshak Levy<\/strong>&nbsp;&#8211; Ancien Ministre de l&rsquo;\u00c9ducation<\/li>\n\n\n\n<li><strong>Professeur Michel Revel<\/strong>&nbsp;&#8211; Scientifique, Prix Isra\u00ebl<\/li>\n\n\n\n<li><strong>Professeur Sam Tyano<\/strong>&nbsp;&#8211; Pr\u00e9sident d&rsquo;honneur de l&rsquo;organisation isra\u00e9lienne de p\u00e9dopsychiatrie <\/li>\n<\/ul>\n","protected":false},"excerpt":{"rendered":"<p>Conseil d&rsquo;administration Negba est supervis\u00e9e par un conseil d&rsquo;administration hautement qualifi\u00e9 qui utilise des m\u00e9thodes et standards de fonctionnement issus du monde des affaires pour assurer un fonctionnement de l&rsquo;association transparent, efficace et rapide.Ses membres d\u00e9vou\u00e9s non seulement y consacrent une bonne part de leur temps, en y apportant leurs&hellip; <\/p>\n","protected":false},"author":1,"featured_media":921,"parent":55,"menu_order":3,"comment_status":"closed","ping_status":"closed","template":"","meta":{"footnotes":""},"class_list":["post-129","page","type-page","status-publish","has-post-thumbnail","hentry"],"jetpack_shortlink":"https:\/\/wp.me\/P9TfAG-25","jetpack_sharing_enabled":false,"jetpack_likes_enabled":false,"_links":{"self":[{"href":"https:\/\/negba.org\/negba2018\/wp-json\/wp\/v2\/pages\/129","targetHints":{"allow":["GET"]}}],"collection":[{"href":"https:\/\/negba.org\/negba2018\/wp-json\/wp\/v2\/pages"}],"about":[{"href":"https:\/\/negba.org\/negba2018\/wp-json\/wp\/v2\/types\/page"}],"author":[{"embeddable":true,"href":"https:\/\/negba.org\/negba2018\/wp-json\/wp\/v2\/users\/1"}],"replies":[{"embeddable":true,"href":"https:\/\/negba.org\/negba2018\/wp-json\/wp\/v2\/comments?post=129"}],"version-history":[{"count":25,"href":"https:\/\/negba.org\/negba2018\/wp-json\/wp\/v2\/pages\/129\/revisions"}],"predecessor-version":[{"id":6444,"href":"https:\/\/negba.org\/negba2018\/wp-json\/wp\/v2\/pages\/129\/revisions\/6444"}],"up":[{"embeddable":true,"href":"https:\/\/negba.org\/negba2018\/wp-json\/wp\/v2\/pages\/55"}],"wp:featuredmedia":[{"embeddable":true,"href":"https:\/\/negba.org\/negba2018\/wp-json\/wp\/v2\/media\/921"}],"wp:attachment":[{"href":"https:\/\/negba.org\/negba2018\/wp-json\/wp\/v2\/media?parent=129"}],"curies":[{"name":"wp","href":"https:\/\/api.w.org\/{rel}","templated":true}]}}