{"id":111,"date":"2018-04-23T07:40:27","date_gmt":"2018-04-23T05:40:27","guid":{"rendered":"http:\/\/negba.org\/negba2018\/?page_id=111"},"modified":"2019-05-21T12:00:13","modified_gmt":"2019-05-21T09:00:13","slug":"comment-participer","status":"publish","type":"page","link":"https:\/\/negba.org\/negba2018\/fr\/faire-un-don\/comment-participer\/","title":{"rendered":"De quoi avons nous besoin ?"},"content":{"rendered":"\n<ul class=\"wp-block-list\"><li><strong>Si vous voulez participer de mani\u00e8re ponctuelle<\/strong>, aidez-nous \u00e0&nbsp;\u00e9quiper les Maisons de l\u2019Esp\u00e9rance&nbsp;:<\/li><\/ul>\n\n\n\n<table class=\"wp-block-table\"><tbody><tr><td><strong>Un don d\u2019un montant de&nbsp;:<\/strong><\/td><td><strong>Servira \u00e0&nbsp;:<\/strong><\/td><\/tr><tr><td>\u20ac 50<\/td><td>acheter des fournitures scolaires<\/td><\/tr><tr><td>\u20ac 100<\/td><td>acheter du mobilier (tables, chaises\u2026)<\/td><\/tr><tr><td>\u20ac 1 000<\/td><td>\u00e9quiper un poste informatique<\/td><\/tr><tr><td>\u20ac 5 000<\/td><td>\u00e9quiper une biblioth\u00e8que<\/td><\/tr><tr><td>\u20ac 10 000<\/td><td>\u00e9quiper une cuisine<\/td><\/tr><tr><td>\u20ac 33 000<\/td><td>\u00e9quiper une nouvelle Maison<\/td><\/tr><\/tbody><\/table>\n\n\n\n<ul class=\"wp-block-list\"><li><strong>Vous pouvez aussi choisir de parrainer un ou plusieurs enfants<\/strong>, votre participation permettra \u00e0 Negba d\u2019accro\u00eetre ses capacit\u00e9s d\u2019accueil&nbsp;:<\/li><\/ul>\n\n\n\n<table class=\"wp-block-table\"><tbody><tr><td><strong>Un don d\u2019un montant annuel de<\/strong><\/td><td><strong>Assurera la prise en charge de<\/strong><\/td><\/tr><tr><td>\u20ac 260<\/td><td>1 enfant pendant un mois<\/td><\/tr><tr><td>\u20ac 3 120<\/td><td>1 enfant durant toute l\u2019ann\u00e9e scolaire<\/td><\/tr><tr><td>\u20ac 15 600<\/td><td>5 enfants durant toute l\u2019ann\u00e9e scolaire<\/td><\/tr><tr><td>\u20ac 46 800<\/td><td>15 enfants durant toute l\u2019ann\u00e9e scolaire<\/td><\/tr><\/tbody><\/table>\n\n\n\n<p><strong>La r\u00e9gularit\u00e9&nbsp; de votre contribution servira \u00e0 cr\u00e9er de nouvelles Maisons de l\u2019Esp\u00e9rance pour prendre en charge encore plus d\u2019enfants en p\u00e9ril.<\/strong><\/p>\n\n\n\n<p>Negba assure la&nbsp;<a href=\"https:\/\/negba.org\/negba2018\/fr\/a-propos-de-negba\/transparence\/\">transparence&nbsp;<\/a>de tous ses actes de gestion. Elle met \u00e0 votre disposition :<\/p>\n\n\n\n<ul class=\"wp-block-list\"><li>la publication des rapports d&rsquo;activit\u00e9s, budgets, bilans annuels, situations financi\u00e8res interm\u00e9diaires, analyses des \u00e9carts (pr\u00e9vus\/r\u00e9alis\u00e9s).<\/li><li>une \u00e9valuation et une publication r\u00e9guli\u00e8res des r\u00e9sultats et des progr\u00e8s des enfants.<\/li><li>des certificats permettant les d\u00e9ductions fiscales des dons et subventions, conform\u00e9ment aux r\u00e9glementations fran\u00e7aise, isra\u00e9lienne ou am\u00e9ricaine.<\/li><\/ul>\n","protected":false},"excerpt":{"rendered":"<p>Si vous voulez participer de mani\u00e8re ponctuelle, aidez-nous \u00e0&nbsp;\u00e9quiper les Maisons de l\u2019Esp\u00e9rance&nbsp;: Un don d\u2019un montant de&nbsp;: Servira \u00e0&nbsp;: \u20ac 50 acheter des fournitures scolaires \u20ac 100 acheter du mobilier (tables, chaises\u2026) \u20ac 1 000 \u00e9quiper un poste informatique \u20ac 5 000 \u00e9quiper une biblioth\u00e8que \u20ac 10 000 \u00e9quiper&hellip; <\/p>\n","protected":false},"author":1,"featured_media":0,"parent":104,"menu_order":1,"comment_status":"closed","ping_status":"closed","template":"","meta":{"footnotes":""},"class_list":["post-111","page","type-page","status-publish","hentry"],"jetpack_shortlink":"https:\/\/wp.me\/P9TfAG-1N","jetpack_sharing_enabled":true,"jetpack_likes_enabled":true,"_links":{"self":[{"href":"https:\/\/negba.org\/negba2018\/wp-json\/wp\/v2\/pages\/111","targetHints":{"allow":["GET"]}}],"collection":[{"href":"https:\/\/negba.org\/negba2018\/wp-json\/wp\/v2\/pages"}],"about":[{"href":"https:\/\/negba.org\/negba2018\/wp-json\/wp\/v2\/types\/page"}],"author":[{"embeddable":true,"href":"https:\/\/negba.org\/negba2018\/wp-json\/wp\/v2\/users\/1"}],"replies":[{"embeddable":true,"href":"https:\/\/negba.org\/negba2018\/wp-json\/wp\/v2\/comments?post=111"}],"version-history":[{"count":5,"href":"https:\/\/negba.org\/negba2018\/wp-json\/wp\/v2\/pages\/111\/revisions"}],"predecessor-version":[{"id":2822,"href":"https:\/\/negba.org\/negba2018\/wp-json\/wp\/v2\/pages\/111\/revisions\/2822"}],"up":[{"embeddable":true,"href":"https:\/\/negba.org\/negba2018\/wp-json\/wp\/v2\/pages\/104"}],"wp:attachment":[{"href":"https:\/\/negba.org\/negba2018\/wp-json\/wp\/v2\/media?parent=111"}],"curies":[{"name":"wp","href":"https:\/\/api.w.org\/{rel}","templated":true}]}}