{"id":104,"date":"2018-04-23T07:38:53","date_gmt":"2018-04-23T07:38:53","guid":{"rendered":"http:\/\/negba.org\/negba2018\/?page_id=104"},"modified":"2024-09-24T15:30:36","modified_gmt":"2024-09-24T12:30:36","slug":"faire-un-don","status":"publish","type":"page","link":"https:\/\/negba.org\/negba2018\/fr\/faire-un-don\/","title":{"rendered":"Nous soutenir"},"content":{"rendered":"\n<p>Vous pouvez soutenir notre action depuis <strong><a href=\"https:\/\/negba.org\/negba2018\/fr\/faire-un-don\/dons-en-israel\/\" data-type=\"page\" data-id=\"3600\">Isra\u00ebl<\/a><\/strong>, la <strong><a href=\"https:\/\/negba.org\/negba2018\/fr\/faire-un-don\/dons-en-france\/\" data-type=\"page\" data-id=\"3578\">France<\/a><\/strong>, la <a href=\"https:\/\/negba.org\/negba2018\/fr\/faire-un-don\/dons-en-suisse\/\" data-type=\"page\" data-id=\"5465\"><strong>Suisse<\/strong><\/a>, les <strong><a href=\"https:\/\/negba.org\/negba2018\/fr\/faire-un-don\/dons-aux-etats-unis\/\" data-type=\"page\" data-id=\"3610\">Etats-Unis<\/a><\/strong>, et le <strong><a href=\"https:\/\/negba.org\/negba2018\/fr\/faire-un-don\/dons-au-royaume-uni\/\" data-type=\"page\" data-id=\"3614\">Royaume-Uni<\/a><\/strong>.<\/p>\n\n\n<style type=\"text\/css\">\n#foogallery-gallery-3635 .fg-image { width: 300px; }\n#foogallery-gallery-3635 { --fg-gutter: 10px; }<\/style>\n\t\t\t<div class=\"foogallery foogallery-container foogallery-default foogallery-lightbox-none fg-center fg-default fg-ready fg-light fg-border-thin fg-loading-default fg-loaded-fade-in fg-hover-scale fg-caption-hover fg-hover-fade fg-hover-external fg-light-overlays\" id=\"foogallery-gallery-3635\" data-foogallery=\"{&quot;item&quot;:{&quot;showCaptionTitle&quot;:false,&quot;showCaptionDescription&quot;:true},&quot;lazy&quot;:true}\" style=\"--fg-title-line-clamp: 0; --fg-description-line-clamp: 0;\" >\n\t<div class=\"fg-item fg-type-iframe fg-idle\"><figure class=\"fg-item-inner\"><a href=\"https:\/\/negba.org\/negba2018\/fr\/faire-un-don\/dons-en-france\/\" data-caption-title=\"Nous soutenir depuis la France\" data-caption-desc=\"Nous soutenir depuis la France\" data-attachment-id=\"3627\" data-type=\"iframe\" class=\"fg-thumb\"><span class=\"fg-image-wrap\"><img fetchpriority=\"high\" decoding=\"async\" title=\"Nous soutenir depuis la France\" width=\"300\" height=\"200\" class=\"skip-lazy fg-image\" data-src-fg=\"https:\/\/negba.org\/negba2018\/wp-content\/uploads\/cache\/2020\/12\/Flag_of_France-1\/3392757827.png\" src=\"data:image\/svg+xml,%3Csvg%20xmlns%3D%22http%3A%2F%2Fwww.w3.org%2F2000%2Fsvg%22%20width%3D%22300%22%20height%3D%22200%22%20viewBox%3D%220%200%20300%20200%22%3E%3C%2Fsvg%3E\" loading=\"eager\"><\/span><span class=\"fg-image-overlay\"><\/span><\/a><figcaption class=\"fg-caption\"><div class=\"fg-caption-inner\"><div class=\"fg-caption-desc\">Nous soutenir depuis la France<\/div><\/div><\/figcaption><\/figure><div class=\"fg-loader\"><\/div><\/div><div class=\"fg-item fg-type-iframe fg-idle\"><figure class=\"fg-item-inner\"><a href=\"https:\/\/negba.org\/negba2018\/fr\/faire-un-don\/dons-en-israel\/\" data-caption-title=\"Dons en Isra\u00ebl\" data-caption-desc=\"Dons en Isra\u00ebl\" data-attachment-id=\"3628\" data-type=\"iframe\" class=\"fg-thumb\"><span class=\"fg-image-wrap\"><img decoding=\"async\" title=\"Dons en Isra\u00ebl\" width=\"300\" height=\"200\" class=\"skip-lazy fg-image\" data-src-fg=\"https:\/\/negba.org\/negba2018\/wp-content\/uploads\/cache\/2020\/12\/Flag_of_Israel\/2321234623.png\" src=\"data:image\/svg+xml,%3Csvg%20xmlns%3D%22http%3A%2F%2Fwww.w3.org%2F2000%2Fsvg%22%20width%3D%22300%22%20height%3D%22200%22%20viewBox%3D%220%200%20300%20200%22%3E%3C%2Fsvg%3E\" loading=\"eager\"><\/span><span class=\"fg-image-overlay\"><\/span><\/a><figcaption class=\"fg-caption\"><div class=\"fg-caption-inner\"><div class=\"fg-caption-desc\">Dons en Isra\u00ebl<\/div><\/div><\/figcaption><\/figure><div class=\"fg-loader\"><\/div><\/div><div class=\"fg-item fg-type-iframe fg-idle\"><figure class=\"fg-item-inner\"><a href=\"https:\/\/negba.org\/negba2018\/fr\/faire-un-don\/dons-aux-etats-unis\/\" data-caption-title=\"Dons aux Etats-Unis\" data-caption-desc=\"Dons aux Etats-Unis\" data-attachment-id=\"3630\" data-type=\"iframe\" class=\"fg-thumb\"><span class=\"fg-image-wrap\"><img decoding=\"async\" title=\"Dons aux Etats-Unis\" width=\"300\" height=\"200\" class=\"skip-lazy fg-image\" data-src-fg=\"https:\/\/negba.org\/negba2018\/wp-content\/uploads\/cache\/2020\/12\/Flag_of_the_United_States\/1259128589.png\" src=\"data:image\/svg+xml,%3Csvg%20xmlns%3D%22http%3A%2F%2Fwww.w3.org%2F2000%2Fsvg%22%20width%3D%22300%22%20height%3D%22200%22%20viewBox%3D%220%200%20300%20200%22%3E%3C%2Fsvg%3E\" loading=\"eager\"><\/span><span class=\"fg-image-overlay\"><\/span><\/a><figcaption class=\"fg-caption\"><div class=\"fg-caption-inner\"><div class=\"fg-caption-desc\">Dons aux Etats-Unis<\/div><\/div><\/figcaption><\/figure><div class=\"fg-loader\"><\/div><\/div><div class=\"fg-item fg-type-iframe fg-idle\"><figure class=\"fg-item-inner\"><a href=\"https:\/\/negba.org\/negba2018\/fr\/faire-un-don\/dons-au-royaume-uni\/\" data-caption-title=\"Dons au Royaume Uni\" data-caption-desc=\"Dons au Royaume Uni\" data-attachment-id=\"3629\" data-type=\"iframe\" class=\"fg-thumb\"><span class=\"fg-image-wrap\"><img decoding=\"async\" title=\"Dons au Royaume Uni\" width=\"300\" height=\"200\" class=\"skip-lazy fg-image\" data-src-fg=\"https:\/\/negba.org\/negba2018\/wp-content\/uploads\/cache\/2020\/12\/Flag_of_the_United_Kingdom\/1374063263.png\" src=\"data:image\/svg+xml,%3Csvg%20xmlns%3D%22http%3A%2F%2Fwww.w3.org%2F2000%2Fsvg%22%20width%3D%22300%22%20height%3D%22200%22%20viewBox%3D%220%200%20300%20200%22%3E%3C%2Fsvg%3E\" loading=\"eager\"><\/span><span class=\"fg-image-overlay\"><\/span><\/a><figcaption class=\"fg-caption\"><div class=\"fg-caption-inner\"><div class=\"fg-caption-desc\">Dons au Royaume Uni<\/div><\/div><\/figcaption><\/figure><div class=\"fg-loader\"><\/div><\/div><div class=\"fg-item fg-type-iframe fg-idle\"><figure class=\"fg-item-inner\"><a href=\"https:\/\/negba.org\/negba2018\/fr\/faire-un-don\/dons-en-suisse\/\" data-attachment-id=\"5475\" data-type=\"iframe\" class=\"fg-thumb\"><span class=\"fg-image-wrap\"><img decoding=\"async\" width=\"300\" height=\"200\" class=\"skip-lazy fg-image\" data-src-fg=\"https:\/\/negba.org\/negba2018\/wp-content\/uploads\/cache\/2020\/12\/suisse\/1192417164.png\" src=\"data:image\/svg+xml,%3Csvg%20xmlns%3D%22http%3A%2F%2Fwww.w3.org%2F2000%2Fsvg%22%20width%3D%22300%22%20height%3D%22200%22%20viewBox%3D%220%200%20300%20200%22%3E%3C%2Fsvg%3E\" loading=\"eager\"><\/span><span class=\"fg-image-overlay\"><\/span><\/a><\/figure><div class=\"fg-loader\"><\/div><\/div><\/div>\n\n\n\n<p><\/p>\n\n\n\n<p><strong>N\u2019h\u00e9sitez pas \u00e0 nous contacter pour organiser votre participation au mieux de vos int\u00e9r\u00eats :<\/strong><\/p>\n\n\n\n<ul class=\"wp-block-list\">\n<li><strong>D\u00e9borah Sebban<\/strong>&nbsp;: Tel Isra\u00ebl : 054 807 48 25 &#8211; Tel France : 01 77 47 13 53 &#8211; Mail :&nbsp;<a href=\"mailto:deborah@negba.org\"><strong>deborah@negba.org<\/strong><\/a><\/li>\n<\/ul>\n\n\n\n<figure class=\"wp-block-image size-large\"><img loading=\"lazy\" decoding=\"async\" width=\"1024\" height=\"682\" src=\"https:\/\/negba.org\/negba2018\/wp-content\/uploads\/2023\/10\/WhatsApp-Image-2023-10-12-at-10.09.58_e4919a63-1024x682.jpg\" alt=\"\" class=\"wp-image-5443\" srcset=\"https:\/\/negba.org\/negba2018\/wp-content\/uploads\/2023\/10\/WhatsApp-Image-2023-10-12-at-10.09.58_e4919a63-1024x682.jpg 1024w, https:\/\/negba.org\/negba2018\/wp-content\/uploads\/2023\/10\/WhatsApp-Image-2023-10-12-at-10.09.58_e4919a63-300x200.jpg 300w, https:\/\/negba.org\/negba2018\/wp-content\/uploads\/2023\/10\/WhatsApp-Image-2023-10-12-at-10.09.58_e4919a63-768x512.jpg 768w, https:\/\/negba.org\/negba2018\/wp-content\/uploads\/2023\/10\/WhatsApp-Image-2023-10-12-at-10.09.58_e4919a63-1536x1023.jpg 1536w, https:\/\/negba.org\/negba2018\/wp-content\/uploads\/2023\/10\/WhatsApp-Image-2023-10-12-at-10.09.58_e4919a63.jpg 1600w\" sizes=\"auto, (max-width: 1024px) 100vw, 1024px\" \/><\/figure>\n","protected":false},"excerpt":{"rendered":"<p>Vous pouvez soutenir notre action depuis Isra\u00ebl, la France, la Suisse, les Etats-Unis, et le Royaume-Uni. N\u2019h\u00e9sitez pas \u00e0 nous contacter pour organiser votre participation au mieux de vos int\u00e9r\u00eats :<\/p>\n","protected":false},"author":1,"featured_media":0,"parent":0,"menu_order":7,"comment_status":"closed","ping_status":"closed","template":"","meta":{"footnotes":""},"class_list":["post-104","page","type-page","status-publish","hentry"],"jetpack_shortlink":"https:\/\/wp.me\/P9TfAG-1G","jetpack_sharing_enabled":true,"jetpack_likes_enabled":true,"_links":{"self":[{"href":"https:\/\/negba.org\/negba2018\/wp-json\/wp\/v2\/pages\/104","targetHints":{"allow":["GET"]}}],"collection":[{"href":"https:\/\/negba.org\/negba2018\/wp-json\/wp\/v2\/pages"}],"about":[{"href":"https:\/\/negba.org\/negba2018\/wp-json\/wp\/v2\/types\/page"}],"author":[{"embeddable":true,"href":"https:\/\/negba.org\/negba2018\/wp-json\/wp\/v2\/users\/1"}],"replies":[{"embeddable":true,"href":"https:\/\/negba.org\/negba2018\/wp-json\/wp\/v2\/comments?post=104"}],"version-history":[{"count":91,"href":"https:\/\/negba.org\/negba2018\/wp-json\/wp\/v2\/pages\/104\/revisions"}],"predecessor-version":[{"id":6607,"href":"https:\/\/negba.org\/negba2018\/wp-json\/wp\/v2\/pages\/104\/revisions\/6607"}],"wp:attachment":[{"href":"https:\/\/negba.org\/negba2018\/wp-json\/wp\/v2\/media?parent=104"}],"curies":[{"name":"wp","href":"https:\/\/api.w.org\/{rel}","templated":true}]}}